{"id":17381,"date":"2026-02-26T13:33:05","date_gmt":"2026-02-26T12:33:05","guid":{"rendered":"https:\/\/nova.agraart.pl\/sklep\/makowski-zbigniew-and-the-waves-flowed-above-him-1981\/"},"modified":"2026-05-05T09:58:06","modified_gmt":"2026-05-05T07:58:06","slug":"makowski-zbigniew-and-the-waves-flowed-above-him-1981","status":"publish","type":"product","link":"https:\/\/nova.agraart.pl\/pl_pl\/sklep\/makowski-zbigniew-and-the-waves-flowed-above-him-1981\/","title":{"rendered":"Makowski Zbigniew &#8211; AND THE WAVES FLOWED ABOVE HIM&#8230;, 1981"},"content":{"rendered":"<p>AND THE WAVES FLOWED ABOVE HIM, AND HE DIED (W. B. YEATS), 1981<\/p>\n<p>29,5 x 24 cm (w \u015bwietle passe-partout)<\/p>\n<p>sygn. o\u0142. u do\u0142u: And the waves flowed above him, and he died. W. B. Yeats. Z. M. 1981.<\/p>\n<p>Pochodzenie:<\/p>\n<p>&#8211;\u00a0Kolekcja historyk sztuki Teresy Sowi\u0144skiej,\u00a0 autorki wielu publikacji i wystaw, zawodowo zwi\u0105zanej z warszawsk\u0105 \u201eZach\u0119t\u0105\u201c.<\/p>\n<p>Tytu\u0142owy cytat zosta\u0142 zaczerpni\u0119ty z wiersza Williama Butlera Yeatsa \u015amier\u0107 Cuchulaina. Odnosi si\u0119 do los\u00f3w mitycznego bohatera irlandzkiego Cuchulaina, kt\u00f3ry zgin\u0105\u0142 na brzegu morza, zatopiony przez fale \u2013 zosta\u0142 ukarany w ten spos\u00f3b za przypadkow\u0105 \u015bmier\u0107, kt\u00f3r\u0105 zada\u0142 swemu synowi. W. B. Yeats by\u0142 jednym z protagonist\u00f3w literackiego Odrodzenia Irlandzkiego w latach 80. i 90. XIX w., podejmuj\u0105c w\u0105tki z literatury celtyckiej i ludowej tradycji irlandzkiej.<\/p>\n","protected":false},"excerpt":{"rendered":"<p>collage, tusz pi\u00f3ro, p\u0119dzel, gwasz, papier &#8211; 29.5 x 24 cm<\/p>\n","protected":false},"featured_media":17118,"comment_status":"open","ping_status":"closed","template":"","meta":{"site-sidebar-layout":"default","site-content-layout":"","ast-site-content-layout":"default","site-content-style":"default","site-sidebar-style":"default","ast-global-header-display":"","ast-banner-title-visibility":"","ast-main-header-display":"","ast-hfb-above-header-display":"","ast-hfb-below-header-display":"","ast-hfb-mobile-header-display":"","site-post-title":"","ast-breadcrumbs-content":"","ast-featured-img":"","footer-sml-layout":"","theme-transparent-header-meta":"default","adv-header-id-meta":"","stick-header-meta":"","header-above-stick-meta":"","header-main-stick-meta":"","header-below-stick-meta":"","astra-migrate-meta-layouts":"set","ast-page-background-enabled":"default","ast-page-background-meta":{"desktop":{"background-color":"var(--ast-global-color-5)","background-image":"","background-repeat":"repeat","background-position":"center center","background-size":"auto","background-attachment":"scroll","background-type":"","background-media":"","overlay-type":"","overlay-color":"","overlay-opacity":"","overlay-gradient":""},"tablet":{"background-color":"","background-image":"","background-repeat":"repeat","background-position":"center center","background-size":"auto","background-attachment":"scroll","background-type":"","background-media":"","overlay-type":"","overlay-color":"","overlay-opacity":"","overlay-gradient":""},"mobile":{"background-color":"","background-image":"","background-repeat":"repeat","background-position":"center center","background-size":"auto","background-attachment":"scroll","background-type":"","background-media":"","overlay-type":"","overlay-color":"","overlay-opacity":"","overlay-gradient":""}},"ast-content-background-meta":{"desktop":{"background-color":"var(--ast-global-color-4)","background-image":"","background-repeat":"repeat","background-position":"center center","background-size":"auto","background-attachment":"scroll","background-type":"","background-media":"","overlay-type":"","overlay-color":"","overlay-opacity":"","overlay-gradient":""},"tablet":{"background-color":"var(--ast-global-color-4)","background-image":"","background-repeat":"repeat","background-position":"center center","background-size":"auto","background-attachment":"scroll","background-type":"","background-media":"","overlay-type":"","overlay-color":"","overlay-opacity":"","overlay-gradient":""},"mobile":{"background-color":"var(--ast-global-color-4)","background-image":"","background-repeat":"repeat","background-position":"center center","background-size":"auto","background-attachment":"scroll","background-type":"","background-media":"","overlay-type":"","overlay-color":"","overlay-opacity":"","overlay-gradient":""}}},"product_brand":[],"product_cat":[1339,133],"product_tag":[],"class_list":{"0":"post-17381","1":"product","2":"type-product","3":"status-publish","4":"has-post-thumbnail","6":"product_cat-sztuka","7":"product_cat-sztuka-wspolczesna","8":"product_shipping_class-box","9":"desktop-align-left","10":"tablet-align-left","11":"mobile-align-left","13":"first","14":"instock","15":"shipping-taxable","16":"purchasable","17":"product-type-simple"},"_links":{"self":[{"href":"https:\/\/nova.agraart.pl\/pl_pl\/wp-json\/wp\/v2\/product\/17381","targetHints":{"allow":["GET"]}}],"collection":[{"href":"https:\/\/nova.agraart.pl\/pl_pl\/wp-json\/wp\/v2\/product"}],"about":[{"href":"https:\/\/nova.agraart.pl\/pl_pl\/wp-json\/wp\/v2\/types\/product"}],"replies":[{"embeddable":true,"href":"https:\/\/nova.agraart.pl\/pl_pl\/wp-json\/wp\/v2\/comments?post=17381"}],"wp:featuredmedia":[{"embeddable":true,"href":"https:\/\/nova.agraart.pl\/pl_pl\/wp-json\/wp\/v2\/media\/17118"}],"wp:attachment":[{"href":"https:\/\/nova.agraart.pl\/pl_pl\/wp-json\/wp\/v2\/media?parent=17381"}],"wp:term":[{"taxonomy":"product_brand","embeddable":true,"href":"https:\/\/nova.agraart.pl\/pl_pl\/wp-json\/wp\/v2\/product_brand?post=17381"},{"taxonomy":"product_cat","embeddable":true,"href":"https:\/\/nova.agraart.pl\/pl_pl\/wp-json\/wp\/v2\/product_cat?post=17381"},{"taxonomy":"product_tag","embeddable":true,"href":"https:\/\/nova.agraart.pl\/pl_pl\/wp-json\/wp\/v2\/product_tag?post=17381"}],"curies":[{"name":"wp","href":"https:\/\/api.w.org\/{rel}","templated":true}]}}