{"id":17334,"date":"2026-02-26T13:32:59","date_gmt":"2026-02-26T12:32:59","guid":{"rendered":"https:\/\/nova.agraart.pl\/sklep\/szczeblewski-wiktor-gwizdzacy-chlopiec\/"},"modified":"2026-02-26T15:53:45","modified_gmt":"2026-02-26T14:53:45","slug":"szczeblewski-wiktor-gwizdzacy-chlopiec","status":"publish","type":"product","link":"https:\/\/nova.agraart.pl\/pl_pl\/sklep\/szczeblewski-wiktor-gwizdzacy-chlopiec\/","title":{"rendered":"Szczeblewski Wiktor &#8211; GWI\u017bD\u017b\u0104CY CH\u0141OPIEC"},"content":{"rendered":"<p>br\u0105z odlewany, patynowany, 41,8 x 13 x 13 cm<\/p>\n<p>Na podst. gwarancja br\u0105zu \u2013 okr\u0105g\u0142y stempel L.V. DEPOSE z napisem w otoku: BRONZE GARANTI AU TITRE; poni\u017cej: V. SZCZEBLEWSKI |1889<br \/>\nna spodzie wybity numer: 3784; na podst. tabliczka z tytu\u0142em figury i nazwiskiem artysty: MOUSSE SIFFLEUR | par V. SZCZEBLEWSKI<\/p>\n<p>Do najbardziej lubianych przez kolekcjoner\u00f3w br\u0105z\u00f3w nale\u017cy kompozycja Gwi\u017cd\u017c\u0105cy ch\u0142opiec Wiktora Szczeblewskiego. Podobnie, jak wiele rze\u017ab, kt\u00f3re zyska\u0142y sobie popularno\u015b\u0107, nagrodzona na Salonie figura by\u0142a reprodukowana zar\u00f3wno w XIX w., jak w ci\u0105gu wieku XX. B\u0119d\u0105ca jednym z p\u00f3\u017aniejszych odlew\u00f3w oferowana rze\u017aba, odznacza si\u0119 poziomem warsztatowym.<\/p>\n","protected":false},"excerpt":{"rendered":"<p>br\u0105z patynowany &#8211; 41.8 x 13<\/p>\n","protected":false},"featured_media":16984,"comment_status":"open","ping_status":"closed","template":"","meta":{"site-sidebar-layout":"default","site-content-layout":"","ast-site-content-layout":"default","site-content-style":"default","site-sidebar-style":"default","ast-global-header-display":"","ast-banner-title-visibility":"","ast-main-header-display":"","ast-hfb-above-header-display":"","ast-hfb-below-header-display":"","ast-hfb-mobile-header-display":"","site-post-title":"","ast-breadcrumbs-content":"","ast-featured-img":"","footer-sml-layout":"","theme-transparent-header-meta":"","adv-header-id-meta":"","stick-header-meta":"","header-above-stick-meta":"","header-main-stick-meta":"","header-below-stick-meta":"","astra-migrate-meta-layouts":"default","ast-page-background-enabled":"default","ast-page-background-meta":{"desktop":{"background-color":"var(--ast-global-color-5)","background-image":"","background-repeat":"repeat","background-position":"center center","background-size":"auto","background-attachment":"scroll","background-type":"","background-media":"","overlay-type":"","overlay-color":"","overlay-opacity":"","overlay-gradient":""},"tablet":{"background-color":"","background-image":"","background-repeat":"repeat","background-position":"center center","background-size":"auto","background-attachment":"scroll","background-type":"","background-media":"","overlay-type":"","overlay-color":"","overlay-opacity":"","overlay-gradient":""},"mobile":{"background-color":"","background-image":"","background-repeat":"repeat","background-position":"center center","background-size":"auto","background-attachment":"scroll","background-type":"","background-media":"","overlay-type":"","overlay-color":"","overlay-opacity":"","overlay-gradient":""}},"ast-content-background-meta":{"desktop":{"background-color":"var(--ast-global-color-4)","background-image":"","background-repeat":"repeat","background-position":"center center","background-size":"auto","background-attachment":"scroll","background-type":"","background-media":"","overlay-type":"","overlay-color":"","overlay-opacity":"","overlay-gradient":""},"tablet":{"background-color":"var(--ast-global-color-4)","background-image":"","background-repeat":"repeat","background-position":"center center","background-size":"auto","background-attachment":"scroll","background-type":"","background-media":"","overlay-type":"","overlay-color":"","overlay-opacity":"","overlay-gradient":""},"mobile":{"background-color":"var(--ast-global-color-4)","background-image":"","background-repeat":"repeat","background-position":"center center","background-size":"auto","background-attachment":"scroll","background-type":"","background-media":"","overlay-type":"","overlay-color":"","overlay-opacity":"","overlay-gradient":""}}},"product_brand":[],"product_cat":[1339,1336],"product_tag":[],"class_list":{"0":"post-17334","1":"product","2":"type-product","3":"status-publish","4":"has-post-thumbnail","6":"product_cat-sztuka","7":"product_cat-sztuka-dawna","8":"desktop-align-left","9":"tablet-align-left","10":"mobile-align-left","12":"first","13":"instock","14":"shipping-taxable","15":"purchasable","16":"product-type-simple"},"_links":{"self":[{"href":"https:\/\/nova.agraart.pl\/pl_pl\/wp-json\/wp\/v2\/product\/17334","targetHints":{"allow":["GET"]}}],"collection":[{"href":"https:\/\/nova.agraart.pl\/pl_pl\/wp-json\/wp\/v2\/product"}],"about":[{"href":"https:\/\/nova.agraart.pl\/pl_pl\/wp-json\/wp\/v2\/types\/product"}],"replies":[{"embeddable":true,"href":"https:\/\/nova.agraart.pl\/pl_pl\/wp-json\/wp\/v2\/comments?post=17334"}],"wp:featuredmedia":[{"embeddable":true,"href":"https:\/\/nova.agraart.pl\/pl_pl\/wp-json\/wp\/v2\/media\/16984"}],"wp:attachment":[{"href":"https:\/\/nova.agraart.pl\/pl_pl\/wp-json\/wp\/v2\/media?parent=17334"}],"wp:term":[{"taxonomy":"product_brand","embeddable":true,"href":"https:\/\/nova.agraart.pl\/pl_pl\/wp-json\/wp\/v2\/product_brand?post=17334"},{"taxonomy":"product_cat","embeddable":true,"href":"https:\/\/nova.agraart.pl\/pl_pl\/wp-json\/wp\/v2\/product_cat?post=17334"},{"taxonomy":"product_tag","embeddable":true,"href":"https:\/\/nova.agraart.pl\/pl_pl\/wp-json\/wp\/v2\/product_tag?post=17334"}],"curies":[{"name":"wp","href":"https:\/\/api.w.org\/{rel}","templated":true}]}}