{"id":17268,"date":"2026-02-26T13:32:54","date_gmt":"2026-02-26T12:32:54","guid":{"rendered":"https:\/\/nova.agraart.pl\/sklep\/piotrowski-waclaw-portret-dziewczynki\/"},"modified":"2026-02-26T15:57:36","modified_gmt":"2026-02-26T14:57:36","slug":"piotrowski-waclaw-portret-dziewczynki","status":"publish","type":"product","link":"https:\/\/nova.agraart.pl\/pl_pl\/sklep\/piotrowski-waclaw-portret-dziewczynki\/","title":{"rendered":"Piotrowski Wac\u0142aw &#8211; PORTRET DZIEWCZYNKI"},"content":{"rendered":"<p>sygn. d\u0142ugopisem p.d.: Wac\u0142aw Piotrowski<\/p>\n<p>Proweniencja: obraz pochodzi ze spu\u015bcizny po arty\u015bcie.<\/p>\n<p>W roku 1927 otrzyma\u0142 nagrod\u0119 m. Warszawy, w 1928 zn\u00f3w nagrod\u0119 na wystawie \u201cprzedolimpijskiej\u201d, potem jeszcze w roku 1933 medal srebrny na wystawie w Zach\u0119cie. Wtedy by\u0142 u szczytu powodzenia, krytycy nie szcz\u0119dzili mu pochwa\u0142, zar\u00f3wno konserwatywni jak rzecznicy awangardy. Obrazy jego chwali\u0142 Konrad Winkler a Stefania Zahorska pisa\u0142a w roku 1928: \u201cPiotrowski zadziwi\u0142 powa\u017cnym uj\u0119ciem zagadnie\u0144\u201d. Dawali wyraz swemu uznaniu malarze: Wac\u0142aw Husarski podziwia\u0142 \u201cmediumiczne niejako wyczucie psychiki modela\u201d, a Wiktor Podoski \u201cprzedziwn\u0105 czujno\u015b\u0107 plastyczn\u0105\u201d.<\/p>\n<p>Piotrowski uprawia\u0142 r\u00f3\u017cne techniki malarskie, ale przede wszystkim by\u0142 rysownikiem: t\u0119 zdolno\u015b\u0107 i umiej\u0119tno\u015b\u0107 zachowa\u0142 do ko\u0144ca \u017cycia. By\u0142 dobrym pejza\u017cyst\u0105, ale nad wszystko portrecist\u0105; w wywiadzie sprzed kilku laty powiedzia\u0142 o sobie &#8222;By\u0142em i jestem eksperymentatorem psychologiem&#8221;.<\/p>\n<p>W\u0142adys\u0142aw Tatarkiewicz, Wspomnienie o Wac\u0142awie Piotrowskim, Wac\u0142aw Piotrowski. Wystawa Po\u015bmiertna,\u00a0 ZPAP, Galeria Sztuki MDM, Warszawa 1969.<\/p>\n","protected":false},"excerpt":{"rendered":"<p>akwarela, gwasz, o\u0142\u00f3wek, papier nakl. na tektur\u0119 &#8211; 35.3 x 31.8<\/p>\n","protected":false},"featured_media":16807,"comment_status":"open","ping_status":"closed","template":"","meta":{"site-sidebar-layout":"default","site-content-layout":"","ast-site-content-layout":"default","site-content-style":"default","site-sidebar-style":"default","ast-global-header-display":"","ast-banner-title-visibility":"","ast-main-header-display":"","ast-hfb-above-header-display":"","ast-hfb-below-header-display":"","ast-hfb-mobile-header-display":"","site-post-title":"","ast-breadcrumbs-content":"","ast-featured-img":"","footer-sml-layout":"","theme-transparent-header-meta":"default","adv-header-id-meta":"","stick-header-meta":"","header-above-stick-meta":"","header-main-stick-meta":"","header-below-stick-meta":"","astra-migrate-meta-layouts":"set","ast-page-background-enabled":"default","ast-page-background-meta":{"desktop":{"background-color":"var(--ast-global-color-5)","background-image":"","background-repeat":"repeat","background-position":"center center","background-size":"auto","background-attachment":"scroll","background-type":"","background-media":"","overlay-type":"","overlay-color":"","overlay-opacity":"","overlay-gradient":""},"tablet":{"background-color":"","background-image":"","background-repeat":"repeat","background-position":"center center","background-size":"auto","background-attachment":"scroll","background-type":"","background-media":"","overlay-type":"","overlay-color":"","overlay-opacity":"","overlay-gradient":""},"mobile":{"background-color":"","background-image":"","background-repeat":"repeat","background-position":"center center","background-size":"auto","background-attachment":"scroll","background-type":"","background-media":"","overlay-type":"","overlay-color":"","overlay-opacity":"","overlay-gradient":""}},"ast-content-background-meta":{"desktop":{"background-color":"var(--ast-global-color-4)","background-image":"","background-repeat":"repeat","background-position":"center center","background-size":"auto","background-attachment":"scroll","background-type":"","background-media":"","overlay-type":"","overlay-color":"","overlay-opacity":"","overlay-gradient":""},"tablet":{"background-color":"var(--ast-global-color-4)","background-image":"","background-repeat":"repeat","background-position":"center center","background-size":"auto","background-attachment":"scroll","background-type":"","background-media":"","overlay-type":"","overlay-color":"","overlay-opacity":"","overlay-gradient":""},"mobile":{"background-color":"var(--ast-global-color-4)","background-image":"","background-repeat":"repeat","background-position":"center center","background-size":"auto","background-attachment":"scroll","background-type":"","background-media":"","overlay-type":"","overlay-color":"","overlay-opacity":"","overlay-gradient":""}}},"product_brand":[],"product_cat":[1339,1336],"product_tag":[],"class_list":{"0":"post-17268","1":"product","2":"type-product","3":"status-publish","4":"has-post-thumbnail","6":"product_cat-sztuka","7":"product_cat-sztuka-dawna","8":"desktop-align-left","9":"tablet-align-left","10":"mobile-align-left","12":"first","13":"instock","14":"shipping-taxable","15":"purchasable","16":"product-type-simple"},"_links":{"self":[{"href":"https:\/\/nova.agraart.pl\/pl_pl\/wp-json\/wp\/v2\/product\/17268","targetHints":{"allow":["GET"]}}],"collection":[{"href":"https:\/\/nova.agraart.pl\/pl_pl\/wp-json\/wp\/v2\/product"}],"about":[{"href":"https:\/\/nova.agraart.pl\/pl_pl\/wp-json\/wp\/v2\/types\/product"}],"replies":[{"embeddable":true,"href":"https:\/\/nova.agraart.pl\/pl_pl\/wp-json\/wp\/v2\/comments?post=17268"}],"wp:featuredmedia":[{"embeddable":true,"href":"https:\/\/nova.agraart.pl\/pl_pl\/wp-json\/wp\/v2\/media\/16807"}],"wp:attachment":[{"href":"https:\/\/nova.agraart.pl\/pl_pl\/wp-json\/wp\/v2\/media?parent=17268"}],"wp:term":[{"taxonomy":"product_brand","embeddable":true,"href":"https:\/\/nova.agraart.pl\/pl_pl\/wp-json\/wp\/v2\/product_brand?post=17268"},{"taxonomy":"product_cat","embeddable":true,"href":"https:\/\/nova.agraart.pl\/pl_pl\/wp-json\/wp\/v2\/product_cat?post=17268"},{"taxonomy":"product_tag","embeddable":true,"href":"https:\/\/nova.agraart.pl\/pl_pl\/wp-json\/wp\/v2\/product_tag?post=17268"}],"curies":[{"name":"wp","href":"https:\/\/api.w.org\/{rel}","templated":true}]}}