{"id":17253,"date":"2026-02-26T13:32:52","date_gmt":"2026-02-26T12:32:52","guid":{"rendered":"https:\/\/nova.agraart.pl\/sklep\/padzik-tomasz-21-fotografii-z-cyklu-gruppadzika-1986-87-2007\/"},"modified":"2026-02-27T11:49:32","modified_gmt":"2026-02-27T10:49:32","slug":"padzik-tomasz-21-fotografii-z-cyklu-gruppadzika-1986-87-2007","status":"publish","type":"product","link":"https:\/\/nova.agraart.pl\/pl_pl\/sklep\/padzik-tomasz-21-fotografii-z-cyklu-gruppadzika-1986-87-2007\/","title":{"rendered":"Padzik Tomasz &#8211; 21 fotografii z cyklu GRUPPAdzika, 1986-87\/2007"},"content":{"rendered":"<p>lifetime print, czarno-bia\u0142a lambda na ILFORD halide,<\/p>\n<p>1. BHP<\/p>\n<p>32.5 x 45.5 cm<\/p>\n<p>lifetime print, czarno-bia\u0142a lambda na ILFORD halide,<\/p>\n<p>sygn. na odwr.: &#8222;BHP&#8221; Tomasz Padzik 4\/5,\u00a0l.g. nalepka firmy Jacobs+Schulz z Berlina (wykonawca wydruku), \u015br. stempel wydawcy: DOMINIK | art edition<\/p>\n<p>\u00a0<\/p>\n<p>2. TRZYMAJ\u0104C WYMIAR<\/p>\n<p>45.5 x 32,5 cm<\/p>\n<p>lifetime print, czarno-bia\u0142a lambda na ILFORD halide,<\/p>\n<p>sygn. na odwr.: &#8222;TRZYMAJ\u0104C WYMIAR&#8221; Tomasz Padzik 4\/5,\u00a0l.g. nalepka firmy Jacobs+Schulz z Berlina (wykonawca wydruku), \u015br. stempel wydawcy: DOMINIK | art edition<\/p>\n<p>3. ANIO\u0141, NIE MICHA\u0141<\/p>\n<p>32.5 x 45.5 cm<\/p>\n<p>lifetime print, czarno-bia\u0142a lambda na ILFORD halide,<\/p>\n<p>sygn. na odwr.: &#8222;ANIO\u0141, NIE MICHA\u0141&#8221; Tomasz Padzik 4\/5,\u00a0l.g. nalepka firmy Jacobs+Schulz z Berlina (wykonawca wydruku), \u015br. stempel wydawcy: DOMINIK | art edition<\/p>\n<p>4.DELIKATNIE GRZEJ\u0104 D\u0141ONIE<\/p>\n<p>45.5 x 32,5 cm<\/p>\n<p>lifetime print, czarno-bia\u0142a lambda na ILFORD halide,<\/p>\n<p>sygn. na odwr.: &#8222;DELIKATNIE GRZEJ\u0104 D\u0141ONIE&#8221; Tomasz Padzik 4\/5,\u00a0l.g. nalepka firmy Jacobs+Schulz z Berlina (wykonawca wydruku), \u015br. stempel wydawcy: DOMINIK | art edition<\/p>\n<p>5. OSADZONY<\/p>\n<p>32.5 x 45.5 cm<\/p>\n<p>lifetime print, czarno-bia\u0142a lambda na ILFORD halide,<\/p>\n<p>sygn. na odwr.: &#8222;OSADZONY&#8221; Tomasz Padzik 4\/5,\u00a0l.g. nalepka firmy Jacobs+Schulz z Berlina (wykonawca wydruku), \u015br. stempel wydawcy: DOMINIK | art edition<\/p>\n<p>6. CONSTRUCTION IN PROGRESS<\/p>\n<p>32.5 x 45.5 cm<\/p>\n<p>lifetime print, czarno-bia\u0142a lambda na ILFORD halide,<\/p>\n<p>sygn. na odwr.: &#8222;CONSTRUCTION IN PROGRESS&#8221; Tomasz Padzik 4\/5,\u00a0l.g. nalepka firmy Jacobs+Schulz z Berlina (wykonawca wydruku), \u015br. stempel wydawcy: DOMINIK | art edition<\/p>\n<p>7. CZEKAJ\u0104C NA&#8230;<\/p>\n<p>32.5 x 45.5 cm<\/p>\n<p>lifetime print, czarno-bia\u0142a lambda na ILFORD halide,<\/p>\n<p>sygn. na odwr.: &#8222;CZEKAJ\u0104C NA&#8230;&#8221; Tomasz Padzik 4\/5,\u00a0l.g. nalepka firmy Jacobs+Schulz z Berlina (wykonawca wydruku), \u015br. stempel wydawcy: DOMINIK | art edition<\/p>\n<p>8. SELF-SCULPTURE<\/p>\n<p>32.5 x 45.5 cm<\/p>\n<p>lifetime print, czarno-bia\u0142a lambda na ILFORD halide,<\/p>\n<p>sygn. na odwr.: &#8222;SELF-SCULPTURE&#8221; Tomasz Padzik 4\/5,\u00a0l.g. nalepka firmy Jacobs+Schulz z Berlina (wykonawca wydruku), \u015br. stempel wydawcy: DOMINIK | art edition<\/p>\n<p>9. POLSKI MALARZI<\/p>\n<p>32.5 x 45.5 cm<\/p>\n<p>lifetime print, czarno-bia\u0142a lambda na ILFORD halide,<\/p>\n<p>sygn. na odwr.: &#8222;POLSKI MALARZI&#8221; Tomasz Padzik 4\/5,\u00a0l.g. nalepka firmy Jacobs+Schulz z Berlina (wykonawca wydruku), \u015br. stempel wydawcy: DOMINIK | art edition<\/p>\n<p>10. CZYTALINALINIE<\/p>\n<p>32.5 x 45.5 cm<\/p>\n<p>lifetime print, czarno-bia\u0142a lambda na ILFORD halide,<\/p>\n<p>sygn. na odwr.: &#8222;CZYTALINALINIE&#8221; Tomasz Padzik 4\/5,\u00a0l.g. nalepka firmy Jacobs+Schulz z Berlina (wykonawca wydruku), \u015br. stempel wydawcy: DOMINIK | art edition<\/p>\n<p>11.KRAKARATE<\/p>\n<p>32.5 x 45.5 cm<\/p>\n<p>lifetime print, czarno-bia\u0142a lambda na ILFORD halide,<\/p>\n<p>sygn. na odwr.: &#8222;KRAKARATE&#8221; Tomasz Padzik 4\/5,\u00a0l.g. nalepka firmy Jacobs+Schulz z Berlina (wykonawca wydruku), \u015br. stempel wydawcy: DOMINIK | art edition<\/p>\n<p>12. OKO-R\u0118KA<\/p>\n<p>32.5 x 45.5 cm<\/p>\n<p>lifetime print, czarno-bia\u0142a lambda na ILFORD halide,<\/p>\n<p>sygn. na odwr.: &#8222;OKO-R\u0118KA&#8221; Tomasz Padzik 4\/5,\u00a0l.g. nalepka firmy Jacobs+Schulz z Berlina (wykonawca wydruku), \u015br. stempel wydawcy: DOMINIK | art edition<\/p>\n<p>13. NA WARSTACIE<\/p>\n<p>32.5 x 45.5 cm<\/p>\n<p>lifetime print, czarno-bia\u0142a lambda na ILFORD halide,<\/p>\n<p>sygn. na odwr.: &#8222;NA WARSTACIE&#8221; Tomasz Padzik 4\/5,\u00a0l.g. nalepka firmy Jacobs+Schulz z Berlina (wykonawca wydruku), \u015br. stempel wydawcy: DOMINIK | art edition<\/p>\n<p>14. MOJA KWA MOJA<\/p>\n<p>32.5 x 45.5 cm<\/p>\n<p>lifetime print, czarno-bia\u0142a lambda na ILFORD halide,<\/p>\n<p>sygn. na odwr.: &#8222;MOJA KWA MOJA&#8221; Tomasz Padzik 4\/5,\u00a0l.g. nalepka firmy Jacobs+Schulz z Berlina (wykonawca wydruku), \u015br. stempel wydawcy: DOMINIK | art edition<\/p>\n<p>15. OSTRO\u017bNIE UNOSZ\u0104C PRAWIC\u0118<\/p>\n<p>32.5 x 45.5 cm<\/p>\n<p>lifetime print, czarno-bia\u0142a lambda na ILFORD halide,<\/p>\n<p>sygn. na odwr.: &#8222;OSTRO\u017bNIE UNOSZ\u0104C PRAWIC\u0118&#8221; Tomasz Padzik 4\/5,\u00a0l.g. nalepka firmy Jacobs+Schulz z Berlina (wykonawca wydruku), \u015br. stempel wydawcy: DOMINIK | art edition<\/p>\n<p>16. POWIETRZE STAJE SI\u0118 PRZEJRZYSTE<\/p>\n<p>32.5 x 45.5 cm<\/p>\n<p>lifetime print, czarno-bia\u0142a lambda na ILFORD halide,<\/p>\n<p>sygn. na odwr.: &#8222;POWIETRZE STAJE SI\u0118 PRZEJRZYSTE&#8221; Tomasz Padzik 4\/5,\u00a0l.g. nalepka firmy Jacobs+Schulz z Berlina (wykonawca wydruku), \u015br. stempel wydawcy: DOMINIK | art edition<\/p>\n<p>17. ELEKTRONIK<\/p>\n<p>32.5 x 45.5 cm<\/p>\n<p>lifetime print, czarno-bia\u0142a lambda na ILFORD halide,<\/p>\n<p>sygn. na odwr.: &#8222;ELEKTRONIK&#8221; Tomasz Padzik 4\/5,\u00a0l.g. nalepka firmy Jacobs+Schulz z Berlina (wykonawca wydruku), \u015br. stempel wydawcy: DOMINIK | art edition<\/p>\n<p>18. JAM MALARZ<\/p>\n<p>32.5 x 45.5 cm<\/p>\n<p>lifetime print, czarno-bia\u0142a lambda na ILFORD halide,<\/p>\n<p>sygn. na odwr.: &#8222;JAM MALARZ&#8221; Tomasz Padzik 4\/5,\u00a0l.g. nalepka firmy Jacobs+Schulz z Berlina (wykonawca wydruku), \u015br. stempel wydawcy: DOMINIK | art edition<\/p>\n<p>19. OTWARCIE WYSTAWY MARKA SOBCZYKA<\/p>\n<p>32.5 x 45.5 cm<\/p>\n<p>lifetime print, czarno-bia\u0142a lambda na ILFORD halide,<\/p>\n<p>sygn. na odwr.: &#8222;OTWARCIE WYSTAWY MARKA SOBCZYKA&#8221; Tomasz Padzik 4\/5,\u00a0l.g. nalepka firmy Jacobs+Schulz z Berlina (wykonawca wydruku), \u015br. stempel wydawcy: DOMINIK | art edition<\/p>\n<p>20. MUZA<\/p>\n<p>32.5 x 45.5 cm<\/p>\n<p>lifetime print, czarno-bia\u0142a lambda na ILFORD halide,<\/p>\n<p>sygn. na odwr.: &#8222;MUZA&#8221; Tomasz Padzik 4\/5,\u00a0l.g. nalepka firmy Jacobs+Schulz z Berlina (wykonawca wydruku), \u015br. stempel wydawcy: DOMINIK | art edition<\/p>\n<p>21. ROZW\u00d3J<\/p>\n<p>32.5 x 45.5 cm<\/p>\n<p>lifetime print, czarno-bia\u0142a lambda na ILFORD halide,<\/p>\n<p>sygn. na odwr.: &#8222;ROZW\u00d3J&#8221; Tomasz Padzik 4\/5,\u00a0l.g. nalepka firmy Jacobs+Schulz z Berlina (wykonawca wydruku), \u015br. stempel wydawcy: DOMINIK | art edition<\/p>\n","protected":false},"excerpt":{"rendered":"<p>fotografia czarno-bia\u0142a &#8211; 32.5 x 45.5<\/p>\n","protected":false},"featured_media":16766,"comment_status":"open","ping_status":"closed","template":"","meta":{"site-sidebar-layout":"default","site-content-layout":"","ast-site-content-layout":"default","site-content-style":"default","site-sidebar-style":"default","ast-global-header-display":"","ast-banner-title-visibility":"","ast-main-header-display":"","ast-hfb-above-header-display":"","ast-hfb-below-header-display":"","ast-hfb-mobile-header-display":"","site-post-title":"","ast-breadcrumbs-content":"","ast-featured-img":"","footer-sml-layout":"","theme-transparent-header-meta":"","adv-header-id-meta":"","stick-header-meta":"","header-above-stick-meta":"","header-main-stick-meta":"","header-below-stick-meta":"","astra-migrate-meta-layouts":"default","ast-page-background-enabled":"default","ast-page-background-meta":{"desktop":{"background-color":"var(--ast-global-color-5)","background-image":"","background-repeat":"repeat","background-position":"center center","background-size":"auto","background-attachment":"scroll","background-type":"","background-media":"","overlay-type":"","overlay-color":"","overlay-opacity":"","overlay-gradient":""},"tablet":{"background-color":"","background-image":"","background-repeat":"repeat","background-position":"center center","background-size":"auto","background-attachment":"scroll","background-type":"","background-media":"","overlay-type":"","overlay-color":"","overlay-opacity":"","overlay-gradient":""},"mobile":{"background-color":"","background-image":"","background-repeat":"repeat","background-position":"center center","background-size":"auto","background-attachment":"scroll","background-type":"","background-media":"","overlay-type":"","overlay-color":"","overlay-opacity":"","overlay-gradient":""}},"ast-content-background-meta":{"desktop":{"background-color":"var(--ast-global-color-4)","background-image":"","background-repeat":"repeat","background-position":"center center","background-size":"auto","background-attachment":"scroll","background-type":"","background-media":"","overlay-type":"","overlay-color":"","overlay-opacity":"","overlay-gradient":""},"tablet":{"background-color":"var(--ast-global-color-4)","background-image":"","background-repeat":"repeat","background-position":"center center","background-size":"auto","background-attachment":"scroll","background-type":"","background-media":"","overlay-type":"","overlay-color":"","overlay-opacity":"","overlay-gradient":""},"mobile":{"background-color":"var(--ast-global-color-4)","background-image":"","background-repeat":"repeat","background-position":"center center","background-size":"auto","background-attachment":"scroll","background-type":"","background-media":"","overlay-type":"","overlay-color":"","overlay-opacity":"","overlay-gradient":""}}},"product_brand":[],"product_cat":[1339,133],"product_tag":[],"class_list":{"0":"post-17253","1":"product","2":"type-product","3":"status-publish","4":"has-post-thumbnail","6":"product_cat-sztuka","7":"product_cat-sztuka-wspolczesna","8":"desktop-align-left","9":"tablet-align-left","10":"mobile-align-left","12":"first","13":"instock","14":"shipping-taxable","15":"purchasable","16":"product-type-simple"},"_links":{"self":[{"href":"https:\/\/nova.agraart.pl\/pl_pl\/wp-json\/wp\/v2\/product\/17253","targetHints":{"allow":["GET"]}}],"collection":[{"href":"https:\/\/nova.agraart.pl\/pl_pl\/wp-json\/wp\/v2\/product"}],"about":[{"href":"https:\/\/nova.agraart.pl\/pl_pl\/wp-json\/wp\/v2\/types\/product"}],"replies":[{"embeddable":true,"href":"https:\/\/nova.agraart.pl\/pl_pl\/wp-json\/wp\/v2\/comments?post=17253"}],"wp:featuredmedia":[{"embeddable":true,"href":"https:\/\/nova.agraart.pl\/pl_pl\/wp-json\/wp\/v2\/media\/16766"}],"wp:attachment":[{"href":"https:\/\/nova.agraart.pl\/pl_pl\/wp-json\/wp\/v2\/media?parent=17253"}],"wp:term":[{"taxonomy":"product_brand","embeddable":true,"href":"https:\/\/nova.agraart.pl\/pl_pl\/wp-json\/wp\/v2\/product_brand?post=17253"},{"taxonomy":"product_cat","embeddable":true,"href":"https:\/\/nova.agraart.pl\/pl_pl\/wp-json\/wp\/v2\/product_cat?post=17253"},{"taxonomy":"product_tag","embeddable":true,"href":"https:\/\/nova.agraart.pl\/pl_pl\/wp-json\/wp\/v2\/product_tag?post=17253"}],"curies":[{"name":"wp","href":"https:\/\/api.w.org\/{rel}","templated":true}]}}