{"id":17248,"date":"2026-02-26T13:32:52","date_gmt":"2026-02-26T12:32:52","guid":{"rendered":"https:\/\/nova.agraart.pl\/sklep\/wroblewski-leon-z-cyklu-powstanie-warszawskie\/"},"modified":"2026-02-27T11:49:32","modified_gmt":"2026-02-27T10:49:32","slug":"wroblewski-leon-z-cyklu-powstanie-warszawskie","status":"publish","type":"product","link":"https:\/\/nova.agraart.pl\/pl_pl\/sklep\/wroblewski-leon-z-cyklu-powstanie-warszawskie\/","title":{"rendered":"Wr\u00f3blewski Leon &#8211; Z CYKLU POWSTANIE WARSZAWSKIE"},"content":{"rendered":"<p>1. Zakazane piosenki, 20 x 26,4 cm<\/p>\n<p>sygn. z p\u0142yty p.d.: LEON | WR\u00d3BLEWSKI | 1948<\/p>\n<p>sygn. o\u0142. pod ryc. l.: Cykl: Powstanie Warszawskie &#8222;Zakazane piosenki&#8221;, p.: Leon Wr\u00f3blewski<\/p>\n<p>\u00a0<\/p>\n<p>2. Zdobycie czo\u0142gu, 20,1 x 26,3 cm<\/p>\n<p>sygn. z p\u0142yty p.d.: LEON | WR\u00d3BLEWSKI | 1947<\/p>\n<p>sygn. o\u0142. pod ryc. l.: Cykl: Powstanie Warszawskie &#8222;Zdobycie czo\u0142gu&#8221;, p.: Leon Wr\u00f3blewski<\/p>\n<p>\u00a0<\/p>\n<p>3. Zbombardowani, 26,3 x 20 cm<\/p>\n<p>sygn. z p\u0142yty p.d.: LEON | WR\u00d3BLEWSKI | 1948<\/p>\n<p>sygn. o\u0142. pod ryc. l.: Cykl: Powstanie Warszawskie &#8222;Zbombardowani&#8221;, p.: Leon Wr\u00f3blewski<\/p>\n<p>\u00a0<\/p>\n<p>4. Wyprowadzanie kobiet i dzieci, 26,5 x 20,1 cm<\/p>\n<p>sygn. z p\u0142yty p.d.: LEON | WR\u00d3BLEWSKI | 1947<\/p>\n<p>sygn. o\u0142. pod ryc. l.: Cykl: Powstanie Warszawskie &#8222;Wyprowadzanie kobiet i dzieci z W-wy &#8222;, p.: Leon Wr\u00f3blewski<\/p>\n<p>\u00a0<\/p>\n<p>5. Palenie zw\u0142ok, 26,4 x 20 cm<\/p>\n<p>sygn. z p\u0142yty p.d.: LEON | WR\u00d3BLEWSKI | &#8230; [data nieczyt.]<\/p>\n<p>sygn. o\u0142. pod ryc. l.: Cykl: Powstanie Warszawskie &#8222;Palenie zw\u0142ok pomordowanych &#8222;, p.: Leon Wr\u00f3blewski<\/p>\n<p>\u00a0<\/p>\n<p>6. Patrol sanitarny, 20,1 x 26,3 cm<\/p>\n<p>sygn. z p\u0142yty p.d.: LEON | WR\u00d3BLEWSKI | 1948<\/p>\n<p>sygn. o\u0142. pod ryc. l.: Cykl: Powstanie Warszawskie &#8222;Patrol sanitarny&#8221;, p.: Leon Wr\u00f3blewski<\/p>\n<p>\u00a0<\/p>\n<p>7. \u017bywe os\u0142ony, 26,2 x 20 cm<\/p>\n<p>sygn. z p\u0142yty p.d.: LEON | WR\u00d3BLEWSKI | 1947<\/p>\n<p>sygn. o\u0142. pod ryc. l.: Cykl: Powstanie Warszawskie &#8222;\u017bywe os\u0142ony&#8221;, p.: Leon Wr\u00f3blewski<\/p>\n<p>\u00a0<\/p>\n","protected":false},"excerpt":{"rendered":"<p>litografia barwna, papier &#8211; 20 x 26.3<\/p>\n","protected":false},"featured_media":16755,"comment_status":"open","ping_status":"closed","template":"","meta":{"site-sidebar-layout":"default","site-content-layout":"","ast-site-content-layout":"default","site-content-style":"default","site-sidebar-style":"default","ast-global-header-display":"","ast-banner-title-visibility":"","ast-main-header-display":"","ast-hfb-above-header-display":"","ast-hfb-below-header-display":"","ast-hfb-mobile-header-display":"","site-post-title":"","ast-breadcrumbs-content":"","ast-featured-img":"","footer-sml-layout":"","theme-transparent-header-meta":"","adv-header-id-meta":"","stick-header-meta":"","header-above-stick-meta":"","header-main-stick-meta":"","header-below-stick-meta":"","astra-migrate-meta-layouts":"default","ast-page-background-enabled":"default","ast-page-background-meta":{"desktop":{"background-color":"var(--ast-global-color-5)","background-image":"","background-repeat":"repeat","background-position":"center center","background-size":"auto","background-attachment":"scroll","background-type":"","background-media":"","overlay-type":"","overlay-color":"","overlay-opacity":"","overlay-gradient":""},"tablet":{"background-color":"","background-image":"","background-repeat":"repeat","background-position":"center center","background-size":"auto","background-attachment":"scroll","background-type":"","background-media":"","overlay-type":"","overlay-color":"","overlay-opacity":"","overlay-gradient":""},"mobile":{"background-color":"","background-image":"","background-repeat":"repeat","background-position":"center center","background-size":"auto","background-attachment":"scroll","background-type":"","background-media":"","overlay-type":"","overlay-color":"","overlay-opacity":"","overlay-gradient":""}},"ast-content-background-meta":{"desktop":{"background-color":"var(--ast-global-color-4)","background-image":"","background-repeat":"repeat","background-position":"center center","background-size":"auto","background-attachment":"scroll","background-type":"","background-media":"","overlay-type":"","overlay-color":"","overlay-opacity":"","overlay-gradient":""},"tablet":{"background-color":"var(--ast-global-color-4)","background-image":"","background-repeat":"repeat","background-position":"center center","background-size":"auto","background-attachment":"scroll","background-type":"","background-media":"","overlay-type":"","overlay-color":"","overlay-opacity":"","overlay-gradient":""},"mobile":{"background-color":"var(--ast-global-color-4)","background-image":"","background-repeat":"repeat","background-position":"center center","background-size":"auto","background-attachment":"scroll","background-type":"","background-media":"","overlay-type":"","overlay-color":"","overlay-opacity":"","overlay-gradient":""}}},"product_brand":[],"product_cat":[1339,133],"product_tag":[],"class_list":{"0":"post-17248","1":"product","2":"type-product","3":"status-publish","4":"has-post-thumbnail","6":"product_cat-sztuka","7":"product_cat-sztuka-wspolczesna","8":"desktop-align-left","9":"tablet-align-left","10":"mobile-align-left","12":"first","13":"instock","14":"shipping-taxable","15":"purchasable","16":"product-type-simple"},"_links":{"self":[{"href":"https:\/\/nova.agraart.pl\/pl_pl\/wp-json\/wp\/v2\/product\/17248","targetHints":{"allow":["GET"]}}],"collection":[{"href":"https:\/\/nova.agraart.pl\/pl_pl\/wp-json\/wp\/v2\/product"}],"about":[{"href":"https:\/\/nova.agraart.pl\/pl_pl\/wp-json\/wp\/v2\/types\/product"}],"replies":[{"embeddable":true,"href":"https:\/\/nova.agraart.pl\/pl_pl\/wp-json\/wp\/v2\/comments?post=17248"}],"wp:featuredmedia":[{"embeddable":true,"href":"https:\/\/nova.agraart.pl\/pl_pl\/wp-json\/wp\/v2\/media\/16755"}],"wp:attachment":[{"href":"https:\/\/nova.agraart.pl\/pl_pl\/wp-json\/wp\/v2\/media?parent=17248"}],"wp:term":[{"taxonomy":"product_brand","embeddable":true,"href":"https:\/\/nova.agraart.pl\/pl_pl\/wp-json\/wp\/v2\/product_brand?post=17248"},{"taxonomy":"product_cat","embeddable":true,"href":"https:\/\/nova.agraart.pl\/pl_pl\/wp-json\/wp\/v2\/product_cat?post=17248"},{"taxonomy":"product_tag","embeddable":true,"href":"https:\/\/nova.agraart.pl\/pl_pl\/wp-json\/wp\/v2\/product_tag?post=17248"}],"curies":[{"name":"wp","href":"https:\/\/api.w.org\/{rel}","templated":true}]}}