{"id":16320,"date":"2025-06-24T16:15:28","date_gmt":"2025-06-24T14:15:28","guid":{"rendered":"https:\/\/nova.agraart.pl\/?post_type=product&#038;p=16320"},"modified":"2026-01-07T15:32:28","modified_gmt":"2026-01-07T14:32:28","slug":"zdzislaw-beksinski-inkografia-z-14-87-9","status":"publish","type":"product","link":"https:\/\/nova.agraart.pl\/pl_pl\/sklep\/zdzislaw-beksinski-inkografia-z-14-87-9\/","title":{"rendered":"Zdzis\u0142aw Beksi\u0144ski, Inkografia Z-14-87 \/ 8"},"content":{"rendered":"<p>47,5 x 35,5cm &#8211; inkografia, papier<\/p>\n<p>Inkografia wykonana na podstawie oryginalnego obrazu Zdzis\u0142awa Beksi\u0144skiego:<\/p>\n<p>Z-14, ok.1988<br \/>\nolej, p\u0142yta pil\u015bniowa, 120 x 98 cm<br \/>\nsygn. na odwrocie: Z-14 | BEKSI\u0143SKI<\/p>\n<p>technika: kolorowe tusze na papierze<br \/>\nwymiar w oprawie (za szk\u0142em) : 47,5 x 35,5 cm (zadruk : 32,8 x 27 cm)<br \/>\nedycja limitowana: 10 szt<br \/>\nnr edycji: 8<\/p>\n<p>Napis o\u0142\u00f3wkiem pod rycin\u0105 l.: 8\/10 , \u015br.: podpis Dyrektora MHS w<br \/>\nSanoku, p.: sucha piecz\u0119\u0107 muzealna<\/p>\n<p>Inkografia wykonana przez Wydawnictwo BoSz za zgod\u0105 MHS w Sanoku.<\/p>\n<p>Do ka\u017cdej pracy do\u0142\u0105czony jest certyfikat podpisany przez Dyrektora Muzeum Historycznego w Sanoku oraz Dyrektora Wydawnictwa BoSz.<\/p>\n<hr \/>\n<p><strong>Muzeum Historyczne w Sanoku<\/strong><br \/>\njest wy\u0142\u0105cznym spadkobierc\u0105 oraz dysponentem praw autorskich Zdzis\u0142awa Beksi\u0144skiego.<br \/>\nW swojej kolekcji posiada ok 600 prac Artysty &#8211; rysunk\u00f3w, fotografii, obraz\u00f3w czy prac rze\u017abiarskich z ca\u0142ego okresu \u017cycia Tw\u00f3rcy. Muzeum zorganizowa\u0142o szereg wystaw obraz\u00f3w Beksi\u0144skiego ze swojej kolekcji w r\u00f3\u017cnych miastach w Polsce m.in. w Warszawie, Gda\u0144sku, Tychach, Pabianicach.<\/p>\n<p><strong>Wydawnictwo BoSz<\/strong><\/p>\n<p>Wydawnictwo BoSz jest jedyn\u0105 firm\u0105 w Polsce uprawnion\u0105 do publikacji album\u00f3w po\u015bwi\u0119conych tw\u00f3rczo\u015bci Zdzis\u0142awa Beksi\u0144skiego. Wsp\u00f3\u0142praca z artyst\u0105 rozpocz\u0119\u0142a si\u0119 w po\u0142owie lat 90. XX wieku i zaowocowa\u0142a wydaniem czterech album\u00f3w, kt\u00f3re powsta\u0142y przy bezpo\u015brednim udziale artysty. Po jego \u015bmierci wydawnictwo nieprzerwanie kontynuuje misj\u0119 promowania jego tw\u00f3rczo\u015bci, publikuj\u0105c kolejne ksi\u0105\u017cki i albumy po\u015bwi\u0119cone r\u00f3\u017cnym dziedzinom sztuki uprawianym przez Beksi\u0144skiego. Na przestrzeni 30 lat oficyna wyda\u0142a \u0142\u0105cznie 23 publikacje dedykowane jego malarstwu, fotografii, grafice oraz rysunkom.<\/p>\n<p>Podsumowaniem tej misji jest wydanie ekskluzywnego albumu \u201eBeksi\u0144ski. Obrazy\u201d w wersji luksusowej, kt\u00f3ry na ponad 500 stronach prezentuje 530 najwa\u017cniejsze dzie\u0142a malarskie artysty.<\/p>\n<p>Ponadto jako jedyny producent wydawnictwo BoSz posiada prawa do druku reprodukcji na p\u0142\u00f3tnie, kalendarzy oraz plakat\u00f3w z dzie\u0142ami artysty, dbaj\u0105c tym samym o najwy\u017csz\u0105 jako\u015b\u0107 i najlepsze odwzorowanie orygina\u0142\u00f3w obraz\u00f3w artysty.<\/p>\n","protected":false},"excerpt":{"rendered":"<p>47,5 x 35,5cm &#8211; inkografia, papier<\/p>\n<p>Inkografia wykonana na podstawie oryginalnego obrazu Zdzis\u0142awa Beksi\u0144skiego:<\/p>\n<p>Z-14, ok.1988<br \/>\nolej, p\u0142yta pil\u015bniowa, 120 x 98 cm<br \/>\nsygn. na odwrocie: Z-14 | BEKSI\u0143SKI<\/p>\n<p>technika: kolorowe tusze na papierze<br \/>\nwymiar w oprawie (za szk\u0142em) : 47,5 x 35,5 cm (zadruk : 32,8 x 27 cm)<br \/>\nedycja limitowana: 10 szt<br \/>\nnr edycji: 8<\/p>\n<p>Napis o\u0142\u00f3wkiem pod rycin\u0105 l.: 8\/10 , \u015br.: podpis Dyrektora MHS w<br \/>\nSanoku, p.: sucha piecz\u0119\u0107 muzealna<\/p>\n<p>Inkografia wykonana przez Wydawnictwo BoSz za zgod\u0105 MHS w Sanoku.<\/p>\n<p>Do ka\u017cdej pracy do\u0142\u0105czony jest certyfikat podpisany przez Dyrektora Muzeum Historycznego w Sanoku oraz Dyrektora Wydawnictwa BoSz.<\/p>\n","protected":false},"featured_media":16321,"comment_status":"closed","ping_status":"closed","template":"","meta":{"site-sidebar-layout":"default","site-content-layout":"","ast-site-content-layout":"default","site-content-style":"default","site-sidebar-style":"default","ast-global-header-display":"","ast-banner-title-visibility":"","ast-main-header-display":"","ast-hfb-above-header-display":"","ast-hfb-below-header-display":"","ast-hfb-mobile-header-display":"","site-post-title":"","ast-breadcrumbs-content":"","ast-featured-img":"","footer-sml-layout":"","theme-transparent-header-meta":"default","adv-header-id-meta":"","stick-header-meta":"","header-above-stick-meta":"","header-main-stick-meta":"","header-below-stick-meta":"","astra-migrate-meta-layouts":"set","ast-page-background-enabled":"default","ast-page-background-meta":{"desktop":{"background-color":"var(--ast-global-color-5)","background-image":"","background-repeat":"repeat","background-position":"center center","background-size":"auto","background-attachment":"scroll","background-type":"","background-media":"","overlay-type":"","overlay-color":"","overlay-opacity":"","overlay-gradient":""},"tablet":{"background-color":"","background-image":"","background-repeat":"repeat","background-position":"center center","background-size":"auto","background-attachment":"scroll","background-type":"","background-media":"","overlay-type":"","overlay-color":"","overlay-opacity":"","overlay-gradient":""},"mobile":{"background-color":"","background-image":"","background-repeat":"repeat","background-position":"center center","background-size":"auto","background-attachment":"scroll","background-type":"","background-media":"","overlay-type":"","overlay-color":"","overlay-opacity":"","overlay-gradient":""}},"ast-content-background-meta":{"desktop":{"background-color":"var(--ast-global-color-4)","background-image":"","background-repeat":"repeat","background-position":"center center","background-size":"auto","background-attachment":"scroll","background-type":"","background-media":"","overlay-type":"","overlay-color":"","overlay-opacity":"","overlay-gradient":""},"tablet":{"background-color":"var(--ast-global-color-4)","background-image":"","background-repeat":"repeat","background-position":"center center","background-size":"auto","background-attachment":"scroll","background-type":"","background-media":"","overlay-type":"","overlay-color":"","overlay-opacity":"","overlay-gradient":""},"mobile":{"background-color":"var(--ast-global-color-4)","background-image":"","background-repeat":"repeat","background-position":"center center","background-size":"auto","background-attachment":"scroll","background-type":"","background-media":"","overlay-type":"","overlay-color":"","overlay-opacity":"","overlay-gradient":""}}},"product_brand":[],"product_cat":[1308],"product_tag":[1315],"class_list":{"0":"post-16320","1":"product","2":"type-product","3":"status-publish","4":"has-post-thumbnail","6":"product_cat-beksinski-inkografie-muzealne","7":"product_tag-beksinski","8":"product_shipping_class-small_box_for_small_framed","9":"desktop-align-left","10":"tablet-align-left","11":"mobile-align-left","13":"first","14":"instock","15":"sold-individually","16":"shipping-taxable","17":"purchasable","18":"product-type-simple"},"_links":{"self":[{"href":"https:\/\/nova.agraart.pl\/pl_pl\/wp-json\/wp\/v2\/product\/16320","targetHints":{"allow":["GET"]}}],"collection":[{"href":"https:\/\/nova.agraart.pl\/pl_pl\/wp-json\/wp\/v2\/product"}],"about":[{"href":"https:\/\/nova.agraart.pl\/pl_pl\/wp-json\/wp\/v2\/types\/product"}],"replies":[{"embeddable":true,"href":"https:\/\/nova.agraart.pl\/pl_pl\/wp-json\/wp\/v2\/comments?post=16320"}],"wp:featuredmedia":[{"embeddable":true,"href":"https:\/\/nova.agraart.pl\/pl_pl\/wp-json\/wp\/v2\/media\/16321"}],"wp:attachment":[{"href":"https:\/\/nova.agraart.pl\/pl_pl\/wp-json\/wp\/v2\/media?parent=16320"}],"wp:term":[{"taxonomy":"product_brand","embeddable":true,"href":"https:\/\/nova.agraart.pl\/pl_pl\/wp-json\/wp\/v2\/product_brand?post=16320"},{"taxonomy":"product_cat","embeddable":true,"href":"https:\/\/nova.agraart.pl\/pl_pl\/wp-json\/wp\/v2\/product_cat?post=16320"},{"taxonomy":"product_tag","embeddable":true,"href":"https:\/\/nova.agraart.pl\/pl_pl\/wp-json\/wp\/v2\/product_tag?post=16320"}],"curies":[{"name":"wp","href":"https:\/\/api.w.org\/{rel}","templated":true}]}}