{"id":16239,"date":"2025-05-27T14:44:32","date_gmt":"2025-05-27T12:44:32","guid":{"rendered":"https:\/\/nova.agraart.pl\/?post_type=product&#038;p=16239"},"modified":"2025-05-27T14:45:33","modified_gmt":"2025-05-27T12:45:33","slug":"kobieta-i-mercedes-v-4-50","status":"publish","type":"product","link":"https:\/\/nova.agraart.pl\/pl_pl\/sklep\/kobieta-i-mercedes-v-4-50\/","title":{"rendered":"Kobieta i Mercedes V 4\/50"},"content":{"rendered":"<p>Oznaczenia: lewy d\u00f3\u0142 &#8211; nr edycji, \u015brodek: tytu\u0142, prawy d\u00f3\u0142: oryginalna\u00a0 sygnatura artysty o\u0142\u00f3wkiem<\/p>\n<h6>Gicl\u00e9e Tomasza Kosteckiego s\u0105 drukowane 12 kolorowym atramentem Canon LUCIA PRO na papierze Hahnemule German Etching 310g.<br \/>\nPliki \u017ar\u00f3d\u0142owe maj\u0105 rozdzielczo\u015b\u0107 300 dpi przy wielko\u015bci 1:1 do orygina\u0142u.<\/h6>\n<p>Do ka\u017cdej pracy do\u0142\u0105czany jest certyfikat z podpisem autora oraz oznaczeniem hologramowym.<\/p>\n<p><a href=\"https:\/\/nova.agraart.pl\/index.php\/co-to-jest-giclee\/\" target=\"_blank\" rel=\"noopener\">Co to jest Gicl\u00e9e i edycja<\/a><\/p>\n","protected":false},"excerpt":{"rendered":"<p>Wysokiej jako\u015bci wydruk cyfrowy podpisany przez autora.<\/p>\n<p>wymiar zadruku: 54 x 68\u00a0 cm\u00a0 |\u00a0 wymiar arkusza : 61 x 74 cm<\/p>\n<p>Edycja 50 szt<\/p>\n<p><strong>Egzemplarz 4\/50.<\/strong><\/p>\n","protected":false},"featured_media":14024,"comment_status":"closed","ping_status":"closed","template":"","meta":{"site-sidebar-layout":"default","site-content-layout":"","ast-site-content-layout":"default","site-content-style":"default","site-sidebar-style":"default","ast-global-header-display":"","ast-banner-title-visibility":"","ast-main-header-display":"","ast-hfb-above-header-display":"","ast-hfb-below-header-display":"","ast-hfb-mobile-header-display":"","site-post-title":"","ast-breadcrumbs-content":"","ast-featured-img":"","footer-sml-layout":"","theme-transparent-header-meta":"default","adv-header-id-meta":"","stick-header-meta":"","header-above-stick-meta":"","header-main-stick-meta":"","header-below-stick-meta":"","astra-migrate-meta-layouts":"set","ast-page-background-enabled":"default","ast-page-background-meta":{"desktop":{"background-color":"var(--ast-global-color-5)","background-image":"","background-repeat":"repeat","background-position":"center center","background-size":"auto","background-attachment":"scroll","background-type":"","background-media":"","overlay-type":"","overlay-color":"","overlay-opacity":"","overlay-gradient":""},"tablet":{"background-color":"","background-image":"","background-repeat":"repeat","background-position":"center center","background-size":"auto","background-attachment":"scroll","background-type":"","background-media":"","overlay-type":"","overlay-color":"","overlay-opacity":"","overlay-gradient":""},"mobile":{"background-color":"","background-image":"","background-repeat":"repeat","background-position":"center center","background-size":"auto","background-attachment":"scroll","background-type":"","background-media":"","overlay-type":"","overlay-color":"","overlay-opacity":"","overlay-gradient":""}},"ast-content-background-meta":{"desktop":{"background-color":"var(--ast-global-color-4)","background-image":"","background-repeat":"repeat","background-position":"center center","background-size":"auto","background-attachment":"scroll","background-type":"","background-media":"","overlay-type":"","overlay-color":"","overlay-opacity":"","overlay-gradient":""},"tablet":{"background-color":"var(--ast-global-color-4)","background-image":"","background-repeat":"repeat","background-position":"center center","background-size":"auto","background-attachment":"scroll","background-type":"","background-media":"","overlay-type":"","overlay-color":"","overlay-opacity":"","overlay-gradient":""},"mobile":{"background-color":"var(--ast-global-color-4)","background-image":"","background-repeat":"repeat","background-position":"center center","background-size":"auto","background-attachment":"scroll","background-type":"","background-media":"","overlay-type":"","overlay-color":"","overlay-opacity":"","overlay-gradient":""}}},"product_brand":[],"product_cat":[1326,559],"product_tag":[],"class_list":{"0":"post-16239","1":"product","2":"type-product","3":"status-publish","4":"has-post-thumbnail","6":"product_cat-kobieta-i-mercedes","7":"product_cat-tomasz-kostecki","8":"product_shipping_class-tube","9":"desktop-align-left","10":"tablet-align-left","11":"mobile-align-left","13":"first","14":"instock","15":"shipping-taxable","16":"purchasable","17":"product-type-simple"},"_links":{"self":[{"href":"https:\/\/nova.agraart.pl\/pl_pl\/wp-json\/wp\/v2\/product\/16239","targetHints":{"allow":["GET"]}}],"collection":[{"href":"https:\/\/nova.agraart.pl\/pl_pl\/wp-json\/wp\/v2\/product"}],"about":[{"href":"https:\/\/nova.agraart.pl\/pl_pl\/wp-json\/wp\/v2\/types\/product"}],"replies":[{"embeddable":true,"href":"https:\/\/nova.agraart.pl\/pl_pl\/wp-json\/wp\/v2\/comments?post=16239"}],"wp:featuredmedia":[{"embeddable":true,"href":"https:\/\/nova.agraart.pl\/pl_pl\/wp-json\/wp\/v2\/media\/14024"}],"wp:attachment":[{"href":"https:\/\/nova.agraart.pl\/pl_pl\/wp-json\/wp\/v2\/media?parent=16239"}],"wp:term":[{"taxonomy":"product_brand","embeddable":true,"href":"https:\/\/nova.agraart.pl\/pl_pl\/wp-json\/wp\/v2\/product_brand?post=16239"},{"taxonomy":"product_cat","embeddable":true,"href":"https:\/\/nova.agraart.pl\/pl_pl\/wp-json\/wp\/v2\/product_cat?post=16239"},{"taxonomy":"product_tag","embeddable":true,"href":"https:\/\/nova.agraart.pl\/pl_pl\/wp-json\/wp\/v2\/product_tag?post=16239"}],"curies":[{"name":"wp","href":"https:\/\/api.w.org\/{rel}","templated":true}]}}