{"id":16192,"date":"2025-04-28T17:18:56","date_gmt":"2025-04-28T15:18:56","guid":{"rendered":"https:\/\/nova.agraart.pl\/?post_type=product&#038;p=16192"},"modified":"2025-09-12T11:28:20","modified_gmt":"2025-09-12T09:28:20","slug":"partia-na-rafie-14-100","status":"publish","type":"product","link":"https:\/\/nova.agraart.pl\/pl_pl\/sklep\/partia-na-rafie-14-100\/","title":{"rendered":"Partia na rafie 14\/100"},"content":{"rendered":"<p>Oznaczenia: lewy d\u00f3\u0142 \u2013 nr edycji, \u015brodek: tytu\u0142, prawy d\u00f3\u0142: oryginalna sygnatura artysty o\u0142\u00f3wkiem<\/p>\n<p>Nowa seria oprawionych giclee Jacka Yerki \u2013 \u201eDecorum\u201d \u2013 w nak\u0142adzie 100 szt., numerowane i podpisane przez autora. Ide\u0105 stworzenia tej linii grafik by\u0142o przeznaczenie na wyj\u0105tkowe prezenty.<\/p>\n<p><strong>Gicl\u00e9e Jacka Yerki s\u0105 drukowane 8 kolorowym atramentem HP Vivera na papierze Hahnemule German Etching 310g.<\/strong><br \/>\n<strong>Pliki \u017ar\u00f3d\u0142owe maj\u0105 rozdzielczo\u015b\u0107 300 dpi przy wielko\u015bci 1:1 do orygina\u0142u.<\/strong><\/p>\n<p><a href=\"https:\/\/nova.agraart.pl\/index.php\/co-to-jest-giclee\/\" target=\"_blank\" rel=\"noopener\">Co to jest Gicl\u00e9e i edycja?<\/a><\/p>\n","protected":false},"excerpt":{"rendered":"<p>Wysokiej jako\u015bci wydruk cyfrowy podpisany przez autora.<\/p>\n<p>wymiar zadruku: 21 x 23,8 cm | wymiar obrazu w ramie: 36 x 38 cm<\/p>\n<p>Edycja: 100 sztuk.<\/p>\n<p><strong>Egzemplarz 14\/100<\/strong><strong>.<\/strong><\/p>\n","protected":false},"featured_media":16193,"comment_status":"closed","ping_status":"closed","template":"","meta":{"site-sidebar-layout":"default","site-content-layout":"","ast-site-content-layout":"default","site-content-style":"default","site-sidebar-style":"default","ast-global-header-display":"","ast-banner-title-visibility":"","ast-main-header-display":"","ast-hfb-above-header-display":"","ast-hfb-below-header-display":"","ast-hfb-mobile-header-display":"","site-post-title":"","ast-breadcrumbs-content":"","ast-featured-img":"","footer-sml-layout":"","theme-transparent-header-meta":"default","adv-header-id-meta":"","stick-header-meta":"","header-above-stick-meta":"","header-main-stick-meta":"","header-below-stick-meta":"","astra-migrate-meta-layouts":"set","ast-page-background-enabled":"default","ast-page-background-meta":{"desktop":{"background-color":"var(--ast-global-color-5)","background-image":"","background-repeat":"repeat","background-position":"center center","background-size":"auto","background-attachment":"scroll","background-type":"","background-media":"","overlay-type":"","overlay-color":"","overlay-opacity":"","overlay-gradient":""},"tablet":{"background-color":"","background-image":"","background-repeat":"repeat","background-position":"center center","background-size":"auto","background-attachment":"scroll","background-type":"","background-media":"","overlay-type":"","overlay-color":"","overlay-opacity":"","overlay-gradient":""},"mobile":{"background-color":"","background-image":"","background-repeat":"repeat","background-position":"center center","background-size":"auto","background-attachment":"scroll","background-type":"","background-media":"","overlay-type":"","overlay-color":"","overlay-opacity":"","overlay-gradient":""}},"ast-content-background-meta":{"desktop":{"background-color":"var(--ast-global-color-4)","background-image":"","background-repeat":"repeat","background-position":"center center","background-size":"auto","background-attachment":"scroll","background-type":"","background-media":"","overlay-type":"","overlay-color":"","overlay-opacity":"","overlay-gradient":""},"tablet":{"background-color":"var(--ast-global-color-4)","background-image":"","background-repeat":"repeat","background-position":"center center","background-size":"auto","background-attachment":"scroll","background-type":"","background-media":"","overlay-type":"","overlay-color":"","overlay-opacity":"","overlay-gradient":""},"mobile":{"background-color":"var(--ast-global-color-4)","background-image":"","background-repeat":"repeat","background-position":"center center","background-size":"auto","background-attachment":"scroll","background-type":"","background-media":"","overlay-type":"","overlay-color":"","overlay-opacity":"","overlay-gradient":""}}},"product_brand":[],"product_cat":[34,405],"product_tag":[],"class_list":{"0":"post-16192","1":"product","2":"type-product","3":"status-publish","4":"has-post-thumbnail","6":"product_cat-yerka-jacek-dziela-sztuki","7":"product_cat-giclee-oprawione","8":"product_shipping_class-small_box_for_small_framed","9":"desktop-align-left","10":"tablet-align-left","11":"mobile-align-left","13":"first","14":"instock","15":"shipping-taxable","16":"purchasable","17":"product-type-simple"},"_links":{"self":[{"href":"https:\/\/nova.agraart.pl\/pl_pl\/wp-json\/wp\/v2\/product\/16192","targetHints":{"allow":["GET"]}}],"collection":[{"href":"https:\/\/nova.agraart.pl\/pl_pl\/wp-json\/wp\/v2\/product"}],"about":[{"href":"https:\/\/nova.agraart.pl\/pl_pl\/wp-json\/wp\/v2\/types\/product"}],"replies":[{"embeddable":true,"href":"https:\/\/nova.agraart.pl\/pl_pl\/wp-json\/wp\/v2\/comments?post=16192"}],"wp:featuredmedia":[{"embeddable":true,"href":"https:\/\/nova.agraart.pl\/pl_pl\/wp-json\/wp\/v2\/media\/16193"}],"wp:attachment":[{"href":"https:\/\/nova.agraart.pl\/pl_pl\/wp-json\/wp\/v2\/media?parent=16192"}],"wp:term":[{"taxonomy":"product_brand","embeddable":true,"href":"https:\/\/nova.agraart.pl\/pl_pl\/wp-json\/wp\/v2\/product_brand?post=16192"},{"taxonomy":"product_cat","embeddable":true,"href":"https:\/\/nova.agraart.pl\/pl_pl\/wp-json\/wp\/v2\/product_cat?post=16192"},{"taxonomy":"product_tag","embeddable":true,"href":"https:\/\/nova.agraart.pl\/pl_pl\/wp-json\/wp\/v2\/product_tag?post=16192"}],"curies":[{"name":"wp","href":"https:\/\/api.w.org\/{rel}","templated":true}]}}