{"id":16107,"date":"2025-04-18T11:34:11","date_gmt":"2025-04-18T09:34:11","guid":{"rendered":"https:\/\/nova.agraart.pl\/?post_type=product&#038;p=16107"},"modified":"2026-03-04T10:25:00","modified_gmt":"2026-03-04T09:25:00","slug":"zdzislaw-beksinski-inkografia-an84-10","status":"publish","type":"product","link":"https:\/\/nova.agraart.pl\/pl_pl\/sklep\/zdzislaw-beksinski-inkografia-an84-10\/","title":{"rendered":"Zdzis\u0142aw Beksi\u0144ski, Inkografia AN84 \/7"},"content":{"rendered":"<p>47,5 x 35,5cm &#8211; inkografia, papier<\/p>\n<p>Inkografia wykonana na podstawie oryginalnego obrazu Zdzis\u0142awa Beksi\u0144skiego:<\/p>\n<p>AN, ok. 1984<br \/>\nolej, p\u0142yta pil\u015bniowa, 87 x 73 cm<br \/>\nsygn. na odwrocie: AN | BEKSI\u0143SKI<\/p>\n<p>technika: kolorowe tusze na papierze<br \/>\nwymiar w oprawie (za szk\u0142em) : 47,5 x 35,5 cm (zadruk : 32,8 x 27 cm)<br \/>\nedycja limitowana: 10 szt<br \/>\nnr edycji: 7<\/p>\n<p>Napis o\u0142\u00f3wkiem pod rycin\u0105 l.: 7\/10 , \u015br.: podpis Dyrektora MHS w Sanoku, p.: sucha piecz\u0119\u0107 muzealna<\/p>\n<p>Inkografia wykonana przez Wydawnictwo BoSz za zgod\u0105 MHS w Sanoku.<\/p>\n<p>Do ka\u017cdej pracy do\u0142\u0105czony jest certyfikat podpisany przez Dyrektora Muzeum Historycznego w Sanoku oraz Dyrektora Wydawnictwa BoSz.<\/p>\n<hr \/>\n<p><strong>Muzeum Historyczne w Sanoku<\/strong><br \/>\njest wy\u0142\u0105cznym spadkobierc\u0105 oraz dysponentem praw autorskich Zdzis\u0142awa Beksi\u0144skiego.<br \/>\nW swojej kolekcji posiada ok 600 prac Artysty &#8211; rysunk\u00f3w, fotografii, obraz\u00f3w czy prac rze\u017abiarskich z ca\u0142ego okresu \u017cycia Tw\u00f3rcy. Muzeum zorganizowa\u0142o szereg wystaw obraz\u00f3w Beksi\u0144skiego ze swojej kolekcji w r\u00f3\u017cnych miastach w Polsce m.in. w Warszawie, Gda\u0144sku, Tychach, Pabianicach.<\/p>\n<p><strong>Wydawnictwo BOSZ<\/strong><\/p>\n<p>Wydawnictwo BoSz jest jedyn\u0105 firm\u0105 w Polsce uprawnion\u0105 do publikacji album\u00f3w po\u015bwi\u0119conych tw\u00f3rczo\u015bci Zdzis\u0142awa Beksi\u0144skiego. Wsp\u00f3\u0142praca z artyst\u0105 rozpocz\u0119\u0142a si\u0119 w po\u0142owie lat 90. XX wieku i zaowocowa\u0142a wydaniem czterech album\u00f3w, kt\u00f3re powsta\u0142y przy bezpo\u015brednim udziale artysty. Po jego \u015bmierci wydawnictwo nieprzerwanie kontynuuje misj\u0119 promowania jego tw\u00f3rczo\u015bci, publikuj\u0105c kolejne ksi\u0105\u017cki i albumy po\u015bwi\u0119cone r\u00f3\u017cnym dziedzinom sztuki uprawianym przez Beksi\u0144skiego. Na przestrzeni 30 lat oficyna wyda\u0142a \u0142\u0105cznie 23 publikacje dedykowane jego malarstwu, fotografii, grafice oraz rysunkom.<\/p>\n<p>Podsumowaniem tej misji jest wydanie ekskluzywnego albumu \u201eBeksi\u0144ski. Obrazy\u201d w wersji luksusowej, kt\u00f3ry na ponad 500 stronach prezentuje 530 najwa\u017cniejsze dzie\u0142a malarskie artysty.<\/p>\n<p>Ponadto jako jedyny producent wydawnictwo BoSz posiada prawa do druku reprodukcji na p\u0142\u00f3tnie, kalendarzy oraz plakat\u00f3w z dzie\u0142ami artysty, dbaj\u0105c tym samym o najwy\u017csz\u0105 jako\u015b\u0107 i najlepsze odwzorowanie orygina\u0142\u00f3w obraz\u00f3w artysty.<\/p>\n<p>&nbsp;<\/p>\n<p><strong>Zdzis\u0142aw Beksi\u0144ski (Sanok 24 II 1929 &#8211; Warszawa 21 II 2005)<\/strong><\/p>\n<p>studiowa\u0142 w latach 1947-1952 na Wydziale Architektury Politechniki Krakowskiej. By\u0142 artyst\u0105 samoukiem, kt\u00f3ry osi\u0105gn\u0105\u0142 niekwestionowan\u0105 pozycj\u0119 w polskiej sztuce wsp\u00f3\u0142czesnej, potwierdzon\u0105 obecno\u015bci\u0105 jego prac na presti\u017cowych wystawach i w kolekcjach muzealnych. Pocz\u0105tkowo zajmowa\u0142 si\u0119 fotografi\u0105, kt\u00f3r\u0105 interesowa\u0142 si\u0119 od lat studenckich, po 1956 zyskuj\u0105c uznanie jako tw\u00f3rca fotogram\u00f3w o estetyce opartej o efekty fakturowe.<\/p>\n<p>W latach 1958-1962 tworzy\u0142 abstrakcyjne obrazy-reliefy o bogatej fakturze, g\u0142\u00f3wnie metalowe, b\u0119d\u0105ce odmian\u0105 malarstwa materii. Pod koniec tego okresu powstawa\u0142y a\u017curowe formy o kszta\u0142tach figur i pe\u0142noplastyczne rze\u017aby w metalu. Kolejnym etapem jego tw\u00f3rczo\u015bci by\u0142y lata 1962-1974, kiedy po\u015bwi\u0119ca\u0142 si\u0119 g\u0142\u00f3wnie rysunkowi. W latach 60. rysowa\u0142 pi\u00f3rkiem i tuszem figuralne kompozycje odznaczaj\u0105ce si\u0119 karykaturaln\u0105 deformacj\u0105 postaci. Od ko\u0144ca lat 60. tworzy\u0142 rysunki w\u0119glem i kredkami, b\u0119d\u0105ce monochromatyczn\u0105 odmian\u0105 jego r\u00f3wnoleg\u0142ej tw\u00f3rczo\u015bci malarskiej.<\/p>\n<p>Na pocz\u0105tku lat 60-tych Zdzis\u0142aw Beksi\u0144ski czyni\u0142 pr\u00f3by literackie, bardzo zreszt\u0105 ciekawe. Zosta\u0142y one wydane przez Wydawnictwo BOSZ w ksi\u0105\u017cce &#8222;Opowiadania&#8221; i oceniane s\u0105 bardzo wysoko,m.in. przez profesora Bralczyka.<\/p>\n<p>Od 1974 zajmowa\u0142 si\u0119 niemal niepodzielnie malarstwem. Jego charakterystyczny styl bazowa\u0142 na perfekcji technicznej, kt\u00f3rej towarzyszy\u0142a niezwyk\u0142o\u015b\u0107 wizji. Malowa\u0142 \u015bwiat po katastrofie, naznaczony pi\u0119tnem \u015bmierci i rozpadu. Jego obrazy zaludniaj\u0105 postaci i stwory o ludzkich wprawdzie b\u0105d\u017a zwierz\u0119cych kszta\u0142tach, lecz o cechach fantom\u00f3w, automat\u00f3w lub rozpadaj\u0105cych si\u0119 truche\u0142. Artysta nie nadawa\u0142 swym obrazom i rysunkom tytu\u0142\u00f3w (poza porz\u0105dkuj\u0105cymi symbolami), akcentuj\u0105c w ten spos\u00f3b sw\u00f3j brak zainteresowania dla literackiej strony przedstawie\u0144. Sam m\u00f3wi\u0142, \u017ce maluj\u0105c ca\u0142kowicie poddaje si\u0119 wizji, \u201efotografuje\u201c j\u0105. W ostatnich latach w\u0142\u0105czy\u0142 do swego warsztatu artystycznego elektroniczne techniki generowania obrazu, kt\u00f3re wykorzystywa\u0142 do tworzenia komputerowych fotomonta\u017cy. Sztuka Beksi\u0144skiego, wielokrotnie wystawiana i omawiana, budzi skrajne emocje w\u015br\u00f3d znawc\u00f3w i publiczno\u015bci.<\/p>\n<p>Najwi\u0119ksza, systematycznie uzupe\u0142niana kolekcja jego prac w kraju znajduje si\u0119 w Muzeum Historycznym w Sanoku, za granic\u0105 &#8211; w Pary\u017cu, w posiadaniu Piotra Dmochowskiego, kt\u00f3ry od 1983 kolekcjonuje prace i promuje tw\u00f3rczo\u015b\u0107 artysty.<\/p>\n<p>Zorganizowa\u0142 on wystawy indywidualne Beksi\u0144skiego m.in. w Galerie Valmay w Pary\u017cu w 1985, 1986 i 1988 oraz sta\u0142\u0105 ekspozycj\u0119 we w\u0142asnej Galerie Dmochowski &#8211; Mus\u00e9e-galerie de Beksi\u0144ski, istniej\u0105cej w latach 1989-1996. Jego te\u017c nak\u0142adem ukaza\u0142y si\u0119 monumentalne albumy artysty w 1988 i 1991.<\/p>\n<p>Od pa\u017adziernika 2016 w Nowohuckim Centrum Kultury w Krakowie na sta\u0142e zago\u015bci\u0142a wystawa 250 prac (obraz\u00f3w, rysunk\u00f3w, fotografii) Zdzis\u0142awa Beksi\u0144skiego z prywatnej kolekcji Anny i Piotra Dmochowskich. Natomiast od czerwca 2021 sta\u0142a wystawa 30 obraz\u00f3w Beksi\u0144skiego z kolekcji Dmochowskich prezentowana jest r\u00f3wnie\u017c w Muzeum Archidiecezji w Warszawie.<\/p>\n<p>W latach 2020-2024 Muzeum Historyczne w Sanoku zorganizowa\u0142o szereg wystaw obraz\u00f3w Beksi\u0144skiego ze swojej kolekcji w r\u00f3\u017cnych miastach w Polsce (Tychy, \u0141\u00f3d\u017a, Warszawa, Gda\u0144sk) cz\u0119sto po\u0142\u0105czonych z multimedialnymi pokazami dla publiczno\u015bci.<\/p>\n<p>MHS jest wy\u0142\u0105cznym spadkobierc\u0105 i dysponentem praw autorskich do tw\u00f3rczo\u015bci Zdzis\u0142awa Beksi\u0144skiego.<\/p>\n","protected":false},"excerpt":{"rendered":"<p>47,5 x 35,5cm &#8211; inkografia, papier<\/p>\n<p>Inkografia wykonana na podstawie oryginalnego obrazu Zdzis\u0142awa Beksi\u0144skiego:<\/p>\n<p>AN, ok. 1984<br \/>\nolej, p\u0142yta pil\u015bniowa, 87 x 73 cm<br \/>\nsygn. na odwrocie: AN | BEKSI\u0143SKI<\/p>\n<p>technika: kolorowe tusze na papierze<br \/>\nwymiar w oprawie (za szk\u0142em) : 47,5 x 35,5 cm (zadruk : 32,8 x 27 cm)<br \/>\nedycja limitowana: 10 szt<br \/>\nnr edycji: 7<\/p>\n<p>Napis o\u0142\u00f3wkiem pod rycin\u0105 l.: 7\/10 , \u015br.: podpis Dyrektora MHS w Sanoku, p.: sucha piecz\u0119\u0107 muzealna<\/p>\n<p>Inkografia wykonana przez Wydawnictwo BoSz za zgod\u0105 MHS w Sanoku.<\/p>\n<p>Do ka\u017cdej pracy do\u0142\u0105czony jest certyfikat podpisany przez Dyrektora Muzeum Historycznego w Sanoku oraz Dyrektora Wydawnictwa BoSz.<\/p>\n","protected":false},"featured_media":16144,"comment_status":"closed","ping_status":"closed","template":"","meta":{"site-sidebar-layout":"default","site-content-layout":"","ast-site-content-layout":"default","site-content-style":"default","site-sidebar-style":"default","ast-global-header-display":"","ast-banner-title-visibility":"","ast-main-header-display":"","ast-hfb-above-header-display":"","ast-hfb-below-header-display":"","ast-hfb-mobile-header-display":"","site-post-title":"","ast-breadcrumbs-content":"","ast-featured-img":"","footer-sml-layout":"","theme-transparent-header-meta":"default","adv-header-id-meta":"","stick-header-meta":"","header-above-stick-meta":"","header-main-stick-meta":"","header-below-stick-meta":"","astra-migrate-meta-layouts":"set","ast-page-background-enabled":"default","ast-page-background-meta":{"desktop":{"background-color":"var(--ast-global-color-5)","background-image":"","background-repeat":"repeat","background-position":"center center","background-size":"auto","background-attachment":"scroll","background-type":"","background-media":"","overlay-type":"","overlay-color":"","overlay-opacity":"","overlay-gradient":""},"tablet":{"background-color":"","background-image":"","background-repeat":"repeat","background-position":"center center","background-size":"auto","background-attachment":"scroll","background-type":"","background-media":"","overlay-type":"","overlay-color":"","overlay-opacity":"","overlay-gradient":""},"mobile":{"background-color":"","background-image":"","background-repeat":"repeat","background-position":"center center","background-size":"auto","background-attachment":"scroll","background-type":"","background-media":"","overlay-type":"","overlay-color":"","overlay-opacity":"","overlay-gradient":""}},"ast-content-background-meta":{"desktop":{"background-color":"var(--ast-global-color-4)","background-image":"","background-repeat":"repeat","background-position":"center center","background-size":"auto","background-attachment":"scroll","background-type":"","background-media":"","overlay-type":"","overlay-color":"","overlay-opacity":"","overlay-gradient":""},"tablet":{"background-color":"var(--ast-global-color-4)","background-image":"","background-repeat":"repeat","background-position":"center center","background-size":"auto","background-attachment":"scroll","background-type":"","background-media":"","overlay-type":"","overlay-color":"","overlay-opacity":"","overlay-gradient":""},"mobile":{"background-color":"var(--ast-global-color-4)","background-image":"","background-repeat":"repeat","background-position":"center center","background-size":"auto","background-attachment":"scroll","background-type":"","background-media":"","overlay-type":"","overlay-color":"","overlay-opacity":"","overlay-gradient":""}}},"product_brand":[],"product_cat":[1308],"product_tag":[1315],"class_list":{"0":"post-16107","1":"product","2":"type-product","3":"status-publish","4":"has-post-thumbnail","6":"product_cat-beksinski-inkografie-muzealne","7":"product_tag-beksinski","8":"product_shipping_class-small_box_for_small_framed","9":"desktop-align-left","10":"tablet-align-left","11":"mobile-align-left","13":"first","14":"instock","15":"sold-individually","16":"shipping-taxable","17":"purchasable","18":"product-type-simple"},"_links":{"self":[{"href":"https:\/\/nova.agraart.pl\/pl_pl\/wp-json\/wp\/v2\/product\/16107","targetHints":{"allow":["GET"]}}],"collection":[{"href":"https:\/\/nova.agraart.pl\/pl_pl\/wp-json\/wp\/v2\/product"}],"about":[{"href":"https:\/\/nova.agraart.pl\/pl_pl\/wp-json\/wp\/v2\/types\/product"}],"replies":[{"embeddable":true,"href":"https:\/\/nova.agraart.pl\/pl_pl\/wp-json\/wp\/v2\/comments?post=16107"}],"wp:featuredmedia":[{"embeddable":true,"href":"https:\/\/nova.agraart.pl\/pl_pl\/wp-json\/wp\/v2\/media\/16144"}],"wp:attachment":[{"href":"https:\/\/nova.agraart.pl\/pl_pl\/wp-json\/wp\/v2\/media?parent=16107"}],"wp:term":[{"taxonomy":"product_brand","embeddable":true,"href":"https:\/\/nova.agraart.pl\/pl_pl\/wp-json\/wp\/v2\/product_brand?post=16107"},{"taxonomy":"product_cat","embeddable":true,"href":"https:\/\/nova.agraart.pl\/pl_pl\/wp-json\/wp\/v2\/product_cat?post=16107"},{"taxonomy":"product_tag","embeddable":true,"href":"https:\/\/nova.agraart.pl\/pl_pl\/wp-json\/wp\/v2\/product_tag?post=16107"}],"curies":[{"name":"wp","href":"https:\/\/api.w.org\/{rel}","templated":true}]}}