{"id":13765,"date":"2021-12-10T16:15:02","date_gmt":"2021-12-10T15:15:02","guid":{"rendered":"https:\/\/nova.agraart.pl\/?post_type=product&#038;p=13765"},"modified":"2025-05-05T15:49:23","modified_gmt":"2025-05-05T13:49:23","slug":"wigilia-wedlug-karpia-2-50","status":"publish","type":"product","link":"https:\/\/nova.agraart.pl\/pl_pl\/sklep\/wigilia-wedlug-karpia-2-50\/","title":{"rendered":"Wigilia wed\u0142ug karpia 6\/50"},"content":{"rendered":"<p>Oznaczenia: lewy d\u00f3\u0142 &#8211; nr edycji, \u015brodek: tytu\u0142, prawy d\u00f3\u0142: oryginalna sygnatura artysty o\u0142\u00f3wkiem<\/p>\n<h6>Gicl\u00e9e Jacka Yerki s\u0105 drukowane 8 kolorowym atramentem HP Vivera na papierze Hahnemule German Etching 310g.<br \/>\nPliki \u017ar\u00f3d\u0142owe maj\u0105 rozdzielczo\u015b\u0107 300 dpi przy wielko\u015bci 1:1 do orygina\u0142u.<\/h6>\n<p>Do ka\u017cdej pracy do\u0142\u0105czany jest certyfikat z podpisem autora oraz oznaczeniem hologramowym.<\/p>\n<p><a href=\"https:\/\/nova.agraart.pl\/informacje-o-giclee\/\" target=\"_blank\" rel=\"noopener\">Co to jest gicl\u00e9e i edycja?<\/a><\/p>\n<p>&nbsp;<\/p>\n","protected":false},"excerpt":{"rendered":"<p>Wysokiej jako\u015bci wydruk cyfrowy podpisany przez autora.<\/p>\n<p>wymiar zadruku: 54 x 63 cm | wymiar arkusza: 53,5 x 62,5 cm<\/p>\n<p>Edycja 50 szt<\/p>\n<p><strong>Egzemplarz 6\/50.<\/strong><\/p>\n<p>Praca bez oprawy.<\/p>\n<p>&nbsp;<\/p>\n","protected":false},"featured_media":13766,"comment_status":"open","ping_status":"closed","template":"","meta":{"site-sidebar-layout":"default","site-content-layout":"","ast-site-content-layout":"default","site-content-style":"default","site-sidebar-style":"default","ast-global-header-display":"","ast-banner-title-visibility":"","ast-main-header-display":"","ast-hfb-above-header-display":"","ast-hfb-below-header-display":"","ast-hfb-mobile-header-display":"","site-post-title":"","ast-breadcrumbs-content":"","ast-featured-img":"","footer-sml-layout":"","theme-transparent-header-meta":"default","adv-header-id-meta":"","stick-header-meta":"","header-above-stick-meta":"","header-main-stick-meta":"","header-below-stick-meta":"","astra-migrate-meta-layouts":"set","ast-page-background-enabled":"default","ast-page-background-meta":{"desktop":{"background-color":"var(--ast-global-color-5)","background-image":"","background-repeat":"repeat","background-position":"center center","background-size":"auto","background-attachment":"scroll","background-type":"","background-media":"","overlay-type":"","overlay-color":"","overlay-opacity":"","overlay-gradient":""},"tablet":{"background-color":"","background-image":"","background-repeat":"repeat","background-position":"center center","background-size":"auto","background-attachment":"scroll","background-type":"","background-media":"","overlay-type":"","overlay-color":"","overlay-opacity":"","overlay-gradient":""},"mobile":{"background-color":"","background-image":"","background-repeat":"repeat","background-position":"center center","background-size":"auto","background-attachment":"scroll","background-type":"","background-media":"","overlay-type":"","overlay-color":"","overlay-opacity":"","overlay-gradient":""}},"ast-content-background-meta":{"desktop":{"background-color":"var(--ast-global-color-4)","background-image":"","background-repeat":"repeat","background-position":"center center","background-size":"auto","background-attachment":"scroll","background-type":"","background-media":"","overlay-type":"","overlay-color":"","overlay-opacity":"","overlay-gradient":""},"tablet":{"background-color":"var(--ast-global-color-4)","background-image":"","background-repeat":"repeat","background-position":"center center","background-size":"auto","background-attachment":"scroll","background-type":"","background-media":"","overlay-type":"","overlay-color":"","overlay-opacity":"","overlay-gradient":""},"mobile":{"background-color":"var(--ast-global-color-4)","background-image":"","background-repeat":"repeat","background-position":"center center","background-size":"auto","background-attachment":"scroll","background-type":"","background-media":"","overlay-type":"","overlay-color":"","overlay-opacity":"","overlay-gradient":""}}},"product_brand":[],"product_cat":[34,527],"product_tag":[280,283,286],"class_list":{"0":"post-13765","1":"product","2":"type-product","3":"status-publish","4":"has-post-thumbnail","6":"product_cat-yerka-jacek-dziela-sztuki","7":"product_cat-wigilia-wedlug-karpia","8":"product_tag-giclee","9":"product_tag-grafiki","10":"product_tag-yerka","11":"product_shipping_class-tube","12":"desktop-align-left","13":"tablet-align-left","14":"mobile-align-left","16":"first","17":"instock","18":"shipping-taxable","19":"purchasable","20":"product-type-simple"},"_links":{"self":[{"href":"https:\/\/nova.agraart.pl\/pl_pl\/wp-json\/wp\/v2\/product\/13765","targetHints":{"allow":["GET"]}}],"collection":[{"href":"https:\/\/nova.agraart.pl\/pl_pl\/wp-json\/wp\/v2\/product"}],"about":[{"href":"https:\/\/nova.agraart.pl\/pl_pl\/wp-json\/wp\/v2\/types\/product"}],"replies":[{"embeddable":true,"href":"https:\/\/nova.agraart.pl\/pl_pl\/wp-json\/wp\/v2\/comments?post=13765"}],"wp:featuredmedia":[{"embeddable":true,"href":"https:\/\/nova.agraart.pl\/pl_pl\/wp-json\/wp\/v2\/media\/13766"}],"wp:attachment":[{"href":"https:\/\/nova.agraart.pl\/pl_pl\/wp-json\/wp\/v2\/media?parent=13765"}],"wp:term":[{"taxonomy":"product_brand","embeddable":true,"href":"https:\/\/nova.agraart.pl\/pl_pl\/wp-json\/wp\/v2\/product_brand?post=13765"},{"taxonomy":"product_cat","embeddable":true,"href":"https:\/\/nova.agraart.pl\/pl_pl\/wp-json\/wp\/v2\/product_cat?post=13765"},{"taxonomy":"product_tag","embeddable":true,"href":"https:\/\/nova.agraart.pl\/pl_pl\/wp-json\/wp\/v2\/product_tag?post=13765"}],"curies":[{"name":"wp","href":"https:\/\/api.w.org\/{rel}","templated":true}]}}