{"id":12793,"date":"2021-07-19T14:32:17","date_gmt":"2021-07-19T12:32:17","guid":{"rendered":"https:\/\/nova.agraart.pl\/?post_type=product&#038;p=12793"},"modified":"2026-04-11T17:26:26","modified_gmt":"2026-04-11T15:26:26","slug":"album-kolekcja-japonska-beksinski-i-inni","status":"publish","type":"product","link":"https:\/\/nova.agraart.pl\/pl_pl\/sklep\/album-kolekcja-japonska-beksinski-i-inni\/","title":{"rendered":"Album \u201eKolekcja Japo\u0144ska. Beksi\u0144ski i inni\u201d"},"content":{"rendered":"<p>Album zatytu\u0142owany \u201eKolekcja Japo\u0144ska. Beksi\u0144ski i inni\u201d zosta\u0142 wydany przez Dom Aukcyjny Agra-Art w 2021 roku. Wydawnictwo oprawione w tward\u0105 ok\u0142adk\u0119 na 160 stronach prezentuje 62 barwne reprodukcje obraz\u00f3w olejnych namalowanych przez Zdzis\u0142awa Beksi\u0144skiego w latach 70, 80 oraz 90-tych.<\/p>\n<p>W albumie znalaz\u0142o si\u0119 ponadto 10 reprodukcji obraz\u00f3w stworzonych przez Jerzego Dud\u0119-Gracza, 8 reprodukcji prac Jacka Yerki, 2 Mariana Michalika i 6 autorstwa innych artyst\u00f3w. Wst\u0119p do publikacji napisa\u0142 Tadeusz Nyczek, krytyk literacki, teatralny i plastyczny, wybitny znawca tw\u00f3rczo\u015bci Zdzis\u0142awa Beksi\u0144skiego.<\/p>\n","protected":false},"excerpt":{"rendered":"<p>Wydawnictwo oprawione w tward\u0105 ok\u0142adk\u0119 na 160 stronach prezentuje 62 barwne reprodukcje obraz\u00f3w olejnych namalowanych przez Zdzis\u0142awa Beksi\u0144skiego w latach 70, 80 oraz 90-tych.<\/p>\n","protected":false},"featured_media":12794,"comment_status":"open","ping_status":"closed","template":"","meta":{"site-sidebar-layout":"default","site-content-layout":"","ast-site-content-layout":"default","site-content-style":"default","site-sidebar-style":"default","ast-global-header-display":"","ast-banner-title-visibility":"","ast-main-header-display":"","ast-hfb-above-header-display":"","ast-hfb-below-header-display":"","ast-hfb-mobile-header-display":"","site-post-title":"","ast-breadcrumbs-content":"","ast-featured-img":"","footer-sml-layout":"","theme-transparent-header-meta":"default","adv-header-id-meta":"","stick-header-meta":"","header-above-stick-meta":"","header-main-stick-meta":"","header-below-stick-meta":"","astra-migrate-meta-layouts":"set","ast-page-background-enabled":"default","ast-page-background-meta":{"desktop":{"background-color":"var(--ast-global-color-5)","background-image":"","background-repeat":"repeat","background-position":"center center","background-size":"auto","background-attachment":"scroll","background-type":"","background-media":"","overlay-type":"","overlay-color":"","overlay-opacity":"","overlay-gradient":""},"tablet":{"background-color":"","background-image":"","background-repeat":"repeat","background-position":"center center","background-size":"auto","background-attachment":"scroll","background-type":"","background-media":"","overlay-type":"","overlay-color":"","overlay-opacity":"","overlay-gradient":""},"mobile":{"background-color":"","background-image":"","background-repeat":"repeat","background-position":"center center","background-size":"auto","background-attachment":"scroll","background-type":"","background-media":"","overlay-type":"","overlay-color":"","overlay-opacity":"","overlay-gradient":""}},"ast-content-background-meta":{"desktop":{"background-color":"var(--ast-global-color-4)","background-image":"","background-repeat":"repeat","background-position":"center center","background-size":"auto","background-attachment":"scroll","background-type":"","background-media":"","overlay-type":"","overlay-color":"","overlay-opacity":"","overlay-gradient":""},"tablet":{"background-color":"var(--ast-global-color-4)","background-image":"","background-repeat":"repeat","background-position":"center center","background-size":"auto","background-attachment":"scroll","background-type":"","background-media":"","overlay-type":"","overlay-color":"","overlay-opacity":"","overlay-gradient":""},"mobile":{"background-color":"var(--ast-global-color-4)","background-image":"","background-repeat":"repeat","background-position":"center center","background-size":"auto","background-attachment":"scroll","background-type":"","background-media":"","overlay-type":"","overlay-color":"","overlay-opacity":"","overlay-gradient":""}}},"product_brand":[],"product_cat":[18],"product_tag":[],"class_list":{"0":"post-12793","1":"product","2":"type-product","3":"status-publish","4":"has-post-thumbnail","6":"product_cat-wydawnictwa-albumy-ksiazki","7":"product_shipping_class-envelope","8":"desktop-align-left","9":"tablet-align-left","10":"mobile-align-left","12":"first","13":"instock","14":"shipping-taxable","15":"purchasable","16":"product-type-simple"},"_links":{"self":[{"href":"https:\/\/nova.agraart.pl\/pl_pl\/wp-json\/wp\/v2\/product\/12793","targetHints":{"allow":["GET"]}}],"collection":[{"href":"https:\/\/nova.agraart.pl\/pl_pl\/wp-json\/wp\/v2\/product"}],"about":[{"href":"https:\/\/nova.agraart.pl\/pl_pl\/wp-json\/wp\/v2\/types\/product"}],"replies":[{"embeddable":true,"href":"https:\/\/nova.agraart.pl\/pl_pl\/wp-json\/wp\/v2\/comments?post=12793"}],"wp:featuredmedia":[{"embeddable":true,"href":"https:\/\/nova.agraart.pl\/pl_pl\/wp-json\/wp\/v2\/media\/12794"}],"wp:attachment":[{"href":"https:\/\/nova.agraart.pl\/pl_pl\/wp-json\/wp\/v2\/media?parent=12793"}],"wp:term":[{"taxonomy":"product_brand","embeddable":true,"href":"https:\/\/nova.agraart.pl\/pl_pl\/wp-json\/wp\/v2\/product_brand?post=12793"},{"taxonomy":"product_cat","embeddable":true,"href":"https:\/\/nova.agraart.pl\/pl_pl\/wp-json\/wp\/v2\/product_cat?post=12793"},{"taxonomy":"product_tag","embeddable":true,"href":"https:\/\/nova.agraart.pl\/pl_pl\/wp-json\/wp\/v2\/product_tag?post=12793"}],"curies":[{"name":"wp","href":"https:\/\/api.w.org\/{rel}","templated":true}]}}