{"id":12787,"date":"2021-07-19T14:08:12","date_gmt":"2021-07-19T12:08:12","guid":{"rendered":"https:\/\/nova.agraart.pl\/?post_type=product&#038;p=12787"},"modified":"2026-03-11T00:49:09","modified_gmt":"2026-03-10T23:49:09","slug":"jacek-yerka-album-obrazy-z-lat-1972-2001","status":"publish","type":"product","link":"https:\/\/nova.agraart.pl\/pl_pl\/sklep\/jacek-yerka-album-obrazy-z-lat-1972-2001\/","title":{"rendered":"Album \u201eJacek Yerka. Obrazy z lat 1972-2001"},"content":{"rendered":"<p>Album zatytu\u0142owany \u201eJacek Yerka. Obrazy z lat 1972-2001\u201d zosta\u0142 wydany przez Dom<br \/>\nAukcyjny Agra-Art w 2021 roku. Wydawnictwo oprawione w tward\u0105 ok\u0142adk\u0119 na 270 stronach<br \/>\nprezentuje 130 barwnych reprodukcji obraz\u00f3w namalowanych przez Jacka Yerk\u0119 w latach 1972-<br \/>\n2001.<\/p>\n<p>Wi\u0119kszo\u015bci reprodukcji towarzysz\u0105 opisy autorstwa malarza wyja\u015bniaj\u0105ce okoliczno\u015bci<br \/>\npowstania oraz znaczenie dzie\u0142. Przy niekt\u00f3rych kompozycjach pojawiaj\u0105 si\u0119 ponadto reprodukcje<br \/>\nrysunk\u00f3w, kt\u00f3re mo\u017cna traktowa\u0107 jako szkice do obraz\u00f3w. Album zamyka zbi\u00f3r autorskich<br \/>\nprzepis\u00f3w kulinarnych praktykowanych przez artyst\u0119 na co dzie\u0144.<\/p>\n<p><a href=\"https:\/\/www.agraart.pl\/jacek-yerka-galeria\/\">O Jacku Yerce (informacje)<\/a><\/p>\n<p><a href=\"https:\/\/www.yerkaland.com\">Strona Jacka Yerki po angielsku<\/a><\/p>\n","protected":false},"excerpt":{"rendered":"<p>Album zatytu\u0142owany \u201eJacek Yerka. Obrazy z lat 1972-2001\u201d zosta\u0142 wydany przez Dom<br \/>\nAukcyjny Agra-Art w 2021 roku. Wydawnictwo oprawione w tward\u0105 ok\u0142adk\u0119 na 270 stronach<br \/>\nprezentuje 130 barwnych reprodukcji obraz\u00f3w namalowanych przez Jacka Yerk\u0119 w latach 1972-<br \/>\n2001.<\/p>\n<p>Wi\u0119kszo\u015bci reprodukcji towarzysz\u0105 opisy autorstwa malarza wyja\u015bniaj\u0105ce okoliczno\u015bci<br \/>\npowstania oraz znaczenie dzie\u0142. Przy niekt\u00f3rych kompozycjach pojawiaj\u0105 si\u0119 ponadto reprodukcje<br \/>\nrysunk\u00f3w, kt\u00f3re mo\u017cna traktowa\u0107 jako szkice do obraz\u00f3w. Album zamyka zbi\u00f3r autorskich<br \/>\nprzepis\u00f3w kulinarnych praktykowanych przez artyst\u0119 na co dzie\u0144.<\/p>\n<p><a href=\"https:\/\/www.agraart.pl\/jacek-yerka-galeria\/\">O Jacku Yerce (informacje)<\/a><\/p>\n<p><a href=\"https:\/\/www.yerkaland.com\">Strona Jacka Yerki po angielsku<\/a><\/p>\n","protected":false},"featured_media":12788,"comment_status":"open","ping_status":"closed","template":"","meta":{"site-sidebar-layout":"default","site-content-layout":"","ast-site-content-layout":"default","site-content-style":"default","site-sidebar-style":"default","ast-global-header-display":"","ast-banner-title-visibility":"","ast-main-header-display":"","ast-hfb-above-header-display":"","ast-hfb-below-header-display":"","ast-hfb-mobile-header-display":"","site-post-title":"","ast-breadcrumbs-content":"","ast-featured-img":"","footer-sml-layout":"","theme-transparent-header-meta":"default","adv-header-id-meta":"","stick-header-meta":"","header-above-stick-meta":"","header-main-stick-meta":"","header-below-stick-meta":"","astra-migrate-meta-layouts":"set","ast-page-background-enabled":"default","ast-page-background-meta":{"desktop":{"background-color":"var(--ast-global-color-5)","background-image":"","background-repeat":"repeat","background-position":"center center","background-size":"auto","background-attachment":"scroll","background-type":"","background-media":"","overlay-type":"","overlay-color":"","overlay-opacity":"","overlay-gradient":""},"tablet":{"background-color":"","background-image":"","background-repeat":"repeat","background-position":"center center","background-size":"auto","background-attachment":"scroll","background-type":"","background-media":"","overlay-type":"","overlay-color":"","overlay-opacity":"","overlay-gradient":""},"mobile":{"background-color":"","background-image":"","background-repeat":"repeat","background-position":"center center","background-size":"auto","background-attachment":"scroll","background-type":"","background-media":"","overlay-type":"","overlay-color":"","overlay-opacity":"","overlay-gradient":""}},"ast-content-background-meta":{"desktop":{"background-color":"var(--ast-global-color-4)","background-image":"","background-repeat":"repeat","background-position":"center center","background-size":"auto","background-attachment":"scroll","background-type":"","background-media":"","overlay-type":"","overlay-color":"","overlay-opacity":"","overlay-gradient":""},"tablet":{"background-color":"var(--ast-global-color-4)","background-image":"","background-repeat":"repeat","background-position":"center center","background-size":"auto","background-attachment":"scroll","background-type":"","background-media":"","overlay-type":"","overlay-color":"","overlay-opacity":"","overlay-gradient":""},"mobile":{"background-color":"var(--ast-global-color-4)","background-image":"","background-repeat":"repeat","background-position":"center center","background-size":"auto","background-attachment":"scroll","background-type":"","background-media":"","overlay-type":"","overlay-color":"","overlay-opacity":"","overlay-gradient":""}}},"product_brand":[],"product_cat":[34,18],"product_tag":[],"class_list":{"0":"post-12787","1":"product","2":"type-product","3":"status-publish","4":"has-post-thumbnail","6":"product_cat-yerka-jacek-dziela-sztuki","7":"product_cat-wydawnictwa-albumy-ksiazki","8":"product_shipping_class-envelope","9":"desktop-align-left","10":"tablet-align-left","11":"mobile-align-left","13":"first","14":"outofstock","15":"shipping-taxable","16":"purchasable","17":"product-type-simple"},"_links":{"self":[{"href":"https:\/\/nova.agraart.pl\/pl_pl\/wp-json\/wp\/v2\/product\/12787","targetHints":{"allow":["GET"]}}],"collection":[{"href":"https:\/\/nova.agraart.pl\/pl_pl\/wp-json\/wp\/v2\/product"}],"about":[{"href":"https:\/\/nova.agraart.pl\/pl_pl\/wp-json\/wp\/v2\/types\/product"}],"replies":[{"embeddable":true,"href":"https:\/\/nova.agraart.pl\/pl_pl\/wp-json\/wp\/v2\/comments?post=12787"}],"wp:featuredmedia":[{"embeddable":true,"href":"https:\/\/nova.agraart.pl\/pl_pl\/wp-json\/wp\/v2\/media\/12788"}],"wp:attachment":[{"href":"https:\/\/nova.agraart.pl\/pl_pl\/wp-json\/wp\/v2\/media?parent=12787"}],"wp:term":[{"taxonomy":"product_brand","embeddable":true,"href":"https:\/\/nova.agraart.pl\/pl_pl\/wp-json\/wp\/v2\/product_brand?post=12787"},{"taxonomy":"product_cat","embeddable":true,"href":"https:\/\/nova.agraart.pl\/pl_pl\/wp-json\/wp\/v2\/product_cat?post=12787"},{"taxonomy":"product_tag","embeddable":true,"href":"https:\/\/nova.agraart.pl\/pl_pl\/wp-json\/wp\/v2\/product_tag?post=12787"}],"curies":[{"name":"wp","href":"https:\/\/api.w.org\/{rel}","templated":true}]}}