{"id":3,"date":"2020-02-27T19:47:44","date_gmt":"2020-02-27T18:47:44","guid":{"rendered":"http:\/\/nova.agraart.pl\/?page_id=3"},"modified":"2022-07-28T17:40:51","modified_gmt":"2022-07-28T15:40:51","slug":"polityka-prywatnosci","status":"publish","type":"page","link":"https:\/\/nova.agraart.pl\/pl_pl\/polityka-prywatnosci\/","title":{"rendered":"Polityka prywatno\u015bci"},"content":{"rendered":"<h4>POLITYKA PRYWATNO\u015aCI<\/h4>\n<div style=\"padding-top: 30px; padding-bottom: 30px;\">\n<h5>Niniejsza Polityka Prywatno\u015bci opisuje w jaki spos\u00f3b Agra-Art S.A. wykorzystuje informacje b\u0119d\u0105ce danymi osobowymi w rozumieniu przepis\u00f3w Rozporz\u0105dzenia o Ochronie Danych Osobowych (RODO). Znajdziesz tu tak\u017ce informacje o uprawnieniach, kt\u00f3re przys\u0142uguj\u0105 Ci w zwi\u0105zku z przetwarzaniem Twoich danych osobowych.<\/h5>\n<h5>Polityka Prywatno\u015bci obowi\u0105zuje wszystkie osoby zarejestrowane w serwisie nale\u017c\u0105cym do Agra-Art S.A. funkcjonuj\u0105cym pod adresami domen i subdomen: agraart.pl, oraz agraart.com.pl, oraz wszystkich odwiedzaj\u0105cych ten serwis.<\/h5>\n<h5>Ochrona Twoich danych jest dla nas nadrz\u0119dnym priorytetem. Pragniemy zapewni\u0107, \u017ce traktujemy Twoje dane z nale\u017cyt\u0105 staranno\u015bci\u0105 i uwzgl\u0119dnieniem przepis\u00f3w dotycz\u0105cych ochrony danych osobowych.<\/h5>\n<\/div>\n<h4>\u00a7.1. Postanowienia Og\u00f3lne<\/h4>\n<ol>\n<li>Administratorem danych jest Agra-Art S.A. z siedzib\u0105 w Warszawie 00-679, ul. Wilcza 55\/63, wpisanej do rejestru przedsi\u0119biorc\u00f3w pod numerem KRS: 0000101181, dla kt\u00f3rej akta rejestrowe prowadzi S\u0105d Rejonowy dla m.st. Warszawy, XII Wydzia\u0142 Gospodarczy Krajowego Rejestru S\u0105dowego, NIP: 526-18-79-258, REGON: 012478229.<\/li>\n<li>Przez termin \u201eUs\u0142ugodawca\u201d nale\u017cy rozumie\u0107 Administratora \u2013 Agra-Art S.A.<\/li>\n<li>Na potrzeby lepszego odbioru Polityki Prywatno\u015bci termin \u201eU\u017cytkownik\u201d oznacza ka\u017cd\u0105 osob\u0119 odwiedzaj\u0105c\u0105 serwis Administratora, jak r\u00f3wnie\u017c ka\u017cd\u0105 osob\u0119 zarejestrowan\u0105 w serwisie Agra-Art S.A., i zast\u0105piony zosta\u0142 w niekt\u00f3rych miejscach okre\u015bleniem \u201eTy\u201d, a termin \u201eAdministrator\u201d \u2013 okre\u015bleniem \u201eMy\u201d. Termin \u201eRODO\u201d oznacza Rozporz\u0105dzenie Parlamentu Europejskiego i Rady (UE) 2016\/679 z dnia 27 kwietnia 2016 r. w sprawie ochrony os\u00f3b fizycznych w zwi\u0105zku z przetwarzaniem danych osobowych i w sprawie swobodnego przep\u0142ywu takich danych oraz uchylenia dyrektywy 95\/46\/WE.<\/li>\n<li>Szanujemy prawo do prywatno\u015bci i dbamy o bezpiecze\u0144stwo danych. W tym celu u\u017cywany jest m.in. bezpieczny protok\u00f3\u0142 szyfrowania komunikacji (SSL). Ochrona danych odbywa si\u0119 zgodnie z wymogami powszechnie obowi\u0105zuj\u0105cych przepis\u00f3w prawa, a ich przechowywanie ma miejsce na zabezpieczonych serwerach oraz w miejscach z kontrolowanym dost\u0119pem.<\/li>\n<li>Dane osobowe podawane w formularzach s\u0105 traktowane jako poufne i nie s\u0105 widoczne dla os\u00f3b nieuprawnionych.<\/li>\n<li>Dane nie podlegaj\u0105 zautomatyzowanemu podejmowaniu decyzji, w tym profilowaniu, o kt\u00f3rym mowa w art. 22 ust. 1 i 4 RODO.<\/li>\n<\/ol>\n<h3>\u00a7.2. Prawa zwi\u0105zane z przetwarzaniem danych osobowych<\/h3>\n<ol>\n<li>\u00a0 Przys\u0142uguj\u0105 Ci nast\u0119puj\u0105ce prawa w zwi\u0105zku z przetwarzaniem przez Nas Twoich danych osobowych:<\/li>\n<\/ol>\n<p style=\"padding-left: 40px;\">a) prawo dost\u0119pu do Twoich danych, w tym uzyskania kopii danych,<br \/>\nb) prawo do sprostowania danych<br \/>\nc) prawo do usuni\u0119cia danych (w okre\u015blonych sytuacjach),<br \/>\nd) prawo wniesienia skargi do organu nadzorczego zajmuj\u0105cego si\u0119 ochron\u0105 danych osobowych,<br \/>\ne) prawo do ograniczenia przetwarzania danych,<br \/>\nf) prawo do wniesienia sprzeciwu wobec przetwarzania danych osobowych,<br \/>\ng) prawo do przenoszenia danych osobowych; mo\u017cesz przes\u0142a\u0107 te dane innemu administratorowi danych.<\/p>\n<p>2. Je\u017celi Twoje dane s\u0105 przetwarzane na podstawie zgody, mo\u017cesz dodatkowo skorzysta\u0107 z prawa do wycofania zgody w zakresie w jakim s\u0105 przetwarzane na tej podstawie, wysy\u0142aj\u0105c wiadomo\u015b\u0107 na adres podany w ust. 3 poni\u017cej. Wycofanie zgody nie ma wp\u0142ywu na zgodno\u015b\u0107 z prawem przetwarzania, kt\u00f3rego dokonano na podstawie zgody przed jej wycofaniem.<br \/>\n3. W celu skorzystania z powy\u017cszych praw nale\u017cy skontaktowa\u0107 si\u0119 z Administratorem poprzez formularz kontaktowy lub adres poczty elektronicznej agra@agraart.pl.<br \/>\n4. Jednocze\u015bnie informujemy, \u017ce cofni\u0119cie zgody nie wp\u0142ywa na zgodno\u015b\u0107 przetwarzania danych kt\u00f3rego dokonano na podstawie zgody przed jej cofni\u0119ciem.<br \/>\n5. Podanie danych jest dobrowolne, ale konieczne do skorzystania z us\u0142ug Administratora.<\/p>\n<h3>\u00a7.3. Cele i podstawy prawne przetwarzania danych.<\/h3>\n<p>Dane przetwarzane s\u0105:<\/p>\n<p style=\"padding-left: 40px;\">a) w zakresie i celu zgodnym ze zgod\u0105 wyra\u017con\u0105 przez Ciebie, je\u015bli zapisano si\u0119 na newsletter &#8211; na podstawie art. 6 ust. 1 lit. a RODO;<br \/>\nb) w zakresie i celu dopuszczenia Ci\u0119 do aukcji (stacjonarnej, online lub live) na podstawie art. 6 ust. 1 lit. b) RODO;<br \/>\nw zakresie i celu umo\u017cliwienia skorzystania z us\u0142ug oceny i sprzeda\u017cy obrazu za po\u015brednictwem serwisu &#8211; na podstawie art. 6 ust. 1 lit. b) RODO;<br \/>\nc) w zakresie i celu zgodnym ze zgod\u0105 wyra\u017con\u0105 przez Ciebie, je\u015bli wyrazi\u0142e\u015b\/a\u015b ch\u0119\u0107 otrzymywania naszych publikacji drukowanych i w formie elektronicznej &#8211; na podstawie art. 6 ust. 1 lit. a) RODO;<br \/>\nd) w celach statystycznych \u2013 analizowanie i profilowanie danych w celach marketingowych us\u0142ug i produkt\u00f3w Administratora &#8211; na podstawie art. 6 ust. 1 lit. f) RODO.<br \/>\ne) w celach ustalenia, dochodzenia lub obrony przed roszczeniami kierowanymi wobec Administratora &#8211; na podstawie art. 6 ust. 1 lit. f) RODO.<\/p>\n<h3>\u00a74. Kategorie odbiorc\u00f3w danych<\/h3>\n<p>Administrator ma prawo przekazywa\u0107 dane osobowe podmiotom \u015bwiadcz\u0105cym us\u0142ugi na rzecz Agra-Art SA (w szczeg\u00f3lno\u015bci us\u0142ugi takie jak obs\u0142uga system\u00f3w IT, obs\u0142uga ksi\u0119gowa i obs\u0142uga prawna), a tak\u017ce upowa\u017cnionym na podstawie w\u0142a\u015bciwych przepis\u00f3w prawa (np. organom \u015bcigania, organom celno-skarbowym).<\/p>\n<h3>\u00a75. Okres przechowywania danych osobowych<\/h3>\n<p>Usuni\u0119cie danych osobowych mo\u017ce nast\u0105pi\u0107 na skutek cofni\u0119cia zgody b\u0105d\u017a wniesienia sprzeciwu na przetwarzanie danych osobowych.<br \/>\nDane mog\u0105 by\u0107 przechowywane przez czas niezb\u0119dny do dochodzenia i obrony roszcze\u0144 z uwzgl\u0119dnieniem okres\u00f3w przedawnienia obowi\u0105zuj\u0105cych w przepisach prawa.<\/p>\n<h3>\u00a76. Pliki cookies<\/h3>\n<p>1. Witryny agraart.pl oraz agraart.com.pl u\u017cywaj\u0105 cookies. S\u0105 to niewielkie pliki tekstowe wysy\u0142ane przez serwer www i przechowywane przez oprogramowanie komputera przegl\u0105darki. Kiedy przegl\u0105darka ponownie po\u0142\u0105czy si\u0119 ze stron\u0105, witryna rozpoznaje rodzaj urz\u0105dzenia, z kt\u00f3rego \u0142\u0105czy si\u0119 u\u017cytkownik. Parametry pozwalaj\u0105 na odczytanie informacji w nich zawartych jedynie serwerowi, kt\u00f3ry je utworzy\u0142. Cookies u\u0142atwiaj\u0105 wi\u0119c korzystanie z wcze\u015bniej odwiedzonych witryn.<br \/>\nGromadzone informacje dotycz\u0105 adresu IP, typu wykorzystywanej przegl\u0105darki, j\u0119zyka, rodzaju systemu operacyjnego, dostawcy us\u0142ug internetowych, informacji o czasie i dacie, lokalizacji oraz informacji przesy\u0142anych do witryny za po\u015brednictwem formularza kontaktowego.<br \/>\n2. Zebrane dane s\u0142u\u017c\u0105 do monitorowania i sprawdzenia, w jaki spos\u00f3b u\u017cytkownicy korzystaj\u0105 z naszych witryn, aby usprawnia\u0107 funkcjonowanie serwisu zapewniaj\u0105c bardziej efektywn\u0105 i bezproblemow\u0105 nawigacj\u0119.<br \/>\nCookies identyfikuje u\u017cytkownika, co pozwala na dopasowanie tre\u015bci witryny, z kt\u00f3rej korzysta, do jego potrzeb. Zapami\u0119tuj\u0105c jego preferencje, umo\u017cliwia odpowiednie dopasowanie skierowanych do niego reklam. Stosujemy pliki cookies, aby zagwarantowa\u0107 najwy\u017cszy standard wygody korzystania z naszego serwisu, a zebrane dane s\u0105 wykorzystywane jedynie wewn\u0105trz firmy Agra-Art S.A. w celu optymalizacji dzia\u0142a\u0144.<br \/>\n3. Z uwagi na czas \u017cycia cookies i innych podobnych technologii, stosujemy dwa zasadnicze rodzaje tych plik\u00f3w:<br \/>\na) sesyjne \u2013 pliki tymczasowe przechowywane w urz\u0105dzeniu ko\u0144cowym U\u017cytkownika do czasu wylogowania, opuszczenia strony internetowej i aplikacji lub wy\u0142\u0105czenia oprogramowania (przegl\u0105darki internetowej);<br \/>\nb) sta\u0142e \u2013 przechowywane w urz\u0105dzeniu ko\u0144cowym U\u017cytkownika przez czas okre\u015blony w parametrach plik\u00f3w cookies lub do czasu ich usuni\u0119cia przez U\u017cytkownika.<br \/>\n4. Ze wzgl\u0119du na cel, jakiemu s\u0142u\u017c\u0105 pliki cookies i inne podobne technologie, stosujemy ich nast\u0119puj\u0105ce rodzaje:<\/p>\n<p style=\"padding-left: 40px;\">a) \u201eniezb\u0119dne\u201d pliki cookies, umo\u017cliwiaj\u0105ce korzystanie z us\u0142ug dost\u0119pnych w ramach serwisu, np. uwierzytelniaj\u0105ce pliki cookies wykorzystywane do us\u0142ug wymagaj\u0105cych uwierzytelniania w ramach serwisu;<br \/>\nb) pliki cookies s\u0142u\u017c\u0105ce do zapewnienia bezpiecze\u0144stwa, np. wykorzystywane do wykrywania nadu\u017cy\u0107 w zakresie uwierzytelniania w ramach serwisu;<br \/>\nc) \u201ewydajno\u015bciowe\u201d pliki cookies, umo\u017cliwiaj\u0105ce zbieranie informacji o sposobie korzystania ze stron internetowych serwisu;<br \/>\nd) \u201efunkcjonalne\u201d pliki cookies, umo\u017cliwiaj\u0105ce \u201ezapami\u0119tanie\u201d wybranych przez u\u017cytkownika ustawie\u0144 i personalizacj\u0119 interfejsu u\u017cytkownika, np. w zakresie wybranego j\u0119zyka lub regionu, z kt\u00f3rego pochodzi u\u017cytkownik, rozmiaru czcionki, wygl\u0105du strony internetowej itp.;<br \/>\ne) \u201ereklamowe\u201d pliki cookies, umo\u017cliwiaj\u0105ce dostarczanie u\u017cytkownikom tre\u015bci reklamowych bardziej dostosowanych do ich zainteresowa\u0144; Agra-Art S.A. wsp\u00f3\u0142pracuje w tym zakresie z firm\u0105 Google (Google Tag Manager zarz\u0105dzaj\u0105cy tagami Google Adwords) oraz Facebook (Facebook Pixel);<br \/>\nf) statystyczne \u2013 s\u0142u\u017c\u0105ce do zliczana statystyk dotycz\u0105cych stron internetowych i aplikacji; w tym zakresie wsp\u00f3\u0142pracujemy z Google, u\u017cywaj\u0105c Google Analitycs; mo\u017cna zainstalowa\u0107 dodatek do przegl\u0105darki, kt\u00f3ry blokuje t\u0105 us\u0142ug\u0119 (https:\/\/tools.google.com\/dlpage\/gaoptout).<\/p>\n<p>5. Wykorzystanie cookies<\/p>\n<p>Korzystamy z plik\u00f3w cookies i innych podobnych technologii w celach:<br \/>\na) \u015bwiadczenia us\u0142ug;<br \/>\nb) dostosowywania zawarto\u015bci serwis\u00f3w i aplikacji do preferencji U\u017cytkownika oraz optymalizacji korzystania ze stron internetowych; np. pliki cookies pozwalaj\u0105 w szczeg\u00f3lno\u015bci rozpozna\u0107 urz\u0105dzenie U\u017cytkownika i odpowiednio wy\u015bwietli\u0107 stron\u0119 internetow\u0105 dostosowan\u0105 do jego indywidualnych potrzeb;<br \/>\nc) tworzenia statystyk, kt\u00f3re pomagaj\u0105 zrozumie\u0107, w jaki spos\u00f3b U\u017cytkownicy korzystaj\u0105 ze serwis\u00f3w i aplikacji, co umo\u017cliwia ulepszanie ich struktury i zawarto\u015bci;<br \/>\nd) utrzymania sesji U\u017cytkownika (po zalogowaniu), dzi\u0119ki czemu U\u017cytkownik nie musi na ka\u017cdej podstronie internetowej danego serwisu i aplikacji ponownie wpisywa\u0107 loginu i has\u0142a.<br \/>\n6. U\u017cytkownik w ka\u017cdej chwili ma mo\u017cliwo\u015b\u0107 wy\u0142\u0105czenia lub przywr\u00f3cenia opcji gromadzenia cookies poprzez zmian\u0119 ustawie\u0144 w przegl\u0105darce internetowej. Instrukcja zarz\u0105dzania plikami cookies jest dost\u0119pna na stronie<br \/>\nhttps:\/\/www.allaboutcookies.org\/manage-cookies<br \/>\nDodatkowe dane osobowe, jak adres e-mail, zbierane s\u0105 jedynie w miejscach, w kt\u00f3rych u\u017cytkownik wype\u0142niaj\u0105c formularz wyra\u017anie wyrazi\u0142 na to zgod\u0119. Powy\u017csze dane zachowujemy i wykorzystujemy tylko do potrzeb niezb\u0119dnych do wykonania danej funkcji.<br \/>\n7. Podmiotem zamieszczaj\u0105cym informacje w formie plik\u00f3w cookies i innych podobnych technologii w urz\u0105dzeniu ko\u0144cowym U\u017cytkownika (np. komputerze, laptopie, smartfonie) oraz uzyskuj\u0105cym do nich dost\u0119p jest Agra-Art S.A. oraz podmioty wsp\u00f3\u0142pracuj\u0105ce, m.in. partnerzy \u015bwiadcz\u0105cy us\u0142ugi analityczne, tw\u00f3rcy aplikacji, sieciowe agencje reklamowe, w szczeg\u00f3lno\u015bci firmy Facebook oraz Google.<\/p>\n<h3>\u00a7.7. Aktualizacje Polityki Prywatno\u015bci<\/h3>\n<h4><\/h4>\n<p>Niniejsza Polityka Prywatno\u015bci wchodzi w \u017cycie z dniem 22 lutego 2021. W zwi\u0105zku z potrzebami, jakie mog\u0105 wynikn\u0105\u0107 z rozwoju oferowanych przez nas us\u0142ug albo zmian regulacyjnych, uprawnieni jeste\u015bmy do zmiany Polityki Prywatno\u015bci. Nowa wersja Polityki Prywatno\u015bci publikowana b\u0119dzie na naszej stronie internetowej.<\/p>\n<p>&nbsp;<\/p>\n<p><em>Data publikacji: 16 maja 2021.<\/em><\/p>\n","protected":false},"excerpt":{"rendered":"<p>POLITYKA PRYWATNO\u015aCI Niniejsza Polityka Prywatno\u015bci opisuje w jaki spos\u00f3b Agra-Art S.A. wykorzystuje informacje b\u0119d\u0105ce danymi osobowymi w rozumieniu przepis\u00f3w Rozporz\u0105dzenia [&hellip;]<\/p>\n","protected":false},"author":1,"featured_media":0,"parent":0,"menu_order":0,"comment_status":"closed","ping_status":"open","template":"templates\/page-sidebar.php","meta":{"site-sidebar-layout":"default","site-content-layout":"","ast-site-content-layout":"default","site-content-style":"default","site-sidebar-style":"default","ast-global-header-display":"","ast-banner-title-visibility":"","ast-main-header-display":"","ast-hfb-above-header-display":"","ast-hfb-below-header-display":"","ast-hfb-mobile-header-display":"","site-post-title":"","ast-breadcrumbs-content":"","ast-featured-img":"","footer-sml-layout":"","theme-transparent-header-meta":"","adv-header-id-meta":"","stick-header-meta":"","header-above-stick-meta":"","header-main-stick-meta":"","header-below-stick-meta":"","astra-migrate-meta-layouts":"default","ast-page-background-enabled":"default","ast-page-background-meta":{"desktop":{"background-color":"var(--ast-global-color-5)","background-image":"","background-repeat":"repeat","background-position":"center center","background-size":"auto","background-attachment":"scroll","background-type":"","background-media":"","overlay-type":"","overlay-color":"","overlay-opacity":"","overlay-gradient":""},"tablet":{"background-color":"","background-image":"","background-repeat":"repeat","background-position":"center center","background-size":"auto","background-attachment":"scroll","background-type":"","background-media":"","overlay-type":"","overlay-color":"","overlay-opacity":"","overlay-gradient":""},"mobile":{"background-color":"","background-image":"","background-repeat":"repeat","background-position":"center center","background-size":"auto","background-attachment":"scroll","background-type":"","background-media":"","overlay-type":"","overlay-color":"","overlay-opacity":"","overlay-gradient":""}},"ast-content-background-meta":{"desktop":{"background-color":"var(--ast-global-color-4)","background-image":"","background-repeat":"repeat","background-position":"center center","background-size":"auto","background-attachment":"scroll","background-type":"","background-media":"","overlay-type":"","overlay-color":"","overlay-opacity":"","overlay-gradient":""},"tablet":{"background-color":"var(--ast-global-color-4)","background-image":"","background-repeat":"repeat","background-position":"center center","background-size":"auto","background-attachment":"scroll","background-type":"","background-media":"","overlay-type":"","overlay-color":"","overlay-opacity":"","overlay-gradient":""},"mobile":{"background-color":"var(--ast-global-color-4)","background-image":"","background-repeat":"repeat","background-position":"center center","background-size":"auto","background-attachment":"scroll","background-type":"","background-media":"","overlay-type":"","overlay-color":"","overlay-opacity":"","overlay-gradient":""}},"footnotes":""},"class_list":["post-3","page","type-page","status-publish","hentry"],"_links":{"self":[{"href":"https:\/\/nova.agraart.pl\/pl_pl\/wp-json\/wp\/v2\/pages\/3","targetHints":{"allow":["GET"]}}],"collection":[{"href":"https:\/\/nova.agraart.pl\/pl_pl\/wp-json\/wp\/v2\/pages"}],"about":[{"href":"https:\/\/nova.agraart.pl\/pl_pl\/wp-json\/wp\/v2\/types\/page"}],"author":[{"embeddable":true,"href":"https:\/\/nova.agraart.pl\/pl_pl\/wp-json\/wp\/v2\/users\/1"}],"replies":[{"embeddable":true,"href":"https:\/\/nova.agraart.pl\/pl_pl\/wp-json\/wp\/v2\/comments?post=3"}],"version-history":[{"count":0,"href":"https:\/\/nova.agraart.pl\/pl_pl\/wp-json\/wp\/v2\/pages\/3\/revisions"}],"wp:attachment":[{"href":"https:\/\/nova.agraart.pl\/pl_pl\/wp-json\/wp\/v2\/media?parent=3"}],"curies":[{"name":"wp","href":"https:\/\/api.w.org\/{rel}","templated":true}]}}