{"id":16129,"date":"2025-04-18T14:47:54","date_gmt":"2025-04-18T12:47:54","guid":{"rendered":"https:\/\/nova.agraart.pl\/?page_id=16129"},"modified":"2025-04-18T15:24:16","modified_gmt":"2025-04-18T13:24:16","slug":"beksinski-inkografie-muzealne","status":"publish","type":"page","link":"https:\/\/nova.agraart.pl\/pl_pl\/beksinski-inkografie-muzealne\/","title":{"rendered":"Beksi\u0144ski &#8211;\u00a0 Inkografie muzealne"},"content":{"rendered":"<div class=\"wpb-content-wrapper\"><div class=\"vc_row wpb_row vc_row-fluid\"><div class=\"wpb_column vc_column_container vc_col-sm-12\"><div class=\"vc_column-inner\"><div class=\"wpb_wrapper\"><div class=\"vc_empty_space\"   style=\"height: 32px\"><span class=\"vc_empty_space_inner\"><\/span><\/div><\/div><\/div><\/div><\/div><div class=\"vc_row wpb_row vc_row-fluid\"><div class=\"wpb_column vc_column_container vc_col-sm-12\"><div class=\"vc_column-inner\"><div class=\"wpb_wrapper\">\n\t<div class=\"wpb_text_column wpb_content_element\" >\n\t\t<div class=\"wpb_wrapper\">\n\t\t\t<h3>Beksi\u0144ski &#8211;\u00a0 Inkografie muzealne<\/h3>\n<p>&nbsp;<\/p>\n<p><span style=\"font-size: 24px; font-weight: 300; line-height: 1.1; font-family: 'Josefin Sans', sans-serif;\">Kolekcja Japo\u0144ska<\/span>, kt\u00f3rej fascynuj\u0105ca historia <a href=\"https:\/\/www.agraart.pl\/historia-kolekcji-japonskiej-beksinski-duda-gracz-yerka\/\">zosta\u0142a szczeg\u00f3\u0142owo opisana tutaj<\/a>, od lat budzi zainteresowanie kolekcjoner\u00f3w. Oryginalne obrazy z tego cyklu wzbogacaj\u0105 prywatne zbiory, a w przestrzeni publicznej ich wizerunki dost\u0119pne s\u0105 g\u0142\u00f3wnie dzi\u0119ki dokumentacji wystawy zorganizowanej przez Agr\u0119-Art w 2021 roku.<\/p>\n<p><span style=\"font-weight: 400;\"><strong>Muzeum Historyczne w Sanoku<\/strong>, sprawuj\u0105ce piecz\u0119 nad spu\u015bcizn\u0105 Zdzis\u0142awa Beksi\u0144skiego, podj\u0119\u0142o wyj\u0105tkow\u0105 inicjatyw\u0119, umo\u017cliwiaj\u0105c upublicznienie wybranych dzie\u0142 z tej cenionej kolekcji.<\/span><\/p>\n<p><span id=\"inko\" style=\"font-weight: 400;\"><strong>Agra-Art<\/strong> dostarczy\u0142a wysokiej jako\u015bci fotografie i opracowania merytoryczne, a <strong>Wydawnictwo BoSz<\/strong> zrealizowa\u0142o profesjonalne inkografie w \u015bci\u015ble limitowanej edycji \u2013 zaledwie 10 egzemplarzy z ka\u017cdego obrazu. Ta ekskluzywna edycja inkografii, dzi\u0119ki swojej unikalno\u015bci i wysokiej jako\u015bci wykonania niew\u0105tpliwie spotka si\u0119 z dobrym przyj\u0119ciem ze strony entuzjast\u00f3w tw\u00f3rczo\u015bci Zdzis\u0142awa Beksi\u0144skiego. Ma te\u017c potencja\u0142, by w przysz\u0142o\u015bci sta\u0107 si\u0119 cennym obiektem kolekcjonerskim.\u00a0<\/span><\/p>\n<div style=\"background-color: #f9f9f9; padding: 15px; margin-bottom: 5px;\">\n<div class=\"row\">\n<div class=\"col-md-6\">\n<p style=\"padding-top: 15px;\"><a href=\"https:\/\/bosz.com.pl\/\">Wydawnictwo BoSz<\/a> jest jedyn\u0105 firm\u0105 w Polsce uprawnion\u0105 do publikacji album\u00f3w po\u015bwi\u0119conych tw\u00f3rczo\u015bci Zdzis\u0142awa Beksi\u0144skiego. Wsp\u00f3\u0142praca z artyst\u0105 rozpocz\u0119\u0142a si\u0119 w po\u0142owie lat 90. XX wieku i zaowocowa\u0142a wydaniem czterech album\u00f3w, kt\u00f3re powsta\u0142y przy bezpo\u015brednim udziale artysty. Po jego \u015bmierci wydawnictwo nieprzerwanie kontynuuje misj\u0119 promowania jego tw\u00f3rczo\u015bci, publikuj\u0105c kolejne ksi\u0105\u017cki i albumy po\u015bwi\u0119cone r\u00f3\u017cnym dziedzinom sztuki uprawianym przez Beksi\u0144skiego. Na przestrzeni 30 lat oficyna wyda\u0142a \u0142\u0105cznie 23 publikacje dedykowane jego malarstwu, fotografii, grafice oraz rysunkom.<br \/>\nPodsumowaniem tej misji jest wydanie ekskluzywnego albumu \u201eBeksi\u0144ski. Obrazy\u201d w wersji luksusowej, kt\u00f3ry na ponad 500 stronach prezentuje 530 najwa\u017cniejsze dzie\u0142a malarskie artysty.<br \/>\nPonadto jako jedyny producent wydawnictwo BoSz posiada prawa do druku reprodukcji na p\u0142\u00f3tnie, kalendarzy oraz plakat\u00f3w z dzie\u0142ami artysty, dbaj\u0105c tym samym o najwy\u017csz\u0105 jako\u015b\u0107 i najlepsze odwzorowanie orygina\u0142\u00f3w obraz\u00f3w artysty.<\/p>\n<p>&nbsp;<\/p>\n<\/div>\n<div class=\"col-md-6\"><a href=\"https:\/\/muzeum.sanok.pl\/pl\/wystawy-stale\/galeria-zdzislawa-beksinskiego\">Muzeum Historyczne w Sanoku<\/a> posiada w swojej kolekcji ok. 600 prac Artysty &#8211; rysunk\u00f3w, fotografii, obraz\u00f3w czy prac rze\u017abiarskich z ca\u0142ego okresu \u017cycia Tw\u00f3rcy. Muzeum zorganizowa\u0142o szereg wystaw obraz\u00f3w Beksi\u0144skiego ze swojej kolekcji w r\u00f3\u017cnych miastach w Polsce m.in. w Warszawie, Gda\u0144sku, Tychach, Pabianicach.<br \/>\nMuzeum Historyczne w Sanoku jest wy\u0142\u0105cznym spadkobierc\u0105 oraz dysponentem praw autorskich Zdzis\u0142awa Beksi\u0144skiego.<\/div>\n<\/div>\n<\/div>\n<h3><\/h3>\n<h3>Inkografia &#8211; Kolekcjonerski Walor i Trwa\u0142o\u015b\u0107<\/h3>\n<div>\n<p><span style=\"font-weight: 400;\">Inkografia, znana r\u00f3wnie\u017c jako gicl\u00e9e, to limitowany wydruk o wyj\u0105tkowej jako\u015bci, stworzony na podstawie oryginalnego dzie\u0142a sztuki. Jest wyemitowany w ograniczonej edycji, sygnowany podpisem autora, spadkobiercy lub podmiotu zarz\u0105dzaj\u0105cego prawami autorskimi. Dzi\u0119ki zastosowaniu pigmentowych tusz\u00f3w o wysokiej odporno\u015bci na promieniowanie UV oraz specjalistycznego, bezkwasowego papieru, inkografie charakteryzuj\u0105 si\u0119 niezwyk\u0142\u0105 trwa\u0142o\u015bci\u0105 kolor\u00f3w i wysok\u0105 estetyk\u0105. Pozwalaj\u0105 na bardzo szczeg\u00f3\u0142owe i wierne odwzorowanie oryginalnych prac.\u00a0<\/span><span style=\"font-weight: 400;\">W \u015bwiecie sztuki oryginalne dzie\u0142o stanowi unikat, dost\u0119pny jedynie dla nielicznych. W przypadku wybitnych malarzy i ich obraz\u00f3w, ju\u017c od wiek\u00f3w czyniono wysi\u0142ki, by w jaki\u015b &#8211; oczywi\u015bcie zawsze niedoskona\u0142y &#8211; spos\u00f3b umo\u017cliwi\u0107 kontakt i odbi\u00f3r tych dzie\u0142 szerszej publiczno\u015bci. Zacz\u0119to tworzy\u0107 powt\u00f3rzenia orygina\u0142u &#8211; najstarsze pr\u00f3by pochodz\u0105 z Chin z VI wieku, w Europie ta praktyka pojawi\u0142a si\u0119 w XIV wieku.<\/span><\/p>\n<p><span style=\"font-weight: 400;\">Albrecht D\u00fcrer (1471-1528), pionier grafiki europejskiej, by\u0142 nie tylko mistrzem drzeworytu i miedziorytu, lecz tak\u017ce wizjonerem, kt\u00f3ry dostrzeg\u0142 ogromny potencja\u0142 reprodukcji w popularyzacji sztuki. D\u00fcrer jako pierwszy zrozumia\u0142, jak wielkie zainteresowanie wzbudzaj\u0105 graficzne powt\u00f3rzenia najbardziej cenionych dzie\u0142. Dzi\u0119ki mo\u017cliwo\u015bci powielania wizerunk\u00f3w swoich unikalnych prac (lub tworzenia dzie\u0142 przeznaczonych wy\u0142\u0105cznie do reprodukcji), artysta nie tylko zapewni\u0142 sobie sta\u0142y doch\u00f3d, ale przede wszystkim umo\u017cliwi\u0142 szerszemu gronu odbiorc\u00f3w dost\u0119p do sztuki. Jego dzia\u0142alno\u015b\u0107 zrewolucjonizowa\u0142a spos\u00f3b, w jaki ludzie mogli obcowa\u0107 z dzie\u0142ami sztuki, czyni\u0105c je bardziej dost\u0119pnymi i demokratyzuj\u0105c w pewnym stopniu do tej pory elitarny \u015bwiat sztuki.<\/span><\/p>\n<p><span style=\"font-weight: 400;\">Cho\u0107 wsp\u00f3\u0142czesne techniki reprodukcyjne osi\u0105gn\u0119\u0142y niespotykany poziom doskona\u0142o\u015bci, ich fundamentalny cel pozostaje niezmienny: udost\u0119pnianie wizji mistrza jak najszerszemu gronu odbiorc\u00f3w. Po odej\u015bciu artysty, odpowiedzialno\u015b\u0107 za jego dziedzictwo cz\u0119sto spoczywa na spadkobiercach i muzeach, kt\u00f3re poprzez starannie przygotowane edycje graficzne, odgrywaj\u0105 kluczow\u0105 rol\u0119 w rozszerzaniu dost\u0119pu do jego tw\u00f3rczo\u015bci. Dzi\u0119ki ich wysi\u0142kom dzie\u0142a sztuki, kt\u00f3re w oryginale dost\u0119pne s\u0105 jedynie dla nielicznych, staj\u0105 si\u0119 bardziej przyst\u0119pne, umo\u017cliwiaj\u0105c obcowanie z nimi znacznie szerszej publiczno\u015bci i wzbogacaj\u0105c kultur\u0119 spo\u0142eczn\u0105.<\/span><\/p>\n<\/div>\n<p>&nbsp;<\/p>\n<h3>Edycja Muzealna inkografii Kolekcji Japo\u0144skiej<\/h3>\n<ul>\n<li style=\"font-weight: 400;\" aria-level=\"1\"><span style=\"font-weight: 400;\">Ka\u017cda inkografia jest profesjonalnie oprawiona.\u00a0<\/span><\/li>\n<li style=\"font-weight: 400;\" aria-level=\"1\"><span style=\"font-weight: 400;\">Na dolnej kraw\u0119dzi, poni\u017cej obszaru druku, znajduje si\u0119 unikalny numer edycyjny (np. 1\/10), podpis Dyrektora Muzeum Historycznego w Sanoku oraz piecz\u0119\u0107 MHS.\u00a0<\/span><\/li>\n<li style=\"font-weight: 400;\" aria-level=\"1\"><span style=\"font-weight: 400;\">Do ka\u017cdej inkografii do\u0142\u0105czony jest certyfikat, potwierdzaj\u0105cy jej numer, pochodzenie (podpis Wydawnictwa BoSz) oraz zgod\u0119 Muzeum Historycznego w Sanoku na wykorzystanie praw autorskich Zdzis\u0142awa Beksi\u0144skiego.<\/span><\/li>\n<\/ul>\n<p><span style=\"font-weight: 400;\">W technikach graficznych, <strong>pierwsze numery egzemplarzy<\/strong> tradycyjnie ciesz\u0105 si\u0119 najwi\u0119kszym uznaniem kolekcjoner\u00f3w. Wynika to z faktu, \u017ce w przesz\u0142o\u015bci, przy u\u017cyciu technik takich jak drzeworyt, metaloryt czy litografia, pierwsze odbitki charakteryzowa\u0142y si\u0119 najwy\u017csz\u0105 jako\u015bci\u0105. Proces powielania stopniowo zu\u017cywa\u0142 matryc\u0119, powoduj\u0105c \u015bcieranie kontur\u00f3w, a przez to &#8211; utrat\u0119 precyzji w oddaniu kompozycji.<\/span><\/p>\n<p><span style=\"font-weight: 400;\">W epoce druku cyfrowego, cho\u0107 ten aspekt ma charakter umowny, a nie techniczny, \u201cjedynki\u201d nadal posiadaj\u0105 najwy\u017csz\u0105 warto\u015b\u0107 kolekcjonersk\u0105.<\/span><\/p>\n\n\t\t<\/div>\n\t<\/div>\n<\/div><\/div><\/div><\/div>\n<\/div>","protected":false},"excerpt":{"rendered":"Beksi\u0144ski -\u00a0 Inkografie muzealne &nbsp; Kolekcja Japo\u0144ska, kt\u00f3rej fascynuj\u0105ca historia zosta\u0142a szczeg\u00f3\u0142owo opisana tutaj, od lat budzi zainteresowanie kolekcjoner\u00f3w. Oryginalne [...]","protected":false},"author":2,"featured_media":0,"parent":0,"menu_order":0,"comment_status":"closed","ping_status":"closed","template":"","meta":{"site-sidebar-layout":"right-sidebar","site-content-layout":"plain-container","ast-site-content-layout":"default","site-content-style":"default","site-sidebar-style":"boxed","ast-global-header-display":"","ast-banner-title-visibility":"","ast-main-header-display":"","ast-hfb-above-header-display":"","ast-hfb-below-header-display":"","ast-hfb-mobile-header-display":"","site-post-title":"disabled","ast-breadcrumbs-content":"","ast-featured-img":"disabled","footer-sml-layout":"","theme-transparent-header-meta":"default","adv-header-id-meta":"","stick-header-meta":"","header-above-stick-meta":"","header-main-stick-meta":"","header-below-stick-meta":"","astra-migrate-meta-layouts":"set","ast-page-background-enabled":"default","ast-page-background-meta":{"desktop":{"background-color":"var(--ast-global-color-5)","background-image":"","background-repeat":"repeat","background-position":"center center","background-size":"auto","background-attachment":"scroll","background-type":"","background-media":"","overlay-type":"","overlay-color":"","overlay-opacity":"","overlay-gradient":""},"tablet":{"background-color":"","background-image":"","background-repeat":"repeat","background-position":"center center","background-size":"auto","background-attachment":"scroll","background-type":"","background-media":"","overlay-type":"","overlay-color":"","overlay-opacity":"","overlay-gradient":""},"mobile":{"background-color":"","background-image":"","background-repeat":"repeat","background-position":"center center","background-size":"auto","background-attachment":"scroll","background-type":"","background-media":"","overlay-type":"","overlay-color":"","overlay-opacity":"","overlay-gradient":""}},"ast-content-background-meta":{"desktop":{"background-color":"var(--ast-global-color-4)","background-image":"","background-repeat":"repeat","background-position":"center center","background-size":"auto","background-attachment":"scroll","background-type":"","background-media":"","overlay-type":"","overlay-color":"","overlay-opacity":"","overlay-gradient":""},"tablet":{"background-color":"var(--ast-global-color-4)","background-image":"","background-repeat":"repeat","background-position":"center center","background-size":"auto","background-attachment":"scroll","background-type":"","background-media":"","overlay-type":"","overlay-color":"","overlay-opacity":"","overlay-gradient":""},"mobile":{"background-color":"var(--ast-global-color-4)","background-image":"","background-repeat":"repeat","background-position":"center center","background-size":"auto","background-attachment":"scroll","background-type":"","background-media":"","overlay-type":"","overlay-color":"","overlay-opacity":"","overlay-gradient":""}},"footnotes":""},"class_list":["post-16129","page","type-page","status-publish","hentry"],"_links":{"self":[{"href":"https:\/\/nova.agraart.pl\/pl_pl\/wp-json\/wp\/v2\/pages\/16129","targetHints":{"allow":["GET"]}}],"collection":[{"href":"https:\/\/nova.agraart.pl\/pl_pl\/wp-json\/wp\/v2\/pages"}],"about":[{"href":"https:\/\/nova.agraart.pl\/pl_pl\/wp-json\/wp\/v2\/types\/page"}],"author":[{"embeddable":true,"href":"https:\/\/nova.agraart.pl\/pl_pl\/wp-json\/wp\/v2\/users\/2"}],"replies":[{"embeddable":true,"href":"https:\/\/nova.agraart.pl\/pl_pl\/wp-json\/wp\/v2\/comments?post=16129"}],"version-history":[{"count":0,"href":"https:\/\/nova.agraart.pl\/pl_pl\/wp-json\/wp\/v2\/pages\/16129\/revisions"}],"wp:attachment":[{"href":"https:\/\/nova.agraart.pl\/pl_pl\/wp-json\/wp\/v2\/media?parent=16129"}],"curies":[{"name":"wp","href":"https:\/\/api.w.org\/{rel}","templated":true}]}}