{"id":16035,"date":"2025-04-10T17:17:30","date_gmt":"2025-04-10T15:17:30","guid":{"rendered":"https:\/\/nova.agraart.pl\/?page_id=16035"},"modified":"2025-04-18T15:39:04","modified_gmt":"2025-04-18T13:39:04","slug":"zdzislaw-beksinski","status":"publish","type":"page","link":"https:\/\/nova.agraart.pl\/pl_pl\/zdzislaw-beksinski\/","title":{"rendered":"Zdzis\u0142aw Beksi\u0144ski"},"content":{"rendered":"<div class=\"wpb-content-wrapper\"><div class=\"vc_row wpb_row vc_row-fluid\"><div class=\"wpb_column vc_column_container vc_col-sm-12\"><div class=\"vc_column-inner\"><div class=\"wpb_wrapper\"><div class=\"vc_empty_space\"   style=\"height: 32px\"><span class=\"vc_empty_space_inner\"><\/span><\/div><\/div><\/div><\/div><\/div><div class=\"vc_row wpb_row vc_row-fluid\"><div class=\"wpb_column vc_column_container vc_col-sm-3\"><div class=\"vc_column-inner\"><div class=\"wpb_wrapper\">\n\t<div  class=\"wpb_single_image wpb_content_element vc_align_left wpb_content_element\">\n\t\t\n\t\t<figure class=\"wpb_wrapper vc_figure\">\n\t\t\t<div class=\"vc_single_image-wrapper   vc_box_border_grey\"><img decoding=\"async\" class=\"vc_single_image-img\"  src=\"https:\/\/sztuka.agraart.pl\/media\/painter\/0001\/27\/6cedd8fd0d5f02dc2de9f5f0b305adcabecdf640.jpeg\" \/><\/div><figcaption class=\"vc_figure-caption\">(zdj\u0119cie: Piotr Dmochowski, CC BY-SA 3.0, https:\/\/commons.wikimedia.org\/w\/index.php?curid=8960820 )<\/figcaption>\n\t\t<\/figure>\n\t<\/div>\n<\/div><\/div><\/div><div class=\"wpb_column vc_column_container vc_col-sm-9\"><div class=\"vc_column-inner\"><div class=\"wpb_wrapper\">\n\t<div class=\"wpb_text_column wpb_content_element\" >\n\t\t<div class=\"wpb_wrapper\">\n\t\t\t<p><strong>Zdzis\u0142aw Beksi\u0144ski<\/strong> (Sanok 24 II 1929 &#8211; Warszawa 21 II 2005)<\/p>\n<p>studiowa\u0142 w latach 1947-1952 na Wydziale Architektury Politechniki Krakowskiej. By\u0142 artyst\u0105 samoukiem, kt\u00f3ry osi\u0105gn\u0105\u0142 niekwestionowan\u0105 pozycj\u0119 w polskiej sztuce wsp\u00f3\u0142czesnej, potwierdzon\u0105 obecno\u015bci\u0105 jego prac na presti\u017cowych wystawach i w kolekcjach muzealnych. Pocz\u0105tkowo zajmowa\u0142 si\u0119 fotografi\u0105, kt\u00f3r\u0105 interesowa\u0142 si\u0119 od lat studenckich, po 1956 zyskuj\u0105c uznanie jako tw\u00f3rca fotogram\u00f3w o estetyce opartej o efekty fakturowe.<\/p>\n<p>W latach 1958-1962 tworzy\u0142 abstrakcyjne obrazy-reliefy o bogatej fakturze, g\u0142\u00f3wnie metalowe, b\u0119d\u0105ce odmian\u0105 malarstwa materii. Pod koniec tego okresu powstawa\u0142y a\u017curowe formy o kszta\u0142tach figur i pe\u0142noplastyczne rze\u017aby w metalu. Kolejnym etapem jego tw\u00f3rczo\u015bci by\u0142y lata 1962-1974, kiedy po\u015bwi\u0119ca\u0142 si\u0119 g\u0142\u00f3wnie rysunkowi. W latach 60. rysowa\u0142 pi\u00f3rkiem i tuszem figuralne kompozycje odznaczaj\u0105ce si\u0119 karykaturaln\u0105 deformacj\u0105 postaci. Od ko\u0144ca lat 60. tworzy\u0142 rysunki w\u0119glem i kredkami, b\u0119d\u0105ce monochromatyczn\u0105 odmian\u0105 jego r\u00f3wnoleg\u0142ej tw\u00f3rczo\u015bci malarskiej.<\/p>\n<p>Na pocz\u0105tku lat 60-tych Zdzis\u0142aw Beksi\u0144ski czyni\u0142 pr\u00f3by literackie, bardzo zreszt\u0105 ciekawe. Zosta\u0142y one wydane przez Wydawnictwo BOSZ w ksi\u0105\u017cce &#8222;Opowiadania&#8221; i oceniane s\u0105 bardzo wysoko,m.in. przez profesora Bralczyka.<\/p>\n<p>Od 1974 zajmowa\u0142 si\u0119 niemal niepodzielnie malarstwem. Jego charakterystyczny styl bazowa\u0142 na perfekcji technicznej, kt\u00f3rej towarzyszy\u0142a niezwyk\u0142o\u015b\u0107 wizji. Malowa\u0142 \u015bwiat po katastrofie, naznaczony pi\u0119tnem \u015bmierci i rozpadu. Jego obrazy zaludniaj\u0105 postaci i stwory o ludzkich wprawdzie b\u0105d\u017a zwierz\u0119cych kszta\u0142tach, lecz o cechach fantom\u00f3w, automat\u00f3w lub rozpadaj\u0105cych si\u0119 truche\u0142. Artysta nie nadawa\u0142 swym obrazom i rysunkom tytu\u0142\u00f3w (poza porz\u0105dkuj\u0105cymi symbolami), akcentuj\u0105c w ten spos\u00f3b sw\u00f3j brak zainteresowania dla literackiej strony przedstawie\u0144. Sam m\u00f3wi\u0142, \u017ce maluj\u0105c ca\u0142kowicie poddaje si\u0119 wizji, \u201efotografuje\u201c j\u0105. W ostatnich latach w\u0142\u0105czy\u0142 do swego warsztatu artystycznego elektroniczne techniki generowania obrazu, kt\u00f3re wykorzystywa\u0142 do tworzenia komputerowych fotomonta\u017cy. Sztuka Beksi\u0144skiego, wielokrotnie wystawiana i omawiana, budzi skrajne emocje w\u015br\u00f3d znawc\u00f3w i publiczno\u015bci.<\/p>\n<p>Najwi\u0119ksza, systematycznie uzupe\u0142niana kolekcja jego prac w kraju znajduje si\u0119 w Muzeum Historycznym w Sanoku, za granic\u0105 &#8211; w Pary\u017cu, w posiadaniu Piotra Dmochowskiego, kt\u00f3ry od 1983 kolekcjonuje prace i promuje tw\u00f3rczo\u015b\u0107 artysty.<\/p>\n<p>Zorganizowa\u0142 on wystawy indywidualne Beksi\u0144skiego m.in. w Galerie Valmay w Pary\u017cu w 1985, 1986 i 1988 oraz sta\u0142\u0105 ekspozycj\u0119 we w\u0142asnej Galerie Dmochowski &#8211; Mus\u00e9e-galerie de Beksi\u0144ski, istniej\u0105cej w latach 1989-1996. Jego te\u017c nak\u0142adem ukaza\u0142y si\u0119 monumentalne albumy artysty w 1988 i 1991.<\/p>\n<p>Od pa\u017adziernika 2016 w Nowohuckim Centrum Kultury w Krakowie na sta\u0142e zago\u015bci\u0142a wystawa 250 prac (obraz\u00f3w, rysunk\u00f3w, fotografii) Zdzis\u0142awa Beksi\u0144skiego z prywatnej kolekcji Anny i Piotra Dmochowskich. Natomiast od czerwca 2021 sta\u0142a wystawa 30 obraz\u00f3w Beksi\u0144skiego z kolekcji Dmochowskich prezentowana jest r\u00f3wnie\u017c w Muzeum Archidiecezji w Warszawie.<\/p>\n<p>W latach 2020-2024 Muzeum Historyczne w Sanoku zorganizowa\u0142o szereg wystaw obraz\u00f3w Beksi\u0144skiego ze swojej kolekcji w r\u00f3\u017cnych miastach w Polsce (Tychy, \u0141\u00f3d\u017a, Warszawa, Gda\u0144sk) cz\u0119sto po\u0142\u0105czonych z multimedialnymi pokazami dla publiczno\u015bci.<\/p>\n<p>MHS jest wy\u0142\u0105cznym spadkobierc\u0105 i dysponentem praw autorskich do tw\u00f3rczo\u015bci Zdzis\u0142awa Beksi\u0144skiego.<\/p>\n\n\t\t<\/div>\n\t<\/div>\n<\/div><\/div><\/div><\/div>\n<\/div>","protected":false},"excerpt":{"rendered":"(zdj\u0119cie: Piotr Dmochowski, CC BY-SA 3.0, https:\/\/commons.wikimedia.org\/w\/index.php?curid=8960820 ) Zdzis\u0142aw Beksi\u0144ski (Sanok 24 II 1929 - Warszawa 21 II 2005) studiowa\u0142 [...]","protected":false},"author":2,"featured_media":0,"parent":0,"menu_order":0,"comment_status":"closed","ping_status":"closed","template":"","meta":{"site-sidebar-layout":"right-sidebar","site-content-layout":"plain-container","ast-site-content-layout":"normal-width-container","site-content-style":"boxed","site-sidebar-style":"default","ast-global-header-display":"","ast-banner-title-visibility":"disabled","ast-main-header-display":"","ast-hfb-above-header-display":"","ast-hfb-below-header-display":"","ast-hfb-mobile-header-display":"","site-post-title":"disabled","ast-breadcrumbs-content":"","ast-featured-img":"disabled","footer-sml-layout":"","theme-transparent-header-meta":"default","adv-header-id-meta":"","stick-header-meta":"","header-above-stick-meta":"","header-main-stick-meta":"","header-below-stick-meta":"","astra-migrate-meta-layouts":"set","ast-page-background-enabled":"default","ast-page-background-meta":{"desktop":{"background-color":"var(--ast-global-color-5)","background-image":"","background-repeat":"repeat","background-position":"center center","background-size":"auto","background-attachment":"scroll","background-type":"","background-media":"","overlay-type":"","overlay-color":"","overlay-opacity":"","overlay-gradient":""},"tablet":{"background-color":"","background-image":"","background-repeat":"repeat","background-position":"center center","background-size":"auto","background-attachment":"scroll","background-type":"","background-media":"","overlay-type":"","overlay-color":"","overlay-opacity":"","overlay-gradient":""},"mobile":{"background-color":"","background-image":"","background-repeat":"repeat","background-position":"center center","background-size":"auto","background-attachment":"scroll","background-type":"","background-media":"","overlay-type":"","overlay-color":"","overlay-opacity":"","overlay-gradient":""}},"ast-content-background-meta":{"desktop":{"background-color":"var(--ast-global-color-4)","background-image":"","background-repeat":"repeat","background-position":"center center","background-size":"auto","background-attachment":"scroll","background-type":"","background-media":"","overlay-type":"","overlay-color":"","overlay-opacity":"","overlay-gradient":""},"tablet":{"background-color":"var(--ast-global-color-4)","background-image":"","background-repeat":"repeat","background-position":"center center","background-size":"auto","background-attachment":"scroll","background-type":"","background-media":"","overlay-type":"","overlay-color":"","overlay-opacity":"","overlay-gradient":""},"mobile":{"background-color":"var(--ast-global-color-4)","background-image":"","background-repeat":"repeat","background-position":"center center","background-size":"auto","background-attachment":"scroll","background-type":"","background-media":"","overlay-type":"","overlay-color":"","overlay-opacity":"","overlay-gradient":""}},"footnotes":""},"class_list":["post-16035","page","type-page","status-publish","hentry"],"_links":{"self":[{"href":"https:\/\/nova.agraart.pl\/pl_pl\/wp-json\/wp\/v2\/pages\/16035","targetHints":{"allow":["GET"]}}],"collection":[{"href":"https:\/\/nova.agraart.pl\/pl_pl\/wp-json\/wp\/v2\/pages"}],"about":[{"href":"https:\/\/nova.agraart.pl\/pl_pl\/wp-json\/wp\/v2\/types\/page"}],"author":[{"embeddable":true,"href":"https:\/\/nova.agraart.pl\/pl_pl\/wp-json\/wp\/v2\/users\/2"}],"replies":[{"embeddable":true,"href":"https:\/\/nova.agraart.pl\/pl_pl\/wp-json\/wp\/v2\/comments?post=16035"}],"version-history":[{"count":0,"href":"https:\/\/nova.agraart.pl\/pl_pl\/wp-json\/wp\/v2\/pages\/16035\/revisions"}],"wp:attachment":[{"href":"https:\/\/nova.agraart.pl\/pl_pl\/wp-json\/wp\/v2\/media?parent=16035"}],"curies":[{"name":"wp","href":"https:\/\/api.w.org\/{rel}","templated":true}]}}