{"id":12931,"date":"2021-07-27T16:58:51","date_gmt":"2021-07-27T14:58:51","guid":{"rendered":"https:\/\/nova.agraart.pl\/?page_id=12931"},"modified":"2025-05-16T12:28:32","modified_gmt":"2025-05-16T10:28:32","slug":"jacek-yerka","status":"publish","type":"page","link":"https:\/\/nova.agraart.pl\/pl_pl\/jacek-yerka\/","title":{"rendered":"Jacek Yerka"},"content":{"rendered":"<div class=\"wpb-content-wrapper\"><div class=\"vc_row wpb_row vc_row-fluid\"><div class=\"wpb_column vc_column_container vc_col-sm-12\"><div class=\"vc_column-inner\"><div class=\"wpb_wrapper\"><div class=\"vc_row wpb_row vc_inner vc_row-fluid\"><div class=\"wpb_column vc_column_container vc_col-sm-3\"><div class=\"vc_column-inner\"><div class=\"wpb_wrapper\">\n\t<div  class=\"wpb_single_image wpb_content_element vc_align_left wpb_content_element\">\n\t\t\n\t\t<figure class=\"wpb_wrapper vc_figure\">\n\t\t\t<div class=\"vc_single_image-wrapper   vc_box_border_grey\"><img loading=\"lazy\" decoding=\"async\" width=\"150\" height=\"150\" src=\"https:\/\/nova.agraart.pl\/wp-content\/uploads\/2025\/04\/autor-4-150x150.jpg\" class=\"vc_single_image-img attachment-thumbnail\" alt=\"\" title=\"autor-4\" srcset=\"https:\/\/nova.agraart.pl\/wp-content\/uploads\/2025\/04\/autor-4-150x150.jpg 150w, https:\/\/nova.agraart.pl\/wp-content\/uploads\/2025\/04\/autor-4-100x100.jpg 100w\" sizes=\"auto, (max-width: 150px) 100vw, 150px\" \/><\/div>\n\t\t<\/figure>\n\t<\/div>\n<\/div><\/div><\/div><div class=\"wpb_column vc_column_container vc_col-sm-3\"><div class=\"vc_column-inner\"><div class=\"wpb_wrapper\">\n\t<div  class=\"wpb_single_image wpb_content_element vc_align_left wpb_content_element\">\n\t\t\n\t\t<figure class=\"wpb_wrapper vc_figure\">\n\t\t\t<div class=\"vc_single_image-wrapper   vc_box_border_grey\"><img loading=\"lazy\" decoding=\"async\" width=\"150\" height=\"150\" src=\"https:\/\/nova.agraart.pl\/wp-content\/uploads\/2025\/04\/autor-5-150x150.jpg\" class=\"vc_single_image-img attachment-thumbnail\" alt=\"\" title=\"autor-5\" srcset=\"https:\/\/nova.agraart.pl\/wp-content\/uploads\/2025\/04\/autor-5-150x150.jpg 150w, https:\/\/nova.agraart.pl\/wp-content\/uploads\/2025\/04\/autor-5-100x100.jpg 100w\" sizes=\"auto, (max-width: 150px) 100vw, 150px\" \/><\/div>\n\t\t<\/figure>\n\t<\/div>\n<\/div><\/div><\/div><div class=\"wpb_column vc_column_container vc_col-sm-3\"><div class=\"vc_column-inner\"><div class=\"wpb_wrapper\">\n\t<div  class=\"wpb_single_image wpb_content_element vc_align_left wpb_content_element\">\n\t\t\n\t\t<figure class=\"wpb_wrapper vc_figure\">\n\t\t\t<div class=\"vc_single_image-wrapper   vc_box_border_grey\"><img loading=\"lazy\" decoding=\"async\" width=\"150\" height=\"150\" src=\"https:\/\/nova.agraart.pl\/wp-content\/uploads\/2021\/07\/yerk_xdd-e1627398000989-150x150.jpg\" class=\"vc_single_image-img attachment-thumbnail\" alt=\"\" title=\"yerk_xdd\" srcset=\"https:\/\/nova.agraart.pl\/wp-content\/uploads\/2021\/07\/yerk_xdd-e1627398000989-150x150.jpg 150w, https:\/\/nova.agraart.pl\/wp-content\/uploads\/2021\/07\/yerk_xdd-e1627398000989-100x100.jpg 100w\" sizes=\"auto, (max-width: 150px) 100vw, 150px\" \/><\/div>\n\t\t<\/figure>\n\t<\/div>\n<\/div><\/div><\/div><div class=\"wpb_column vc_column_container vc_col-sm-3\"><div class=\"vc_column-inner\"><div class=\"wpb_wrapper\">\n\t<div  class=\"wpb_single_image wpb_content_element vc_align_left wpb_content_element\">\n\t\t\n\t\t<figure class=\"wpb_wrapper vc_figure\">\n\t\t\t<div class=\"vc_single_image-wrapper   vc_box_border_grey\"><img loading=\"lazy\" decoding=\"async\" width=\"150\" height=\"150\" src=\"https:\/\/nova.agraart.pl\/wp-content\/uploads\/2025\/04\/autor-6-150x150.jpg\" class=\"vc_single_image-img attachment-thumbnail\" alt=\"\" title=\"autor-6\" srcset=\"https:\/\/nova.agraart.pl\/wp-content\/uploads\/2025\/04\/autor-6-150x150.jpg 150w, https:\/\/nova.agraart.pl\/wp-content\/uploads\/2025\/04\/autor-6-100x100.jpg 100w\" sizes=\"auto, (max-width: 150px) 100vw, 150px\" \/><\/div>\n\t\t<\/figure>\n\t<\/div>\n<\/div><\/div><\/div><\/div><\/div><\/div><\/div><\/div><div class=\"vc_row wpb_row vc_row-fluid\"><div class=\"wpb_column vc_column_container vc_col-sm-12\"><div class=\"vc_column-inner\"><div class=\"wpb_wrapper\"><div class=\"vc_empty_space\"   style=\"height: 32px\"><span class=\"vc_empty_space_inner\"><\/span><\/div><\/div><\/div><\/div><\/div><div class=\"vc_row wpb_row vc_row-fluid\"><div class=\"wpb_column vc_column_container vc_col-sm-12\"><div class=\"vc_column-inner\"><div class=\"wpb_wrapper\">\n\t<div class=\"wpb_text_column wpb_content_element\" >\n\t\t<div class=\"wpb_wrapper\">\n\t\t\t<div class=\"piece-of-art-view_desc_nota\">\n<div class=\"piece-of-art-nota\">\n<p>Specjalizowa\u0142 si\u0119 w grafice. W trakcie studi\u00f3w bra\u0142 udzia\u0142 w wielu konkursach po\u015bwi\u0119conych sztuce plakatowej, m.in. z okazji 50-lecia Polskiego Zwi\u0105zku \u0141owieckiego (I nagroda), tzw. \u015awi\u0119ta Odrodzenia (I nagroda),\u00a0 igrzysk olimpijskich w Toronto, 50-lecia LOT-u, czy reklamuj\u0105cych \u201cSpo\u0142em\u201d.<\/p>\n<p>Wkr\u00f3tce po otrzymaniu dyplomu zdoby\u0142 III nagrod\u0119 na Biennale Plakatu Polskiego w Katowicach (1979). W tym czasie zaistnia\u0142 r\u00f3wnie\u017c na scenie mi\u0119dzynarodowej. W 1978 roku wygra\u0142 konkurs pod has\u0142em &#8222;Palestine- homeland denied&#8221; zorganizowany przez Iraqi Cultural Center w Londynie, a rok p\u00f3\u017aniej na plakat promuj\u0105cy rozw\u00f3j komunikacji publicznej w Mediolanie.<\/p>\n<p>Jego prace by\u0142y wystawiane na Mi\u0119dzynarodowym Biennale Sportu w Barcelonie (1980, III nagroda), Mi\u0119dzynarodowym Biennale Plakatu w Warszawie (1981, III nagroda) i na Biennale Plakatu w Lahti (1983, III nagroda). W pocz\u0105tkowym okresie tw\u00f3rczo\u015bci artysta rzadko tworzy\u0142 obrazy, m.in. na pozna\u0144ski konkurs malarski im. Jana Spychalskiego (dwukrotnie III nagroda). Po 1980 roku porzuci\u0142 sztuk\u0119 plakatow\u0105 i po\u015bwi\u0119ci\u0142 si\u0119 ca\u0142kowicie malarstwu. Bazuj\u0105c na precyzyjnej, wzorowanej na dawnych mistrzach technice obrazowania (Jan van Eyck, Hieronymus Bosch), lecz przede wszystkim na w\u0142asnej, nie znaj\u0105cej granic wyobra\u017ani, tworzy surrealne kompozycje, szczeg\u00f3lnie podziwiane przez mi\u0142o\u015bnik\u00f3w fantastyki we wszystkich odmianach. Zainspirowa\u0142 m.in. autora fantasy Harlana Ellisona do napisania 30 kr\u00f3tkich opowiada\u0144, kt\u00f3re wraz z obrazami artysty z\u0142o\u017cy\u0142y si\u0119 na publikacj\u0119 pt. &#8222;Mind Fields&#8221; nagrodzon\u0105 w 1995 roku World Fantasy Award. Sukces albumu zaowocowa\u0142 wystaw\u0105 w\u00a0w Morpheus Gallery w Beverly Hills w 1998 roku. To samo wydawnictwo &#8211; &#8222;Morpheus International&#8221; &#8211;\u00a0 wyda\u0142o album &#8222;The Fantastic Art of Jacek Yerka&#8221;. Artysta wsp\u00f3\u0142pracowa\u0142 tak\u017ce przy produkcji ameryka\u0144skiego filmu pt. &#8222;Strawberry Fields&#8221;, gdzie obrazom mia\u0142a towarzyszy\u0107 muzyka Beatles\u00f3w. Prace artysty &#8211; cenionego reprezentanta nurtu fantastycznego &#8211; znajduj\u0105 si\u0119 w wielu polskich i zagranicznych kolekcjach prywatnych. Wystawy Jacka Yerki mia\u0142y miejsce za granic\u0105 (m.in. w Hela Nebelung Galerie w D\u00fcsseldorfie w 1983 roku) i w kraju &#8211; w Galerii OdNowa w Poznaniu (1975), Galerii Gra\u017cyny Hase w Warszawie (1980, 1982), Galerii Sztuki Alicji i Bo\u017ceny Wahl (1990), Hotelu Filmar w Toruniu (2016), DA Agra-Art (2022).<\/p>\n<p><strong>Jacek Yerka,\u00a0<em>\u017bywot artystyczny<\/em><\/strong><br \/>\nM\u00f3j \u017cywot artystyczny rozpocz\u0105\u0142 si\u0119 na drugim roku studi\u00f3w na Wydziale Sztuk Pi\u0119knych UMK. Zupe\u0142nie nieoczekiwanie (dla siebie, koleg\u00f3w i grona pedagog\u00f3w) wygra\u0142em konkurs na plakat z okazji 50-lecia Polskiego Zwi\u0105zku \u0141owieckiego. Dosta\u0142em I nagrod\u0119 w wysoko\u015bci 450 z\u0142, za kt\u00f3r\u0105 kupi\u0142em w ksi\u0119garni KMPiK du\u017cy album Boscha i i jeszcze wi\u0119kszy z grafikami D\u00fcrera.<\/p>\n<p>Na trzecim roku studi\u00f3w wzi\u0105\u0142em udzia\u0142 w konkursie na plakat z okazji tzw. \u015awi\u0119ta Odrodzenia, kt\u00f3ry zn\u00f3w nieoczekiwanie wygra\u0142em. Tu ju\u017c nagroda by\u0142a powa\u017cniejsza, a gen. Jerzy Zi\u0119tek w Katowicach osobi\u015bcie mi pogratulowa\u0142 sukcesu. Zaczyna\u0142em powoli zamienia\u0107 si\u0119 w \u0142owc\u0119 nagr\u00f3d. Bra\u0142em udzia\u0142 we wszystkich mo\u017cliwych konkursach plakatowych; z okazji \u015bw. 1 maja, 22 lipca, reklamuj\u0105cych &#8222;Spo\u0142em&#8221;(p\u0142acili najlepiej i w miar\u0119 przyzwoicie drukowali moje bardzo realistyczne i trudne w druku projekty), na igrzyska olimpijskie w Toronto, na 50-lecie LOT-u, z okazji turnieju rycerskiego na zamku golubskim (tu organizator obieca\u0142 mi wygran\u0105 i s\u0142owa dotrzyma\u0142- zdaje si\u0119, \u017ce by\u0142em jedynym uczestnikiem tego pami\u0119tnego konkursu) i wielu innych, kt\u00f3rych ju\u017c dok\u0142adnie nie pami\u0119tam.<\/p>\n<p>\u017beby nie wpa\u015b\u0107 w rutyn\u0119 bra\u0142em te\u017c udzia\u0142 w konkursach malarskich im. Jana Spychalskiego organizowanych w Poznaniu; dosta\u0142em tam pod koniec lat 70-tych 2 razy III nagrod\u0119. W 1978 wygra\u0142em konkurs organizowany przez Iraqi Cultural Center w Londynie pod has\u0142em &#8222;Palestine- homeland denied&#8221;. Dosta\u0142em 1500\u00a3 (1\u00a3 by\u0142 po 3,5 $), przyjemn\u0105 podr\u00f3\u017c po Iraku i u\u015bcisk d\u0142oni od Tarika Aziza (mia\u0142 by\u0107 Saddam Husajn, ale w\u0142a\u015bnie robi\u0142 czystki w partii Baas).<\/p>\n<p>Zdoby\u0142em r\u00f3wnie\u017c III nagrod\u0119 na Biennale Plakatu Polskiego w Katowicach w 1979 r. W 1980 r. dosta\u0142em III nagrod\u0119 na Mi\u0119dzynarodowym Biennale Sportu w Barcelonie. R\u00f3wnie\u017c w 1980 wygra\u0142em konkurs w Mediolanie na plakat promuj\u0105cy rozw\u00f3j publicznej komunikacji- kosmicznie wysok\u0105 ,w tamtych czasach, nagrod\u0119 odebra\u0142em osobi\u015bcie, jad\u0105c ma\u0142ym Fiatem z p\u0119kni\u0119t\u0105 uszczelk\u0105 pod g\u0142owic\u0105, coraz wolniej przez Alpy. Zdoby\u0142em te\u017c III nagrod\u0119 na Mi\u0119dzynarodowym Biennale Plakatu w Warszawie w 1981 r. i na Biennale Plakatu w Lahti w 1983 r.<\/p>\n<p>To ju\u017c by\u0142 koniec mojej przygody z plakatem, malarstwo wci\u0105gn\u0119\u0142o mnie ca\u0142kowicie. W 1995 r. m\u00f3j wydany w USA przez Jamesa Cowana, we wsp\u00f3\u0142pracy z Harlanem Ellisonem, album &#8222;Mind Fields&#8221;, dosta\u0142 nagrod\u0119 World Fantasy Award. Zaowocowa\u0142o to wystaw\u0105 w Los Angeles w 1998 roku w Beverly Hills Gallery. W 2011(?) roku NVIDIA zorganizowa\u0142a og\u00f3lno\u015bwiatowy konkurs na grafik\u0119 komputerow\u0105 inspirowan\u0105 moimi obrazami. Zwyci\u0119ska praca tak mi si\u0119 spodoba\u0142a, \u017ce zrobi\u0142em inspirowany ni\u0105 &#8222;Trzeci Dzie\u0144 Stworzenia&#8221;. Historia moich wystaw indywidualnych jest kr\u00f3tka i wynika ze specyfiki mojej pracy. Obrazy s\u0105 czasoch\u0142onne i wi\u0119kszo\u015b\u0107 znajduje nabywc\u00f3w, zanim zmaterializuje si\u0119 idea nast\u0119pnej wystawy.<\/p>\n<p>Ale kilka razy to si\u0119 uda\u0142o:<\/p>\n<ul>\n<li>Janowi Malikowi w 1975 roku w Galerii Od Nowa w Poznaniu &#8211; 6 wielkich obraz\u00f3w, ca\u0142y m\u00f3j \u00f3wczesny dorobek, wioz\u0142em w korytarzu poci\u0105gu do Poznania, ca\u0142y czas pilnuj\u0105c, \u017ceby przeciskaj\u0105cy si\u0119 pasa\u017cerowie ich nie wgnietli; ale na wernisa\u017cu odby\u0142em \u015bwietn\u0105 rozmow\u0119 z prof. Tadeuszem Brzozowskim, kt\u00f3ry mnie utwierdzi\u0142 w przekonaniu, \u017ceby malowa\u0107 po swojemu i na nikogo si\u0119 nie ogl\u0105da\u0107;<\/li>\n<li>Gra\u017cynie Hase w 1980 i 1982 roku, w jej nastrojowej galerii na Marsza\u0142kowskiej w Warszawie;<\/li>\n<li>Helli Nebelung w 1983 roku w Hella Nebelung Gallery w D\u00fcsseldorfie;<\/li>\n<li>Alicji Wahl w 1990 roku w autorskiej galerii na \u017boliborzu;<\/li>\n<li>Jamesowi Cowanowi w 1998 roku w Beverly Hills Gallery w Los Angeles;<\/li>\n<li>Wiesiowi \u017byle w foyer hotelu &#8222;Filmar&#8221; w Toruniu (tylko gicle\u00e8) w 2016 roku;<\/li>\n<li>Konradowi Szukalskiemu w 2012 roku w galerii Domu Aukcyjnego Agraart.<\/li>\n<\/ul>\n<p>Nie mog\u0119 zapomnie\u0107 o mosi\u0119\u017cnej\u00a0<em>Katarzynce\u00a0<\/em>w toru\u0144skiej galerii s\u0142aw przed Dworem Artusa, gdzie w 2008 roku przem\u00f3wi\u0142em w letni wiecz\u00f3r do zgromadzonego t\u0142umu. Ca\u0142y czas maluj\u0119 i pr\u00f3buj\u0119 zmierzy\u0107 si\u0119 z nowymi pomys\u0142ami albo odkurzy\u0107 dawne, kt\u00f3rych kiedy\u015b nie uda\u0142o mi si\u0119 z powod\u00f3w brak\u00f3w warsztatowych albo mentalnych, zrealizowa\u0107.<\/p>\n<\/div>\n<\/div>\n\n\t\t<\/div>\n\t<\/div>\n<\/div><\/div><\/div><\/div><div class=\"vc_row wpb_row vc_row-fluid\"><div class=\"wpb_column vc_column_container vc_col-sm-12\"><div class=\"vc_column-inner\"><div class=\"wpb_wrapper\"><div class=\"vc_empty_space\"   style=\"height: 32px\"><span class=\"vc_empty_space_inner\"><\/span><\/div><\/div><\/div><\/div><\/div><div class=\"vc_row wpb_row vc_row-fluid\"><div class=\"wpb_column vc_column_container vc_col-sm-12\"><div class=\"vc_column-inner\"><div class=\"wpb_wrapper\"><div class=\"vc_empty_space\"   style=\"height: 32px\"><span class=\"vc_empty_space_inner\"><\/span><\/div><\/div><\/div><\/div><\/div><div class=\"vc_row wpb_row vc_row-fluid\"><div class=\"wpb_column vc_column_container vc_col-sm-12\"><div class=\"vc_column-inner\"><div class=\"wpb_wrapper\">\n\t<div class=\"wpb_video_widget wpb_content_element vc_clearfix   vc_video-aspect-ratio-169 vc_video-el-width-60 vc_video-align-left\" >\n\t\t<div class=\"wpb_wrapper\">\n\t\t\t\n\t\t\t<div class=\"wpb_video_wrapper\"><div class=\"ast-oembed-container \" style=\"height: 100%;\"><iframe loading=\"lazy\" title=\"Rozmowy Przy Sztuce. \u015awiaty Jacka Yerki. Podcast #05\" width=\"500\" height=\"281\" src=\"https:\/\/www.youtube.com\/embed\/EE57_M6RTdk?feature=oembed\" frameborder=\"0\" allow=\"accelerometer; autoplay; clipboard-write; encrypted-media; gyroscope; picture-in-picture; web-share\" allowfullscreen><\/iframe><\/div><\/div>\n\t\t<\/div>\n\t<\/div>\n<\/div><\/div><\/div><\/div><div class=\"vc_row wpb_row vc_row-fluid\"><div class=\"wpb_column vc_column_container vc_col-sm-12\"><div class=\"vc_column-inner\"><div class=\"wpb_wrapper\"><div class=\"vc_empty_space\"   style=\"height: 32px\"><span class=\"vc_empty_space_inner\"><\/span><\/div><\/div><\/div><\/div><\/div>\n<\/div>","protected":false},"excerpt":{"rendered":"Specjalizowa\u0142 si\u0119 w grafice. W trakcie studi\u00f3w bra\u0142 udzia\u0142 w wielu konkursach po\u015bwi\u0119conych sztuce plakatowej, m.in. z okazji 50-lecia Polskiego [...]","protected":false},"author":2,"featured_media":0,"parent":0,"menu_order":0,"comment_status":"closed","ping_status":"closed","template":"","meta":{"site-sidebar-layout":"right-sidebar","site-content-layout":"plain-container","ast-site-content-layout":"normal-width-container","site-content-style":"boxed","site-sidebar-style":"default","ast-global-header-display":"","ast-banner-title-visibility":"","ast-main-header-display":"","ast-hfb-above-header-display":"","ast-hfb-below-header-display":"","ast-hfb-mobile-header-display":"","site-post-title":"","ast-breadcrumbs-content":"","ast-featured-img":"disabled","footer-sml-layout":"","theme-transparent-header-meta":"default","adv-header-id-meta":"","stick-header-meta":"","header-above-stick-meta":"","header-main-stick-meta":"","header-below-stick-meta":"","astra-migrate-meta-layouts":"set","ast-page-background-enabled":"default","ast-page-background-meta":{"desktop":{"background-color":"var(--ast-global-color-5)","background-image":"","background-repeat":"repeat","background-position":"center center","background-size":"auto","background-attachment":"scroll","background-type":"","background-media":"","overlay-type":"","overlay-color":"","overlay-opacity":"","overlay-gradient":""},"tablet":{"background-color":"","background-image":"","background-repeat":"repeat","background-position":"center center","background-size":"auto","background-attachment":"scroll","background-type":"","background-media":"","overlay-type":"","overlay-color":"","overlay-opacity":"","overlay-gradient":""},"mobile":{"background-color":"","background-image":"","background-repeat":"repeat","background-position":"center center","background-size":"auto","background-attachment":"scroll","background-type":"","background-media":"","overlay-type":"","overlay-color":"","overlay-opacity":"","overlay-gradient":""}},"ast-content-background-meta":{"desktop":{"background-color":"var(--ast-global-color-4)","background-image":"","background-repeat":"repeat","background-position":"center center","background-size":"auto","background-attachment":"scroll","background-type":"","background-media":"","overlay-type":"","overlay-color":"","overlay-opacity":"","overlay-gradient":""},"tablet":{"background-color":"var(--ast-global-color-4)","background-image":"","background-repeat":"repeat","background-position":"center center","background-size":"auto","background-attachment":"scroll","background-type":"","background-media":"","overlay-type":"","overlay-color":"","overlay-opacity":"","overlay-gradient":""},"mobile":{"background-color":"var(--ast-global-color-4)","background-image":"","background-repeat":"repeat","background-position":"center center","background-size":"auto","background-attachment":"scroll","background-type":"","background-media":"","overlay-type":"","overlay-color":"","overlay-opacity":"","overlay-gradient":""}},"footnotes":""},"class_list":["post-12931","page","type-page","status-publish","hentry"],"_links":{"self":[{"href":"https:\/\/nova.agraart.pl\/pl_pl\/wp-json\/wp\/v2\/pages\/12931","targetHints":{"allow":["GET"]}}],"collection":[{"href":"https:\/\/nova.agraart.pl\/pl_pl\/wp-json\/wp\/v2\/pages"}],"about":[{"href":"https:\/\/nova.agraart.pl\/pl_pl\/wp-json\/wp\/v2\/types\/page"}],"author":[{"embeddable":true,"href":"https:\/\/nova.agraart.pl\/pl_pl\/wp-json\/wp\/v2\/users\/2"}],"replies":[{"embeddable":true,"href":"https:\/\/nova.agraart.pl\/pl_pl\/wp-json\/wp\/v2\/comments?post=12931"}],"version-history":[{"count":0,"href":"https:\/\/nova.agraart.pl\/pl_pl\/wp-json\/wp\/v2\/pages\/12931\/revisions"}],"wp:attachment":[{"href":"https:\/\/nova.agraart.pl\/pl_pl\/wp-json\/wp\/v2\/media?parent=12931"}],"curies":[{"name":"wp","href":"https:\/\/api.w.org\/{rel}","templated":true}]}}