{"id":12732,"date":"2021-07-02T16:20:15","date_gmt":"2021-07-02T14:20:15","guid":{"rendered":"https:\/\/nova.agraart.pl\/?page_id=12732"},"modified":"2025-05-16T14:25:03","modified_gmt":"2025-05-16T12:25:03","slug":"jak-kupowac-i-zamawiac","status":"publish","type":"page","link":"https:\/\/nova.agraart.pl\/pl_pl\/jak-kupowac-i-zamawiac\/","title":{"rendered":"Jak kupowa\u0107 &#8211; porady dla klient\u00f3w"},"content":{"rendered":"<h4>Kilka porad jak kupowa\u0107 w naszym sklepie<\/h4>\n<p>&nbsp;<\/p>\n<ul>\n<li style=\"padding-bottom: 30px;\">\n<h5><strong>Ka\u017cda gicl\u00e9e jest inna.<\/strong><\/h5>\n<p>Mamy du\u017co zarejestrowanych wzor\u00f3w gicl\u00e9e\u00a0 Jacka Yerki &#8211; dlatego ka\u017cdy wz\u00f3r ma swoj\u0105 kategori\u0119. W obr\u0119bie kategorii kupujemy okre\u015blone numerem egzemplarze pracy.<br \/>\n<em>Na przyk\u0142ad :\u00a0 kategoria wzoru &#8222;<a href=\"https:\/\/nova.agraart.pl\/kategoria-produktu\/yerka\/giclee-nieoprawione\/prywatna-fala\/#shop\" target=\"_blank\" rel=\"noopener\">Prywatna fala<\/a>&#8221;\u00a0 zawiera 4 egzemplarze z edycji 50 szt : 1\/50, 12\/50, 3\/50 itd. Aby kupi\u0107, wchodzimy do kategorii Jacek Yerka -&gt; wybieramy kategori\u0119 &#8222;Prywatna fala&#8221; -&gt; wybieramy konkretny egzemplarz serii o unikalnym numerze (np 12\/50)<\/em><br \/>\nKupujemy <strong>konkretny egzemplarz<\/strong> z oznaczeniem jak w tytule.<\/li>\n<li style=\"padding-bottom: 30px;\">\n<h5><strong>Nak\u0142ady i rozmiary.<\/strong><\/h5>\n<p>Edycje gicl\u00e9e\u00a0 mog\u0105 r\u00f3\u017cni\u0107 si\u0119 rozmiarem i nak\u0142adem . W naszym sklepie znajdziecie rozmiary standardowe (mniejszy bok 54 cm) lub Supersize (mniejszy bok 66 cm)\u00a0 &#8211; np. <a href=\"https:\/\/nova.agraart.pl\/kategoria-produktu\/yerka\/giclee-nieoprawione\/ulica-atramentowa\/\">Ulica atramentowa<\/a>. Ten sam wz\u00f3r mo\u017ce mie\u0107 r\u00f3\u017cne edycje r\u00f3\u017cni\u0105ce si\u0119 wymiarami. Zwykle jednak nowa edycja r\u00f3\u017cni\u0105ca si\u0119 wymiarem powstaje po wyczerpaniu innej edycji danego wzoru. Najbardziej popularne wzory jak<a href=\"https:\/\/nova.agraart.pl\/kategoria-produktu\/yerka\/giclee-nieoprawione\/bibliotama\/\" target=\"_blank\" rel=\"noopener\"> Bibliotama<\/a>, istniej\u0105 ju\u017c tylko w edycjach Supersize.<br \/>\nEdycje Supersize oznaczone s\u0105 w sklepie symbolem XL.<br \/>\n<a href=\"https:\/\/nova.agraart.pl\/informacje-o-giclee\/\">Wi\u0119cej o edycjach, wymiarach i zasadach tworzenia gicl\u00e9e tutaj<\/a>.<\/li>\n<li style=\"padding-bottom: 30px;\">\n<h5><strong>Gicl\u00e9e\u00a0 bez oprawy vs w ramach.<\/strong><\/h5>\n<p>W przewa\u017caj\u0105cej wi\u0119kszo\u015bci przypadk\u00f3w sugerujemy wyb\u00f3r prac nieoprawionych. Po pierwsze &#8211; o wiele \u0142atwiej i bezpieczniej jest je wys\u0142a\u0107, po drugie &#8211; dob\u00f3r ramy jest cz\u0119sto procesem d\u0142ugim, wymagaj\u0105cym namys\u0142u i dostosowania do wn\u0119trza. W naszej Galerii oczywi\u015bcie mo\u017cemy tak\u017ce doradzi\u0107 opraw\u0119, a tak\u017ce mo\u017cna na miejscu obejrze\u0107 przyk\u0142ady oprawionych gicl\u00e9e .<\/li>\n<li style=\"padding-bottom: 30px;\">\n<h5><strong>Wysy\u0142ka prac\u00a0<\/strong><\/h5>\n<p>Po wybraniu konkretnych prac w koszyku zobaczymy r\u00f3wnie\u017c automatyczn\u0105 kalkulacj\u0119 kosztu wysy\u0142ki w zale\u017cno\u015bci od strefy geograficznej. Obecnie mamy skalkulowane automatyczne stawki do stref: Polska, Europa, USA, Kanada. W przypadku innych kraj\u00f3w prosimy o <a href=\"https:\/\/nova.agraart.pl\/o-nas\/\" target=\"_blank\" rel=\"noopener\">kontakt<\/a> w celu wyceny.<br \/>\nPrzed zakupem mo\u017cna <a href=\"https:\/\/nova.agraart.pl\/platnosci-i-wysylki\/\">oczywi\u015bcie zobaczy\u0107<\/a> ile kosztuje wys\u0142anie zakupionej pracy &#8211; w zale\u017cno\u015bci od sposobu pakowania oraz miejsca docelowego. Mo\u017cna te\u017c oczywi\u015bcie zap\u0142aci\u0107 na miejscu przy odbiorze osobistym.<br \/>\nUwaga\u00a0 &#8211; ze wzgl\u0119du na bezpiecze\u0144stwo prac, mo\u017cemy wys\u0142a\u0107 maksymalnie do 2 prac nieoprawionych w jednej wysy\u0142ce (kartonowa tuba).<br \/>\n<strong>Giclee nieoprawione wysy\u0142amy bezp\u0142atnie na terenie Polski !<\/strong><\/li>\n<li style=\"padding-bottom: 30px;\">\n<h5><strong>P\u0142atno\u015bci.<\/strong><\/h5>\n<p>Przyjmujemy <a style=\"font-size: 16px;\" href=\"https:\/\/nova.agraart.pl\/platnosci-i-wysylki\/\">p\u0142atno\u015bci online<\/a><span style=\"font-size: 16px;\"> (operator First Data) kartami p\u0142atniczymi, Blikiem oraz przelewami elektronicznymi z wielu polskich bank\u00f3w. Akceptujemy r\u00f3wnie\u017c p\u0142atno\u015b\u0107 Paypalem. Na miejscu w Galerii mo\u017cna zap\u0142aci\u0107 kart\u0105 p\u0142atnicz\u0105 przez terminal.<br \/>\n<\/span>Nie akceptujemy got\u00f3wki !<\/li>\n<li>\n<h5><strong>Wzory na zamowienie (Yerka)<\/strong><\/h5>\n<p>W naszej bazie mamy opracowanych oko\u0142o 130 wzor\u00f3w gicl\u00e9e, ale nie wszystkie s\u0105 dost\u0119pne do sprzeda\u017cy. W kategorii &#8222;Jacek Yerka\/\u00a0 Wzory&#8221; b\u0119dziemy umieszcza\u0107 zdj\u0119cia prac kt\u00f3re mog\u0105 by\u0107 wydrukowane na zm\u00f3wienie. Czas oczekiwania jest r\u00f3\u017cny (od tygodnia do miesi\u0105ca) &#8211; zale\u017cy od dost\u0119pno\u015bci Jacka Yerki, kt\u00f3ry rzadko bywa w Warszawie, a ka\u017cd\u0105 z prac musi obejrze\u0107 i podpisa\u0107 osobi\u015bcie.<\/li>\n<\/ul>\n","protected":false},"excerpt":{"rendered":"<p>Kilka porad jak kupowa\u0107 w naszym sklepie &nbsp; Ka\u017cda gicl\u00e9e jest inna. Mamy du\u017co zarejestrowanych wzor\u00f3w gicl\u00e9e\u00a0 Jacka Yerki &#8211; [&hellip;]<\/p>\n","protected":false},"author":2,"featured_media":0,"parent":0,"menu_order":0,"comment_status":"closed","ping_status":"closed","template":"","meta":{"site-sidebar-layout":"right-sidebar","site-content-layout":"","ast-site-content-layout":"normal-width-container","site-content-style":"boxed","site-sidebar-style":"boxed","ast-global-header-display":"","ast-banner-title-visibility":"","ast-main-header-display":"","ast-hfb-above-header-display":"","ast-hfb-below-header-display":"","ast-hfb-mobile-header-display":"","site-post-title":"","ast-breadcrumbs-content":"","ast-featured-img":"","footer-sml-layout":"","theme-transparent-header-meta":"default","adv-header-id-meta":"","stick-header-meta":"","header-above-stick-meta":"","header-main-stick-meta":"","header-below-stick-meta":"","astra-migrate-meta-layouts":"set","ast-page-background-enabled":"default","ast-page-background-meta":{"desktop":{"background-color":"var(--ast-global-color-5)","background-image":"","background-repeat":"repeat","background-position":"center center","background-size":"auto","background-attachment":"scroll","background-type":"","background-media":"","overlay-type":"","overlay-color":"","overlay-opacity":"","overlay-gradient":""},"tablet":{"background-color":"","background-image":"","background-repeat":"repeat","background-position":"center center","background-size":"auto","background-attachment":"scroll","background-type":"","background-media":"","overlay-type":"","overlay-color":"","overlay-opacity":"","overlay-gradient":""},"mobile":{"background-color":"","background-image":"","background-repeat":"repeat","background-position":"center center","background-size":"auto","background-attachment":"scroll","background-type":"","background-media":"","overlay-type":"","overlay-color":"","overlay-opacity":"","overlay-gradient":""}},"ast-content-background-meta":{"desktop":{"background-color":"var(--ast-global-color-4)","background-image":"","background-repeat":"repeat","background-position":"center center","background-size":"auto","background-attachment":"scroll","background-type":"","background-media":"","overlay-type":"","overlay-color":"","overlay-opacity":"","overlay-gradient":""},"tablet":{"background-color":"var(--ast-global-color-4)","background-image":"","background-repeat":"repeat","background-position":"center center","background-size":"auto","background-attachment":"scroll","background-type":"","background-media":"","overlay-type":"","overlay-color":"","overlay-opacity":"","overlay-gradient":""},"mobile":{"background-color":"var(--ast-global-color-4)","background-image":"","background-repeat":"repeat","background-position":"center center","background-size":"auto","background-attachment":"scroll","background-type":"","background-media":"","overlay-type":"","overlay-color":"","overlay-opacity":"","overlay-gradient":""}},"footnotes":""},"class_list":["post-12732","page","type-page","status-publish","hentry"],"_links":{"self":[{"href":"https:\/\/nova.agraart.pl\/pl_pl\/wp-json\/wp\/v2\/pages\/12732","targetHints":{"allow":["GET"]}}],"collection":[{"href":"https:\/\/nova.agraart.pl\/pl_pl\/wp-json\/wp\/v2\/pages"}],"about":[{"href":"https:\/\/nova.agraart.pl\/pl_pl\/wp-json\/wp\/v2\/types\/page"}],"author":[{"embeddable":true,"href":"https:\/\/nova.agraart.pl\/pl_pl\/wp-json\/wp\/v2\/users\/2"}],"replies":[{"embeddable":true,"href":"https:\/\/nova.agraart.pl\/pl_pl\/wp-json\/wp\/v2\/comments?post=12732"}],"version-history":[{"count":0,"href":"https:\/\/nova.agraart.pl\/pl_pl\/wp-json\/wp\/v2\/pages\/12732\/revisions"}],"wp:attachment":[{"href":"https:\/\/nova.agraart.pl\/pl_pl\/wp-json\/wp\/v2\/media?parent=12732"}],"curies":[{"name":"wp","href":"https:\/\/api.w.org\/{rel}","templated":true}]}}