{"id":12592,"date":"2021-06-28T17:05:11","date_gmt":"2021-06-28T15:05:11","guid":{"rendered":"https:\/\/nova.agraart.pl\/?page_id=12592"},"modified":"2026-04-11T13:28:25","modified_gmt":"2026-04-11T11:28:25","slug":"platnosci-i-wysylki","status":"publish","type":"page","link":"https:\/\/nova.agraart.pl\/pl_pl\/platnosci-i-wysylki\/","title":{"rendered":"P\u0142atno\u015bci i wysy\u0142ki"},"content":{"rendered":"<h4>Informacje o p\u0142atno\u015bciach i wysy\u0142kach<\/h4>\n<p>&nbsp;<\/p>\n<p>Za zakupy w Galerii Agra Art :<\/p>\n<ul>\n<li style=\"padding-bottom: 30px;\">Przez Internet &#8211; kartami p\u0142atniczymi lub elektronicznym przelewem online w wybranych bankach . System p\u0142atno\u015bci internetowych\u00a0 obs\u0142uguje firma First-Data. Umo\u017cliwiamy dokonanie p\u0142atno\u015bci podstawowymi kartami p\u0142atniczymi oraz poprzez szereg bank\u00f3w obecnych na platformie Payeezy &#8211; lista poni\u017cej:<br \/>\n<img loading=\"lazy\" decoding=\"async\" class=\"wp-image-12816 alignleft\" style=\"padding-bottom: 15px;\" src=\"https:\/\/nova.agraart.pl\/wp-content\/uploads\/2021\/07\/Zrzut-ekranu-2021-07-21-o-09.27.34-e1626852585647.jpg\" alt=\"p\u0142atnosci\" width=\"507\" height=\"289\" \/><\/li>\n<\/ul>\n<p>&nbsp;<\/p>\n<p>&nbsp;<\/p>\n<p>&nbsp;<\/p>\n<p>&nbsp;<\/p>\n<p>&nbsp;<\/p>\n<p>&nbsp;<\/p>\n<ul>\n<li>Przez Internet &#8211; poprzez system <strong><a href=\"http:\/\/www.paypal.com\" target=\"_blank\" rel=\"noopener\">Paypal<\/a><\/strong> (prosimy w takim przypadku u\u017cywa\u0107 adresu e-mailowego <strong>agra@agraart.pl<\/strong>),<\/li>\n<li>Kart\u0105 p\u0142atnicz\u0105 w Galerii na ul. Wilczej 70 (Visa\/MC),<\/li>\n<li>Przelewem na konto:<br \/>\nAgra-Art S.A.<br \/>\nul. Wilcza 70, 00-670 Warszawa<br \/>\nBank Pekao S.A.<br \/>\nPLN 69 1240 6218 1111 0010 7726 1501<\/li>\n<\/ul>\n<h4><\/h4>\n<h4>Zasady wysy\u0142ek i odbioru obiekt\u00f3w:<\/h4>\n<ul>\n<li>Odbi\u00f3r osobisty jest mo\u017cliwy w godzinach dzia\u0142alno\u015bci Galerii (w dni powszednie 11-18, sob. 11-15);<\/li>\n<li>Obiekty zakupione mo\u017cemy przes\u0142a\u0107 na koszt i ryzyko nabywcy;<\/li>\n<li>Prace nieoprawione wysy\u0142amy w ci\u0105gu 2 dni roboczych firm\u0105 kuriersk\u0105 (Fedex, DHL). Pakujemy je w sztywne, kartonowe tuby;<\/li>\n<li>Prace oprawione wysy\u0142amy w ci\u0105gu 3 dni roboczych firm\u0105 kuriersk\u0105 (Fedex, DHL); Zabezpieczamy je foli\u0105 b\u0105belkow\u0105 i pakujemy w sztywne kartonowe pude\u0142ka.<br \/>\n<strong>Uwaga! Koszt wysy\u0142ki prac oprawionych mo\u017ce by\u0107 wy\u017cszy.\u00a0<\/strong><\/li>\n<li>W przypadku prac szczeg\u00f3lnie kruchych, umieszczonych za szk\u0142em, b\u0105d\u017a oprawionych w delikatne ramy sugerujemy odbi\u00f3r osobisty.<\/li>\n<\/ul>\n<p>Stawki dotycz\u0105 Polski, Europy i USA &#8211; w przypadku innych kraj\u00f3w prosimy o <a href=\"mailto:nova@agraart.pl\">email<\/a> z podaniem adresu.<\/p>\n<table style=\"border: 1px solid silver;\" border=\"1\" width=\"90%\" cellspacing=\"5\" cellpadding=\"5\" align=\"center\">\n<tbody>\n<tr>\n<td style=\"border: 1px solid silver; text-align: center;\">Rodzaj obiektu<\/td>\n<td style=\"border: 1px solid silver; text-align: center;\">Opakowanie<\/td>\n<td style=\"border: 1px solid silver; text-align: center;\">Region docelowy<\/td>\n<td style=\"border: 1px solid silver; text-align: center;\">Koszt wysy\u0142ki<\/td>\n<\/tr>\n<tr>\n<td style=\"border: 1px solid silver; padding: 3px;\">Giclee nieoprawione<\/td>\n<td style=\"border: 1px solid silver; padding: 3px;\">Tuba kartonowa<\/td>\n<td style=\"border: 1px solid silver; padding: 3px;\">Polska<\/td>\n<td style=\"border: 1px solid silver; padding: 3px;\">Wysy\u0142ka w cenie (Fedex)<\/td>\n<\/tr>\n<tr>\n<td style=\"border: 1px solid silver; padding: 3px;\">Giclee nieoprawione<\/td>\n<td style=\"border: 1px solid silver; padding: 3px;\">Tuba kartonowa<\/td>\n<td style=\"border: 1px solid silver; padding: 3px;\">Europa<\/td>\n<td style=\"border: 1px solid silver; padding: 3px;\">350 z\u0142<\/td>\n<\/tr>\n<tr>\n<td style=\"border: 1px solid silver; padding: 3px;\">Giclee nieoprawione<\/td>\n<td style=\"border: 1px solid silver; padding: 3px;\">Tuba kartonowa<\/td>\n<td style=\"border: 1px solid silver; padding: 3px;\">USA | Kanada<\/td>\n<td style=\"border: 1px solid silver; padding: 3px;\">370 z\u0142<\/td>\n<\/tr>\n<tr>\n<td style=\"border: 1px solid silver; padding: 3px;\">Giclee oprawione \/ obrazy<\/td>\n<td style=\"border: 1px solid silver; padding: 3px;\">Pude\u0142ko kartonowe plus folia b\u0105belkowa<\/td>\n<td style=\"border: 1px solid silver; padding: 3px;\">Europa \/ USA \/ Kanada<\/td>\n<td style=\"border: 1px solid silver; padding: 3px;\">850 z\u0142<\/td>\n<\/tr>\n<tr>\n<td style=\"border: 1px solid silver; padding: 3px;\">Wydawnictwa<\/td>\n<td style=\"border: 1px solid silver; padding: 3px;\">Zabezpieczona koperta<\/td>\n<td style=\"border: 1px solid silver; padding: 3px;\">Polska (Fedex)<\/td>\n<td style=\"border: 1px solid silver; padding: 3px;\">20 z\u0142<\/td>\n<\/tr>\n<tr>\n<td style=\"border: 1px solid silver; padding: 3px;\">Wydawnictwa<\/td>\n<td style=\"border: 1px solid silver; padding: 3px;\">Zabezpieczona koperta<\/td>\n<td style=\"border: 1px solid silver; padding: 3px;\">Europa | USA | Kanada<\/td>\n<td style=\"border: 1px solid silver; padding: 3px;\">70 z\u0142 | 100 z\u0142<\/td>\n<\/tr>\n<\/tbody>\n<\/table>\n<div style=\"height: 50px;\"><\/div>\n","protected":false},"excerpt":{"rendered":"<p>Informacje o p\u0142atno\u015bciach i wysy\u0142kach &nbsp; Za zakupy w Galerii Agra Art : Przez Internet &#8211; kartami p\u0142atniczymi lub elektronicznym [&hellip;]<\/p>\n","protected":false},"author":2,"featured_media":0,"parent":0,"menu_order":0,"comment_status":"closed","ping_status":"closed","template":"","meta":{"site-sidebar-layout":"default","site-content-layout":"","ast-site-content-layout":"default","site-content-style":"default","site-sidebar-style":"default","ast-global-header-display":"","ast-banner-title-visibility":"","ast-main-header-display":"","ast-hfb-above-header-display":"","ast-hfb-below-header-display":"","ast-hfb-mobile-header-display":"","site-post-title":"","ast-breadcrumbs-content":"","ast-featured-img":"","footer-sml-layout":"","theme-transparent-header-meta":"default","adv-header-id-meta":"","stick-header-meta":"","header-above-stick-meta":"","header-main-stick-meta":"","header-below-stick-meta":"","astra-migrate-meta-layouts":"set","ast-page-background-enabled":"default","ast-page-background-meta":{"desktop":{"background-color":"var(--ast-global-color-5)","background-image":"","background-repeat":"repeat","background-position":"center center","background-size":"auto","background-attachment":"scroll","background-type":"","background-media":"","overlay-type":"","overlay-color":"","overlay-opacity":"","overlay-gradient":""},"tablet":{"background-color":"","background-image":"","background-repeat":"repeat","background-position":"center center","background-size":"auto","background-attachment":"scroll","background-type":"","background-media":"","overlay-type":"","overlay-color":"","overlay-opacity":"","overlay-gradient":""},"mobile":{"background-color":"","background-image":"","background-repeat":"repeat","background-position":"center center","background-size":"auto","background-attachment":"scroll","background-type":"","background-media":"","overlay-type":"","overlay-color":"","overlay-opacity":"","overlay-gradient":""}},"ast-content-background-meta":{"desktop":{"background-color":"var(--ast-global-color-4)","background-image":"","background-repeat":"repeat","background-position":"center center","background-size":"auto","background-attachment":"scroll","background-type":"","background-media":"","overlay-type":"","overlay-color":"","overlay-opacity":"","overlay-gradient":""},"tablet":{"background-color":"var(--ast-global-color-4)","background-image":"","background-repeat":"repeat","background-position":"center center","background-size":"auto","background-attachment":"scroll","background-type":"","background-media":"","overlay-type":"","overlay-color":"","overlay-opacity":"","overlay-gradient":""},"mobile":{"background-color":"var(--ast-global-color-4)","background-image":"","background-repeat":"repeat","background-position":"center center","background-size":"auto","background-attachment":"scroll","background-type":"","background-media":"","overlay-type":"","overlay-color":"","overlay-opacity":"","overlay-gradient":""}},"footnotes":""},"class_list":["post-12592","page","type-page","status-publish","hentry"],"_links":{"self":[{"href":"https:\/\/nova.agraart.pl\/pl_pl\/wp-json\/wp\/v2\/pages\/12592","targetHints":{"allow":["GET"]}}],"collection":[{"href":"https:\/\/nova.agraart.pl\/pl_pl\/wp-json\/wp\/v2\/pages"}],"about":[{"href":"https:\/\/nova.agraart.pl\/pl_pl\/wp-json\/wp\/v2\/types\/page"}],"author":[{"embeddable":true,"href":"https:\/\/nova.agraart.pl\/pl_pl\/wp-json\/wp\/v2\/users\/2"}],"replies":[{"embeddable":true,"href":"https:\/\/nova.agraart.pl\/pl_pl\/wp-json\/wp\/v2\/comments?post=12592"}],"version-history":[{"count":1,"href":"https:\/\/nova.agraart.pl\/pl_pl\/wp-json\/wp\/v2\/pages\/12592\/revisions"}],"predecessor-version":[{"id":17870,"href":"https:\/\/nova.agraart.pl\/pl_pl\/wp-json\/wp\/v2\/pages\/12592\/revisions\/17870"}],"wp:attachment":[{"href":"https:\/\/nova.agraart.pl\/pl_pl\/wp-json\/wp\/v2\/media?parent=12592"}],"curies":[{"name":"wp","href":"https:\/\/api.w.org\/{rel}","templated":true}]}}