{"id":12306,"date":"2021-05-24T15:19:17","date_gmt":"2021-05-24T13:19:17","guid":{"rendered":"https:\/\/nova.agraart.pl\/?page_id=12306"},"modified":"2024-12-31T14:49:43","modified_gmt":"2024-12-31T13:49:43","slug":"o-nas-2","status":"publish","type":"page","link":"https:\/\/nova.agraart.pl\/pl_pl\/o-nas-2\/","title":{"rendered":"Kontakt"},"content":{"rendered":"<div class=\"wpb-content-wrapper\"><div class=\"vc_row wpb_row vc_row-fluid\"><div class=\"wpb_column vc_column_container vc_col-sm-12\"><div class=\"vc_column-inner\"><div class=\"wpb_wrapper\">\n\t<div class=\"wpb_text_column wpb_content_element\" >\n\t\t<div class=\"wpb_wrapper\">\n\t\t\t<p>Jeste\u015bmy cz\u0119\u015bci\u0105 rodziny Domu Aukcyjnego Agra Art, najm\u0142odsz\u0105 c\u00f3rk\u0105. Zajmujemy si\u0119 sprzeda\u017c\u0105 grafik i obraz\u00f3w wsp\u00f3\u0142czesnych malarzy na aukcjach, w galerii oraz przez Internet.<\/p>\n<p>Nasza galeria znajduje si\u0119 <strong>na ulicy Wilczej 70, w siedzibie g\u0142\u00f3wnej Agry Art.\u00a0<\/strong><\/p>\n<p>Nasza dzia\u0142alno\u015b\u0107 polega na:<\/p>\n<ul>\n<li>sprzeda\u017cy grafik (gicl\u00e9e) Jacka Yerki, Maksymiliana Novaka-Zempli\u0144skiego. Grafiki s\u0105 wykonywane przez studio graficzne Qprint pod nadzorem artyst\u00f3w, drukowane w limitowanym nak\u0142adzie, s\u0105 sygnowane przez autor\u00f3w, maj\u0105 wydawane certyfikaty zabezpieczone hologramem,<\/li>\n<li>organizacji aukcji Sztuki Wyobra\u017ani &#8211; prac artyst\u00f3w tworz\u0105cych w nurcie surrealizmu oraz magicznego realizmu;<\/li>\n<\/ul>\n<p>Czekamy na Was codziennie, w tygodniu od 11 od 18 oraz w soboty od 11 do 15.<\/p>\n<p><strong>Kontakt:<\/strong><\/p>\n<p><span class=\"il\">Ewelina Cwetkow<\/span>-Olborska I 508 825 848, ewelina.cwetkow@agraart.pl<br \/>\nagra@agraart.pl<\/p>\n\n\t\t<\/div>\n\t<\/div>\n<\/div><\/div><\/div><\/div><div class=\"vc_row wpb_row vc_row-fluid\"><div class=\"wpb_column vc_column_container vc_col-sm-12\"><div class=\"vc_column-inner\"><div class=\"wpb_wrapper\"><div class=\"vc_empty_space\"   style=\"height: 32px\"><span class=\"vc_empty_space_inner\"><\/span><\/div><\/div><\/div><\/div><\/div><div class=\"vc_row wpb_row vc_row-fluid\"><div class=\"wpb_column vc_column_container vc_col-sm-12\"><div class=\"vc_column-inner\"><div class=\"wpb_wrapper\">[nm_gmap_embed address=&#8221;Warszawa, Wilcza 55\/63&#8243; zoom=&#8221;17&#8243; height=&#8221;300&#8243;]<\/div><\/div><\/div><\/div>\n<\/div>","protected":false},"excerpt":{"rendered":"Jeste\u015bmy cz\u0119\u015bci\u0105 rodziny Domu Aukcyjnego Agra Art, najm\u0142odsz\u0105 c\u00f3rk\u0105. Zajmujemy si\u0119 sprzeda\u017c\u0105 grafik i obraz\u00f3w wsp\u00f3\u0142czesnych malarzy na aukcjach, w [...]","protected":false},"author":2,"featured_media":0,"parent":0,"menu_order":0,"comment_status":"closed","ping_status":"closed","template":"templates\/page-sidebar.php","meta":{"site-sidebar-layout":"no-sidebar","site-content-layout":"plain-container","ast-site-content-layout":"default","site-content-style":"default","site-sidebar-style":"default","ast-global-header-display":"","ast-banner-title-visibility":"","ast-main-header-display":"","ast-hfb-above-header-display":"","ast-hfb-below-header-display":"","ast-hfb-mobile-header-display":"","site-post-title":"disabled","ast-breadcrumbs-content":"","ast-featured-img":"disabled","footer-sml-layout":"","theme-transparent-header-meta":"","adv-header-id-meta":"","stick-header-meta":"","header-above-stick-meta":"","header-main-stick-meta":"","header-below-stick-meta":"","astra-migrate-meta-layouts":"default","ast-page-background-enabled":"default","ast-page-background-meta":{"desktop":{"background-color":"var(--ast-global-color-5)","background-image":"","background-repeat":"repeat","background-position":"center center","background-size":"auto","background-attachment":"scroll","background-type":"","background-media":"","overlay-type":"","overlay-color":"","overlay-opacity":"","overlay-gradient":""},"tablet":{"background-color":"","background-image":"","background-repeat":"repeat","background-position":"center center","background-size":"auto","background-attachment":"scroll","background-type":"","background-media":"","overlay-type":"","overlay-color":"","overlay-opacity":"","overlay-gradient":""},"mobile":{"background-color":"","background-image":"","background-repeat":"repeat","background-position":"center center","background-size":"auto","background-attachment":"scroll","background-type":"","background-media":"","overlay-type":"","overlay-color":"","overlay-opacity":"","overlay-gradient":""}},"ast-content-background-meta":{"desktop":{"background-color":"var(--ast-global-color-4)","background-image":"","background-repeat":"repeat","background-position":"center center","background-size":"auto","background-attachment":"scroll","background-type":"","background-media":"","overlay-type":"","overlay-color":"","overlay-opacity":"","overlay-gradient":""},"tablet":{"background-color":"var(--ast-global-color-4)","background-image":"","background-repeat":"repeat","background-position":"center center","background-size":"auto","background-attachment":"scroll","background-type":"","background-media":"","overlay-type":"","overlay-color":"","overlay-opacity":"","overlay-gradient":""},"mobile":{"background-color":"var(--ast-global-color-4)","background-image":"","background-repeat":"repeat","background-position":"center center","background-size":"auto","background-attachment":"scroll","background-type":"","background-media":"","overlay-type":"","overlay-color":"","overlay-opacity":"","overlay-gradient":""}},"footnotes":""},"class_list":["post-12306","page","type-page","status-publish","hentry"],"_links":{"self":[{"href":"https:\/\/nova.agraart.pl\/pl_pl\/wp-json\/wp\/v2\/pages\/12306","targetHints":{"allow":["GET"]}}],"collection":[{"href":"https:\/\/nova.agraart.pl\/pl_pl\/wp-json\/wp\/v2\/pages"}],"about":[{"href":"https:\/\/nova.agraart.pl\/pl_pl\/wp-json\/wp\/v2\/types\/page"}],"author":[{"embeddable":true,"href":"https:\/\/nova.agraart.pl\/pl_pl\/wp-json\/wp\/v2\/users\/2"}],"replies":[{"embeddable":true,"href":"https:\/\/nova.agraart.pl\/pl_pl\/wp-json\/wp\/v2\/comments?post=12306"}],"version-history":[{"count":0,"href":"https:\/\/nova.agraart.pl\/pl_pl\/wp-json\/wp\/v2\/pages\/12306\/revisions"}],"wp:attachment":[{"href":"https:\/\/nova.agraart.pl\/pl_pl\/wp-json\/wp\/v2\/media?parent=12306"}],"curies":[{"name":"wp","href":"https:\/\/api.w.org\/{rel}","templated":true}]}}