{"id":12071,"date":"2021-04-14T22:07:34","date_gmt":"2021-04-14T20:07:34","guid":{"rendered":"https:\/\/nova.agraart.pl\/?page_id=12071"},"modified":"2022-05-20T14:32:12","modified_gmt":"2022-05-20T12:32:12","slug":"informacje-o-giclee","status":"publish","type":"page","link":"https:\/\/nova.agraart.pl\/pl_pl\/informacje-o-giclee\/","title":{"rendered":"Gicl\u00e9e"},"content":{"rendered":"<div class=\"wpb-content-wrapper\"><div class=\"vc_row wpb_row vc_row-fluid\"><div class=\"wpb_column vc_column_container vc_col-sm-12\"><div class=\"vc_column-inner\"><div class=\"wpb_wrapper\">\n\t<div  class=\"wpb_single_image wpb_content_element vc_align_center wpb_content_element\">\n\t\t\n\t\t<figure class=\"wpb_wrapper vc_figure\">\n\t\t\t<div class=\"vc_single_image-wrapper vc_box_rounded  vc_box_border_grey\"><img loading=\"lazy\" decoding=\"async\" width=\"2560\" height=\"649\" src=\"https:\/\/nova.agraart.pl\/wp-content\/uploads\/2021\/07\/givle-scaled.jpg\" class=\"vc_single_image-img attachment-full\" alt=\"\" title=\"givle\" srcset=\"https:\/\/nova.agraart.pl\/wp-content\/uploads\/2021\/07\/givle-scaled.jpg 2560w, https:\/\/nova.agraart.pl\/wp-content\/uploads\/2021\/07\/givle-300x76.jpg 300w, https:\/\/nova.agraart.pl\/wp-content\/uploads\/2021\/07\/givle-1024x260.jpg 1024w, https:\/\/nova.agraart.pl\/wp-content\/uploads\/2021\/07\/givle-768x195.jpg 768w, https:\/\/nova.agraart.pl\/wp-content\/uploads\/2021\/07\/givle-1536x389.jpg 1536w, https:\/\/nova.agraart.pl\/wp-content\/uploads\/2021\/07\/givle-2048x519.jpg 2048w, https:\/\/nova.agraart.pl\/wp-content\/uploads\/2021\/07\/givle-680x172.jpg 680w\" sizes=\"auto, (max-width: 2560px) 100vw, 2560px\" \/><\/div>\n\t\t<\/figure>\n\t<\/div>\n<\/div><\/div><\/div><\/div><div class=\"vc_row wpb_row vc_row-fluid\"><div class=\"wpb_column vc_column_container vc_col-sm-12\"><div class=\"vc_column-inner\"><div class=\"wpb_wrapper\"><div class=\"vc_empty_space\"   style=\"height: 32px\"><span class=\"vc_empty_space_inner\"><\/span><\/div><\/div><\/div><\/div><\/div><div class=\"vc_row wpb_row vc_row-fluid\"><div class=\"wpb_column vc_column_container vc_col-sm-12\"><div class=\"vc_column-inner\"><div class=\"wpb_wrapper\"><div class=\"vc_separator wpb_content_element vc_separator_align_center vc_sep_width_100 vc_sep_pos_align_center vc_separator_no_text vc_sep_color_grey wpb_content_element  wpb_content_element\" ><span class=\"vc_sep_holder vc_sep_holder_l\"><span class=\"vc_sep_line\"><\/span><\/span><span class=\"vc_sep_holder vc_sep_holder_r\"><span class=\"vc_sep_line\"><\/span><\/span>\n<\/div><\/div><\/div><\/div><\/div><div class=\"vc_row wpb_row vc_row-fluid vc_custom_1625039579472\"><div class=\"wpb_column vc_column_container vc_col-sm-12\"><div class=\"vc_column-inner\"><div class=\"wpb_wrapper\">\n\t<div class=\"wpb_text_column wpb_content_element\" >\n\t\t<div class=\"wpb_wrapper\">\n\t\t\t<h5>GRAFIKI, CZYLI SZTUKA DLA WIELU<\/h5>\n<p>Na pocz\u0105tek prosty przyk\u0142ad: Jacek Yerka jest w stanie stworzy\u0107 8 obraz\u00f3w akrylowych w ci\u0105gu jednego roku. Uszcz\u0119\u015bliwi wi\u0119c jedynie 8 kolekcjoner\u00f3w, natomiast wielu innych chcia\u0142by mie\u0107 jego prace. Orygina\u0142y s\u0105 unikalne, a z powodu cen, nie ka\u017cdy zainteresowany tw\u00f3rczo\u015bci\u0105 Yerki mo\u017ce sobie na nie pozwoli\u0107.<br \/>\nZ tego powodu, szczeg\u00f3lnie arty\u015bci znani i uznani, tworz\u0105 edycje graficzne swoich dzie\u0142 &#8211; czyli serie reprodukcji oryginalnych prac. Serie te maj\u0105 kontrolowany i ograniczony nak\u0142ad . Plusem jest cena &#8211; s\u0105 wielokrotnie ta\u0144sze od orygina\u0142u. Minusem &#8211; brak wyj\u0105tkowo\u015bci &#8211; ka\u017cdy egzemplarz z edycji jest identyczny.<\/p>\n<h5>GICLEE = INKOGRAFIA = WYDRUK ARTYSTYCZNY<\/h5>\n<p>Gicl\u00e9e (z franc. tryska\u0107) to nazwa techniki graficznej, polegaj\u0105cej na wysokiej jako\u015bci wydruku reprodukcji pracy artysty. Wydruk ten powinien by\u0107 wykonywany na podstawie pliku elektronicznego pracy o wysokiej rozdzielczo\u015bci.<\/p>\n<p>Cz\u0119sto spotykamy si\u0119 wi\u0119c z okre\u015bleniem: gicl\u00e9e to po prostu wydruk komputerowy. Teoretycznie tak, ale&#8230;<\/p>\n<h5>JAKO\u015a\u0106<\/h5>\n<p><strong>Gicl\u00e9e, (zwane te\u017c w Polsce inkografiami) drukowane s\u0105 na specjalistycznym sprz\u0119cie (drukarka, plotter) z u\u017cyciem wysokiej jako\u015bci pigment\u00f3w (farb), kt\u00f3re nie blakn\u0105 z up\u0142ywem czasu. Do wydruku u\u017cywa si\u0119 r\u00f3wnie\u017c specjalnego papieru, odpornego na zmian\u0119 koloru i absorbuj\u0105cego farby. <\/strong>Wysoka rozdzielczo\u015b\u0107 pliku u\u017cywanego do wydruku zapewnia maksymalne odwzorowanie kolor\u00f3w.<br \/>\n<a href=\"https:\/\/www.qprint.com.pl\/blog\/gicl\u00e9e.html\">Wi\u0119cej informacji o gicl\u00e9e<\/a>.<\/p>\n<p><em>Gicl\u00e9e Jacka Yerki\u00a0 i Maksymiliana Nov\u00e1ka-Zempli\u0144skiego<\/em> <em>s\u0105 drukowane 8 kolorowym atramentem HP Vivera na papierze Hahnemule German Etching 310g. <\/em><em>Pliki \u017ar\u00f3d\u0142owe maj\u0105 rozdzielczo\u015b\u0107 300 dpi przy wielko\u015bci 1:1 do orygina\u0142u.<\/em><\/p>\n<h5>UDZIA\u0141 ARTYSTY<\/h5>\n<p>Drukarka drukuje, ale to Artysta nadzoruje i koryguje zbie\u017cno\u015b\u0107 kolor\u00f3w z oryginaln\u0105 prac\u0105. Przy tworzeniu nowej edycji tw\u00f3rca bierze udzia\u0142 w ocenie pr\u00f3bnych wydruk\u00f3w i wprowadza poprawki do nat\u0119\u017cenia barw pigment\u00f3w w maszynie drukuj\u0105cej lub w pliku \u017ar\u00f3d\u0142owym. To jest czasami \u017cmudny i pracoch\u0142onny proces, wymagaj\u0105cy wielu pr\u00f3b.<\/p>\n<p><em>Kiedy pojawia si\u0119 nowy obraz, w studiu graficznym robione jest specjalne zdj\u0119cie wysokiej rozdzielczo\u015bci aparatem PhaseOne. Nast\u0119pnie plik cyfrowy jest korygowany przez Artyst\u0119, a ostatnim etapem jest proces pr\u00f3b i b\u0142\u0119d\u00f3w wydruk\u00f3w pr\u00f3bnych.<\/em><\/p>\n<h5>EDYCJE (NAK\u0141ADY)<\/h5>\n<p>Nak\u0142ady i numerowanie budz\u0105 czasami du\u017co kontrowersji. Dawniej, przy typowych technikach graficznych jak litografia czy miedzioryt nak\u0142ad i kolejno\u015b\u0107 prac mia\u0142y du\u017ce znaczenie ze wzgl\u0119du na jako\u015b\u0107. W procesie odbijania egzemplarzy litografii, p\u0142yta litograficzna ulega\u0142a zu\u017cyciu, wi\u0119c jako\u015b\u0107 pierwszych odbitek zdecydowanie by\u0142a lepsza od tych z ko\u0144ca nak\u0142adu. Obecnie, przy wydrukach atramentowych jako\u015b\u0107 egzemplarzy jest sta\u0142a, niezale\u017cnie od numeracji i kolejno\u015bci.<\/p>\n<p>O ile dawniej, numeracja mia\u0142a znaczenie pod wzgl\u0119dem jako\u015bci i to uzasadnia\u0142o r\u00f3\u017cnic\u0119 w cenie pierwszych odbitek, o tyle obecnie s\u0142u\u017cy g\u0142\u00f3wnie do kontroli nak\u0142adu i ewidencji.<\/p>\n<h5>NAK\u0141AD, A ROZMIAR<\/h5>\n<p>Nak\u0142ady oparte o ten sam obraz \u017ar\u00f3d\u0142owy mog\u0105 si\u0119 powtarza\u0107, ale musz\u0105 si\u0119 wyra\u017anie odr\u00f3\u017cnia\u0107 od siebie. Np. gicl\u00e9e zrobione z obrazu Bezludna Wyspa, ma dwie edycje 9 i 19 egzemplarzy. Jedna jest wi\u0119ksza od drugiej o ok. 20%. Mo\u017ce si\u0119 wi\u0119c zdarzy\u0107, \u017ce spotkamy dwa egzemplarze z podobn\u0105 numeracj\u0105 (np. 2\/9 i 2\/19) z tym, samym wzorem, jednak r\u00f3\u017cni\u0105ce si\u0119 wymiarem.<\/p>\n<h5>YERKA, NOVAK-ZEMPLI\u0143SKI &#8211;\u00a0 QPRINT, AGRA-ART<\/h5>\n<p>Od 2008 roku Agra-Art reprezentuje Jacka Yerk\u0119 na zasadzie wy\u0142\u0105czno\u015bci. Dotyczy to tak\u017ce tworzenia i sprzeda\u017cy edycji graficznych. Od 2020 roku, w zakresie tworzenia i dystrybucji grafik, do\u0142\u0105czy\u0142 do nas r\u00f3wnie\u017c Maksymilian Nov\u00e1k-Zempli\u0144ski<em>.<\/em><\/p>\n<p>Gicl\u00e9e oraz certyfikaty s\u0105 drukowane przez studio graficzne <a href=\"https:\/\/www.qprint.com.pl\/\">Qprint<\/a>, kt\u00f3re r\u00f3wnie\u017c prowadzi ewidencj\u0119 u\u017cywaj\u0105c w\u0142asnego systemu komputerowego. Od 2020 roku Qprint te\u017c robi specjalistyczne zdj\u0119cia oryginalnych obraz\u00f3w w celu u\u017cycia ich do edycji graficznych. Dzi\u0119ki u\u017cyciu specjalistycznego oprogramowania, ka\u017cdy egzemplarz grafiki ma unikalny kod, certyfikat i hologram (identyczny na pracy i certyfikacie). <a href=\"https:\/\/www.qprint.com.pl\/blog\/certyfikat.html\" target=\"_blank\" rel=\"noopener\">Wi\u0119cej o certyfikatach (Qprint).<\/a><\/p>\n<p><em>Gicl\u00e9e Jacka Yerki podpisane s\u0105 r\u0119cznie przez autora, kt\u00f3ry w\u0142asnor\u0119cznie umieszcza tak\u017ce na partii niezadrukowanej tytu\u0142 oraz numer egzemplarza i nak\u0142ad.<\/em><\/p>\n<p><img loading=\"lazy\" decoding=\"async\" class=\"aligncenter wp-image-14743 \" src=\"https:\/\/www.agraart.pl\/wp-content\/uploads\/2020\/08\/gicl.jpg\" alt=\"\" width=\"626\" height=\"37\" \/><\/p>\n<h5>JACEK YERKA &#8211; EDYCJE HISTORYCZNE I OBECNE<\/h5>\n<p>Pocz\u0105tek tworzenia gicl\u00e9e zwi\u0105zany jest \u015bci\u015ble z rozwojem technologii druku atramentowego, czyli przypada na lata 90 XX wieku. Jacek Yerka, po powrocie z USA na pocz\u0105tku dekady 1990, rozpocz\u0105\u0142 pierwsze pr\u00f3by z technikami druku artystycznego, przez kolejne lata doskonal\u0105c wykonanie i spos\u00f3b kontroli edycji.<\/p>\n<p><em>Na rynku mo\u017cna spotka\u0107 nast\u0119puj\u0105ce edycje grafik autoryzowane przez Jacka Yerk\u0119:<\/em><\/p>\n<ul>\n<li style=\"list-style-type: none;\">\n<ul>\n<li>grafiki offsetowe (m.in. <em>Nie trzaska\u0107 drzwiami<\/em>, <em>Raj w podw\u00f3rzu<\/em>), sygnowane o\u0142\u00f3wkiem w nak\u0142adzie 275 egz.,<\/li>\n<li>2 plakaty (na bazie <em>Atak o poranku<\/em> i <em>Cowan city<\/em>) w nak\u0142adzie 500 egz. (cz\u0119\u015b\u0107 sygnowana). Plakaty by\u0142y rozprowadzane w USA przez galeri\u0119 Morpheus z Nevady,<\/li>\n<li>pierwsza edycja gicl\u00e9e 9 szt &#8211; sygnowane i tytu\u0142owane, bez przypisanych certyfikat\u00f3w,<\/li>\n<li>edycja gicl\u00e9e 19 szt &#8211; sygnowane i tytu\u0142owane, z certyfikatami i hologramami, drukowane przez Qprint,<\/li>\n<li>edycja gicl\u00e9e 50 szt &#8211; sygnowane i tytu\u0142owane, z certyfikatami i hologramami, drukowane przez Qprint (inne wzory ni\u017c edycja 19). T\u0105 edycj\u0119 mo\u017cna rozpozna\u0107 po wymiarze kr\u00f3tszego boku &#8211; powinien mie\u0107 54 cm,<\/li>\n<li>edycja gicl\u00e9e 50 szt \u201csupersized\u201d (wzory wyczerpane przez poprzednie edycje : Bibliotama, Erozja) &#8211; sygnowane i tytu\u0142owane, z certyfikatami i hologramami, drukowane przez Qprint. Wymiar kr\u00f3tszego boku: 66 cm;<\/li>\n<\/ul>\n<\/li>\n<\/ul>\n<h5>M. NOVAK-ZEMPLI\u0143SKI &#8211; EDYCJE<\/h5>\n<ul>\n<li>Obecnie dost\u0119pne s\u0105 edycje w nak\u0142adzie 19 szt. drukowane w 2020 r.<\/li>\n<\/ul>\n<h5>TOMASZ KOSTECKI &#8211; EDYCJE<\/h5>\n<ul>\n<li>Obecnie dost\u0119pne s\u0105 edycje w nak\u0142adzie 50 szt. drukowane w 2022 r.<\/li>\n<\/ul>\n\n\t\t<\/div>\n\t<\/div>\n<\/div><\/div><\/div><\/div><div class=\"vc_row wpb_row vc_row-fluid\"><div class=\"wpb_column vc_column_container vc_col-sm-12\"><div class=\"vc_column-inner\"><div class=\"wpb_wrapper\"><div class=\"vc_empty_space\"   style=\"height: 32px\"><span class=\"vc_empty_space_inner\"><\/span><\/div><\/div><\/div><\/div><\/div>\n<\/div>","protected":false},"excerpt":{"rendered":"GRAFIKI, CZYLI SZTUKA DLA WIELU Na pocz\u0105tek prosty przyk\u0142ad: Jacek Yerka jest w stanie stworzy\u0107 8 obraz\u00f3w akrylowych w ci\u0105gu [...]","protected":false},"author":2,"featured_media":0,"parent":0,"menu_order":0,"comment_status":"closed","ping_status":"closed","template":"templates\/page-sidebar.php","meta":{"site-sidebar-layout":"no-sidebar","site-content-layout":"plain-container","ast-site-content-layout":"default","site-content-style":"default","site-sidebar-style":"default","ast-global-header-display":"","ast-banner-title-visibility":"","ast-main-header-display":"","ast-hfb-above-header-display":"","ast-hfb-below-header-display":"","ast-hfb-mobile-header-display":"","site-post-title":"disabled","ast-breadcrumbs-content":"","ast-featured-img":"disabled","footer-sml-layout":"","theme-transparent-header-meta":"","adv-header-id-meta":"","stick-header-meta":"","header-above-stick-meta":"","header-main-stick-meta":"","header-below-stick-meta":"","astra-migrate-meta-layouts":"default","ast-page-background-enabled":"default","ast-page-background-meta":{"desktop":{"background-color":"var(--ast-global-color-5)","background-image":"","background-repeat":"repeat","background-position":"center center","background-size":"auto","background-attachment":"scroll","background-type":"","background-media":"","overlay-type":"","overlay-color":"","overlay-opacity":"","overlay-gradient":""},"tablet":{"background-color":"","background-image":"","background-repeat":"repeat","background-position":"center center","background-size":"auto","background-attachment":"scroll","background-type":"","background-media":"","overlay-type":"","overlay-color":"","overlay-opacity":"","overlay-gradient":""},"mobile":{"background-color":"","background-image":"","background-repeat":"repeat","background-position":"center center","background-size":"auto","background-attachment":"scroll","background-type":"","background-media":"","overlay-type":"","overlay-color":"","overlay-opacity":"","overlay-gradient":""}},"ast-content-background-meta":{"desktop":{"background-color":"var(--ast-global-color-4)","background-image":"","background-repeat":"repeat","background-position":"center center","background-size":"auto","background-attachment":"scroll","background-type":"","background-media":"","overlay-type":"","overlay-color":"","overlay-opacity":"","overlay-gradient":""},"tablet":{"background-color":"var(--ast-global-color-4)","background-image":"","background-repeat":"repeat","background-position":"center center","background-size":"auto","background-attachment":"scroll","background-type":"","background-media":"","overlay-type":"","overlay-color":"","overlay-opacity":"","overlay-gradient":""},"mobile":{"background-color":"var(--ast-global-color-4)","background-image":"","background-repeat":"repeat","background-position":"center center","background-size":"auto","background-attachment":"scroll","background-type":"","background-media":"","overlay-type":"","overlay-color":"","overlay-opacity":"","overlay-gradient":""}},"footnotes":""},"class_list":["post-12071","page","type-page","status-publish","hentry"],"_links":{"self":[{"href":"https:\/\/nova.agraart.pl\/pl_pl\/wp-json\/wp\/v2\/pages\/12071","targetHints":{"allow":["GET"]}}],"collection":[{"href":"https:\/\/nova.agraart.pl\/pl_pl\/wp-json\/wp\/v2\/pages"}],"about":[{"href":"https:\/\/nova.agraart.pl\/pl_pl\/wp-json\/wp\/v2\/types\/page"}],"author":[{"embeddable":true,"href":"https:\/\/nova.agraart.pl\/pl_pl\/wp-json\/wp\/v2\/users\/2"}],"replies":[{"embeddable":true,"href":"https:\/\/nova.agraart.pl\/pl_pl\/wp-json\/wp\/v2\/comments?post=12071"}],"version-history":[{"count":0,"href":"https:\/\/nova.agraart.pl\/pl_pl\/wp-json\/wp\/v2\/pages\/12071\/revisions"}],"wp:attachment":[{"href":"https:\/\/nova.agraart.pl\/pl_pl\/wp-json\/wp\/v2\/media?parent=12071"}],"curies":[{"name":"wp","href":"https:\/\/api.w.org\/{rel}","templated":true}]}}