{"id":17268,"date":"2026-02-26T13:32:54","date_gmt":"2026-02-26T12:32:54","guid":{"rendered":"https:\/\/nova.agraart.pl\/sklep\/piotrowski-waclaw-portret-dziewczynki\/"},"modified":"2026-02-26T15:57:36","modified_gmt":"2026-02-26T14:57:36","slug":"piotrowski-waclaw-portret-dziewczynki","status":"publish","type":"product","link":"https:\/\/nova.agraart.pl\/en\/sklep\/piotrowski-waclaw-portret-dziewczynki\/","title":{"rendered":"Piotrowski Wac\u0142aw \u2013 PORTRAIT OF A GIRL"},"content":{"rendered":"<p>signed in ballpoint pen lower right: Wac\u0142aw Piotrowski<\/p>\n<p>Provenance: the painting comes from the artist&#039;s estate.<\/p>\n<p>In 1927, he received the City of Warsaw Award, in 1928 another award at the &quot;pre-Olympic&quot; exhibition, and then, in 1933, a silver medal at the Zach\u0119ta exhibition. At that time, he was at the peak of his success, and critics, both conservatives and avant-garde advocates, lavished praise on him. Konrad Winkler praised his paintings, and Stefania Zahorska wrote in 1928: &quot;Piotrowski astonished with his serious approach to the subject.&quot; Painters expressed their appreciation: Wac\u0142aw Husarski admired his &quot;medium-like sense of the model&#039;s psyche,&quot; and Wiktor Podoski his &quot;strange artistic alertness.&quot;.<\/p>\n<p>Piotrowski practiced various painting techniques, but above all, he was a draughtsman, a skill he retained until the end of his life. He was a good landscape painter, but above all, a portraitist; in an interview several years ago, he said of himself, &quot;I was and am an experimental psychologist.&quot;.<\/p>\n<p>W\u0142adys\u0142aw Tatarkiewicz, Remembrance of Wac\u0142aw Piotrowski, Wac\u0142aw Piotrowski. Posthumous Exhibition, ZPAP, MDM Art Gallery, Warsaw 1969.<\/p>","protected":false},"excerpt":{"rendered":"<p>watercolor, gouache, pencil, paper mounted on cardboard \u2013 35.3 x 31.8<\/p>","protected":false},"featured_media":16807,"comment_status":"open","ping_status":"closed","template":"","meta":{"site-sidebar-layout":"default","site-content-layout":"","ast-site-content-layout":"default","site-content-style":"default","site-sidebar-style":"default","ast-global-header-display":"","ast-banner-title-visibility":"","ast-main-header-display":"","ast-hfb-above-header-display":"","ast-hfb-below-header-display":"","ast-hfb-mobile-header-display":"","site-post-title":"","ast-breadcrumbs-content":"","ast-featured-img":"","footer-sml-layout":"","theme-transparent-header-meta":"default","adv-header-id-meta":"","stick-header-meta":"","header-above-stick-meta":"","header-main-stick-meta":"","header-below-stick-meta":"","astra-migrate-meta-layouts":"set","ast-page-background-enabled":"default","ast-page-background-meta":{"desktop":{"background-color":"var(--ast-global-color-5)","background-image":"","background-repeat":"repeat","background-position":"center center","background-size":"auto","background-attachment":"scroll","background-type":"","background-media":"","overlay-type":"","overlay-color":"","overlay-opacity":"","overlay-gradient":""},"tablet":{"background-color":"","background-image":"","background-repeat":"repeat","background-position":"center center","background-size":"auto","background-attachment":"scroll","background-type":"","background-media":"","overlay-type":"","overlay-color":"","overlay-opacity":"","overlay-gradient":""},"mobile":{"background-color":"","background-image":"","background-repeat":"repeat","background-position":"center center","background-size":"auto","background-attachment":"scroll","background-type":"","background-media":"","overlay-type":"","overlay-color":"","overlay-opacity":"","overlay-gradient":""}},"ast-content-background-meta":{"desktop":{"background-color":"var(--ast-global-color-4)","background-image":"","background-repeat":"repeat","background-position":"center center","background-size":"auto","background-attachment":"scroll","background-type":"","background-media":"","overlay-type":"","overlay-color":"","overlay-opacity":"","overlay-gradient":""},"tablet":{"background-color":"var(--ast-global-color-4)","background-image":"","background-repeat":"repeat","background-position":"center center","background-size":"auto","background-attachment":"scroll","background-type":"","background-media":"","overlay-type":"","overlay-color":"","overlay-opacity":"","overlay-gradient":""},"mobile":{"background-color":"var(--ast-global-color-4)","background-image":"","background-repeat":"repeat","background-position":"center center","background-size":"auto","background-attachment":"scroll","background-type":"","background-media":"","overlay-type":"","overlay-color":"","overlay-opacity":"","overlay-gradient":""}}},"product_brand":[],"product_cat":[1339,1336],"product_tag":[],"class_list":{"0":"post-17268","1":"product","2":"type-product","3":"status-publish","4":"has-post-thumbnail","6":"product_cat-sztuka","7":"product_cat-sztuka-dawna","8":"desktop-align-left","9":"tablet-align-left","10":"mobile-align-left","12":"first","13":"instock","14":"shipping-taxable","15":"purchasable","16":"product-type-simple"},"_links":{"self":[{"href":"https:\/\/nova.agraart.pl\/en\/wp-json\/wp\/v2\/product\/17268","targetHints":{"allow":["GET"]}}],"collection":[{"href":"https:\/\/nova.agraart.pl\/en\/wp-json\/wp\/v2\/product"}],"about":[{"href":"https:\/\/nova.agraart.pl\/en\/wp-json\/wp\/v2\/types\/product"}],"replies":[{"embeddable":true,"href":"https:\/\/nova.agraart.pl\/en\/wp-json\/wp\/v2\/comments?post=17268"}],"wp:featuredmedia":[{"embeddable":true,"href":"https:\/\/nova.agraart.pl\/en\/wp-json\/wp\/v2\/media\/16807"}],"wp:attachment":[{"href":"https:\/\/nova.agraart.pl\/en\/wp-json\/wp\/v2\/media?parent=17268"}],"wp:term":[{"taxonomy":"product_brand","embeddable":true,"href":"https:\/\/nova.agraart.pl\/en\/wp-json\/wp\/v2\/product_brand?post=17268"},{"taxonomy":"product_cat","embeddable":true,"href":"https:\/\/nova.agraart.pl\/en\/wp-json\/wp\/v2\/product_cat?post=17268"},{"taxonomy":"product_tag","embeddable":true,"href":"https:\/\/nova.agraart.pl\/en\/wp-json\/wp\/v2\/product_tag?post=17268"}],"curies":[{"name":"wp","href":"https:\/\/api.w.org\/{rel}","templated":true}]}}