{"id":13301,"date":"2021-09-28T12:39:52","date_gmt":"2021-09-28T10:39:52","guid":{"rendered":"https:\/\/nova.agraart.pl\/?post_type=product&#038;p=13301"},"modified":"2021-12-05T19:17:40","modified_gmt":"2021-12-05T18:17:40","slug":"jozefowi-chelmonskiemu-8-20","status":"publish","type":"product","link":"https:\/\/nova.agraart.pl\/en\/sklep\/jozefowi-chelmonskiemu-8-20\/","title":{"rendered":"J\u00f3zef Che\u0142mo\u0144ski 8\/20"},"content":{"rendered":"<p>Markings on the back: bottom left \u2013 inscription by Agata Duda-Gracz: <em>Jerzy Duda-Gracz<\/em> AND <em>&quot;To J\u00f3zef Che\u0142mo\u0144ski&quot;, ed. 8\/20<\/em> AND <em>1979\/2021; <\/em>bottom right - dry seal<\/p>\n<p>Each work is accompanied by a certificate signed by the author&#039;s daughter (Agata Duda-Gracz).<\/p>\n<p>&nbsp;<\/p>\n<p>&nbsp;<\/p>","protected":false},"excerpt":{"rendered":"<p>High-quality digital print signed by the author&#039;s daughter.<\/p>\n<p>sheet size: 30 x 30 cm<\/p>\n<p>Markings on the back: bottom left \u2013 inscription by Agata Duda-Gracz: <em>Jerzy Duda-Gracz<\/em> AND <em>&quot;To J\u00f3zef Che\u0142mo\u0144ski&quot;, ed. 8\/20<\/em> AND <em>1979\/2021; <\/em>bottom right - dry seal<\/p>\n<p>Each work is accompanied by a certificate signed by the author&#039;s daughter (Agata Duda-Gracz).<\/p>\n<p>Edition of 20 pieces<\/p>\n<p><strong>Copy 8\/20<\/strong><strong>.<\/strong><\/p>\n<p>Work without frame.<\/p>\n<p>&nbsp;<\/p>","protected":false},"featured_media":13302,"comment_status":"open","ping_status":"closed","template":"","meta":{"site-sidebar-layout":"default","site-content-layout":"","ast-site-content-layout":"default","site-content-style":"default","site-sidebar-style":"default","ast-global-header-display":"","ast-banner-title-visibility":"","ast-main-header-display":"","ast-hfb-above-header-display":"","ast-hfb-below-header-display":"","ast-hfb-mobile-header-display":"","site-post-title":"","ast-breadcrumbs-content":"","ast-featured-img":"","footer-sml-layout":"","theme-transparent-header-meta":"","adv-header-id-meta":"","stick-header-meta":"","header-above-stick-meta":"","header-main-stick-meta":"","header-below-stick-meta":"","astra-migrate-meta-layouts":"default","ast-page-background-enabled":"default","ast-page-background-meta":{"desktop":{"background-color":"var(--ast-global-color-5)","background-image":"","background-repeat":"repeat","background-position":"center center","background-size":"auto","background-attachment":"scroll","background-type":"","background-media":"","overlay-type":"","overlay-color":"","overlay-opacity":"","overlay-gradient":""},"tablet":{"background-color":"","background-image":"","background-repeat":"repeat","background-position":"center center","background-size":"auto","background-attachment":"scroll","background-type":"","background-media":"","overlay-type":"","overlay-color":"","overlay-opacity":"","overlay-gradient":""},"mobile":{"background-color":"","background-image":"","background-repeat":"repeat","background-position":"center center","background-size":"auto","background-attachment":"scroll","background-type":"","background-media":"","overlay-type":"","overlay-color":"","overlay-opacity":"","overlay-gradient":""}},"ast-content-background-meta":{"desktop":{"background-color":"var(--ast-global-color-4)","background-image":"","background-repeat":"repeat","background-position":"center center","background-size":"auto","background-attachment":"scroll","background-type":"","background-media":"","overlay-type":"","overlay-color":"","overlay-opacity":"","overlay-gradient":""},"tablet":{"background-color":"var(--ast-global-color-4)","background-image":"","background-repeat":"repeat","background-position":"center center","background-size":"auto","background-attachment":"scroll","background-type":"","background-media":"","overlay-type":"","overlay-color":"","overlay-opacity":"","overlay-gradient":""},"mobile":{"background-color":"var(--ast-global-color-4)","background-image":"","background-repeat":"repeat","background-position":"center center","background-size":"auto","background-attachment":"scroll","background-type":"","background-media":"","overlay-type":"","overlay-color":"","overlay-opacity":"","overlay-gradient":""}}},"product_brand":[],"product_cat":[385],"product_tag":[],"class_list":{"0":"post-13301","1":"product","2":"type-product","3":"status-publish","4":"has-post-thumbnail","6":"product_cat-jerzy-duda-gracz","7":"product_shipping_class-tube","8":"desktop-align-left","9":"tablet-align-left","10":"mobile-align-left","12":"first","13":"instock","14":"sold-individually","15":"shipping-taxable","16":"purchasable","17":"product-type-simple"},"_links":{"self":[{"href":"https:\/\/nova.agraart.pl\/en\/wp-json\/wp\/v2\/product\/13301","targetHints":{"allow":["GET"]}}],"collection":[{"href":"https:\/\/nova.agraart.pl\/en\/wp-json\/wp\/v2\/product"}],"about":[{"href":"https:\/\/nova.agraart.pl\/en\/wp-json\/wp\/v2\/types\/product"}],"replies":[{"embeddable":true,"href":"https:\/\/nova.agraart.pl\/en\/wp-json\/wp\/v2\/comments?post=13301"}],"wp:featuredmedia":[{"embeddable":true,"href":"https:\/\/nova.agraart.pl\/en\/wp-json\/wp\/v2\/media\/13302"}],"wp:attachment":[{"href":"https:\/\/nova.agraart.pl\/en\/wp-json\/wp\/v2\/media?parent=13301"}],"wp:term":[{"taxonomy":"product_brand","embeddable":true,"href":"https:\/\/nova.agraart.pl\/en\/wp-json\/wp\/v2\/product_brand?post=13301"},{"taxonomy":"product_cat","embeddable":true,"href":"https:\/\/nova.agraart.pl\/en\/wp-json\/wp\/v2\/product_cat?post=13301"},{"taxonomy":"product_tag","embeddable":true,"href":"https:\/\/nova.agraart.pl\/en\/wp-json\/wp\/v2\/product_tag?post=13301"}],"curies":[{"name":"wp","href":"https:\/\/api.w.org\/{rel}","templated":true}]}}