{"id":16129,"date":"2025-04-18T14:47:54","date_gmt":"2025-04-18T12:47:54","guid":{"rendered":"https:\/\/nova.agraart.pl\/?page_id=16129"},"modified":"2025-04-18T15:24:16","modified_gmt":"2025-04-18T13:24:16","slug":"beksinski-inkografie-muzealne","status":"publish","type":"page","link":"https:\/\/nova.agraart.pl\/en\/beksinski-inkografie-muzealne\/","title":{"rendered":"Beksi\u0144ski \u2013 Museum inkography"},"content":{"rendered":"<div class=\"wpb-content-wrapper\"><div class=\"vc_row wpb_row vc_row-fluid\"><div class=\"wpb_column vc_column_container vc_col-sm-12\"><div class=\"vc_column-inner\"><div class=\"wpb_wrapper\"><div class=\"vc_empty_space\"   style=\"height: 32px\"><span class=\"vc_empty_space_inner\"><\/span><\/div><\/div><\/div><\/div><\/div><div class=\"vc_row wpb_row vc_row-fluid\"><div class=\"wpb_column vc_column_container vc_col-sm-12\"><div class=\"vc_column-inner\"><div class=\"wpb_wrapper\">\n\t<div class=\"wpb_text_column wpb_content_element\" >\n\t\t<div class=\"wpb_wrapper\">\n\t\t\t<h3>Beksi\u0144ski \u2013 Museum inkography<\/h3>\n<p>&nbsp;<\/p>\n<p><span style=\"font-size: 24px; font-weight: 300; line-height: 1.1; font-family: 'Josefin Sans', sans-serif;\">Japanese Collection<\/span>, whose fascinating history <a href=\"https:\/\/www.agraart.pl\/historia-kolekcji-japonskiej-beksinski-duda-gracz-yerka\/\">has been described in detail here<\/a>, has attracted the interest of collectors for years. Original paintings from this series enrich private collections, and in the public space their images are available mainly thanks to the documentation of the exhibition organized by Agra-Art in 2021.<\/p>\n<p><span style=\"font-weight: 400;\"><strong>Historical Museum in Sanok<\/strong>, which oversees the legacy of Zdzis\u0142aw Beksi\u0144ski, has taken a unique initiative to make selected works from this valued collection available to the public.<\/span><\/p>\n<p><span id=\"inko\" style=\"font-weight: 400;\"><strong>Agra-Art<\/strong> provided high-quality photographs and substantive studies, and <strong>BoSz Publishing House<\/strong> has produced professional inkography in a strictly limited edition \u2013 only 10 copies of each painting. This exclusive edition of inkography, thanks to its uniqueness and high quality of workmanship, will undoubtedly be well-received by enthusiasts of Zdzis\u0142aw Beksi\u0144ski&#039;s work. It also has the potential to become a valuable collector&#039;s item in the future.\u00a0<\/span><\/p>\n<div style=\"background-color: #f9f9f9; padding: 15px; margin-bottom: 5px;\">\n<div class=\"row\">\n<div class=\"col-md-6\">\n<p style=\"padding-top: 15px;\"><a href=\"https:\/\/bosz.com.pl\/\">BoSz Publishing House<\/a> is the only company in Poland authorized to publish albums devoted to the work of Zdzis\u0142aw Beksi\u0144ski. Cooperation with the artist began in the mid-1990s and resulted in the publication of four albums, which were created with the artist&#039;s direct participation. After his death, the publishing house has continued its mission of promoting his work, publishing subsequent books and albums devoted to various fields of art practiced by Beksi\u0144ski. Over the course of 30 years, the publishing house has published a total of 23 publications dedicated to his painting, photography, graphics and drawings.<br \/>\nThe culmination of this mission is the release of an exclusive album, &quot;Beksi\u0144ski. Obrazy&quot;, in a deluxe version, which presents 530 of the artist&#039;s most important paintings on over 500 pages.<br \/>\nMoreover, as the only producer, BoSz Publishing House has the rights to print reproductions on canvas, calendars and posters with the artist&#039;s works, thus ensuring the highest quality and the best reproduction of the artist&#039;s original paintings.<\/p>\n<p>&nbsp;<\/p>\n<\/div>\n<div class=\"col-md-6\"><a href=\"https:\/\/muzeum.sanok.pl\/pl\/wystawy-stale\/galeria-zdzislawa-beksinskiego\">Historical Museum in Sanok<\/a> has in its collection about 600 works of the Artist \u2013 drawings, photographs, paintings and sculptures from the entire period of the Creator\u2019s life. The Museum has organised a number of exhibitions of Beksi\u0144ski\u2019s paintings from its collection in various cities in Poland, including Warsaw, Gda\u0144sk, Tychy and Pabianice.<br \/>\nThe Historical Museum in Sanok is the exclusive heir and holder of the copyright of Zdzis\u0142aw Beksi\u0144ski.<\/div>\n<\/div>\n<\/div>\n<h3><\/h3>\n<h3>Inkography \u2013 Collectible Value and Durability<\/h3>\n<div>\n<p><span style=\"font-weight: 400;\">Inkography, also known as gicl\u00e9e, is a limited print of exceptional quality, created based on an original work of art. It is issued in a limited edition, signed by the author, heir or entity managing the copyright. Thanks to the use of pigment inks with high UV resistance and specialist, acid-free paper, inkography is characterized by extraordinary color durability and high aesthetics. They allow for very detailed and faithful reproduction of original works.\u00a0<\/span><span style=\"font-weight: 400;\">In the world of art, an original work is a unique item, available only to a select few. In the case of outstanding painters and their paintings, efforts have been made for centuries to somehow \u2013 of course, always imperfectly \u2013 enable contact and reception of these works by a wider audience. Reproductions of the original began to be created \u2013 the oldest attempts come from China in the 6th century, in Europe this practice appeared in the 14th century.<\/span><\/p>\n<p><span style=\"font-weight: 400;\">Albrecht D\u00fcrer (1471-1528), a pioneer of European graphic art, was not only a master of woodcuts and copperplates, but also a visionary who saw the enormous potential of reproduction in popularizing art. D\u00fcrer was the first to understand how much interest was aroused by graphic repetitions of the most valued works. By being able to reproduce images of his unique works (or create works intended exclusively for reproduction), the artist not only secured a steady income, but above all, made art accessible to a wider audience. His work revolutionized the way people could interact with works of art, making them more accessible and, to some extent, democratizing the previously elite world of art.<\/span><\/p>\n<p><span style=\"font-weight: 400;\">Although modern reproduction techniques have reached an unprecedented level of perfection, their fundamental goal remains unchanged: to make the master&#039;s vision available to the widest possible audience. After the artist&#039;s departure, responsibility for his legacy often falls on his heirs and museums, which, through carefully prepared graphic editions, play a key role in expanding access to his work. Thanks to their efforts, works of art that were originally available only to a select few become more accessible, allowing them to be experienced by a much wider audience and enriching social culture.<\/span><\/p>\n<\/div>\n<p>&nbsp;<\/p>\n<h3>Museum Edition of the Japanese Collection incography<\/h3>\n<ul>\n<li style=\"font-weight: 400;\" aria-level=\"1\"><span style=\"font-weight: 400;\">Each incography is professionally framed.\u00a0<\/span><\/li>\n<li style=\"font-weight: 400;\" aria-level=\"1\"><span style=\"font-weight: 400;\">On the lower edge, below the printing area, there is a unique edition number (e.g. 1\/10), the signature of the Director of the Historical Museum in Sanok and the MHS stamp.\u00a0<\/span><\/li>\n<li style=\"font-weight: 400;\" aria-level=\"1\"><span style=\"font-weight: 400;\">Each inkography is accompanied by a certificate confirming its number, origin (signature of BoSz Publishing House) and the consent of the Historical Museum in Sanok to use Zdzis\u0142aw Beksi\u0144ski&#039;s copyright.<\/span><\/li>\n<\/ul>\n<p><span style=\"font-weight: 400;\">In graphic techniques, <strong>first copy numbers<\/strong> traditionally, they enjoy the greatest appreciation among collectors. This is due to the fact that in the past, using techniques such as woodcut, metal engraving or lithography, the first prints were characterized by the highest quality. The reproduction process gradually wore out the matrix, causing the contours to be rubbed off and, as a result, the precision of the composition to be lost.<\/span><\/p>\n<p><span style=\"font-weight: 400;\">In the era of digital printing, although this aspect is of a conventional rather than technical nature, the \u201cones\u201d still have the highest collector\u2019s value.<\/span><\/p>\n\n\t\t<\/div>\n\t<\/div>\n<\/div><\/div><\/div><\/div>\n<\/div>","protected":false},"excerpt":{"rendered":"Beksi\u0144ski -\u00a0 Inkografie muzealne &nbsp; Kolekcja Japo\u0144ska, kt\u00f3rej fascynuj\u0105ca historia zosta\u0142a szczeg\u00f3\u0142owo opisana tutaj, od lat budzi zainteresowanie kolekcjoner\u00f3w. Oryginalne [...]","protected":false},"author":2,"featured_media":0,"parent":0,"menu_order":0,"comment_status":"closed","ping_status":"closed","template":"","meta":{"site-sidebar-layout":"right-sidebar","site-content-layout":"plain-container","ast-site-content-layout":"default","site-content-style":"default","site-sidebar-style":"boxed","ast-global-header-display":"","ast-banner-title-visibility":"","ast-main-header-display":"","ast-hfb-above-header-display":"","ast-hfb-below-header-display":"","ast-hfb-mobile-header-display":"","site-post-title":"disabled","ast-breadcrumbs-content":"","ast-featured-img":"disabled","footer-sml-layout":"","theme-transparent-header-meta":"default","adv-header-id-meta":"","stick-header-meta":"","header-above-stick-meta":"","header-main-stick-meta":"","header-below-stick-meta":"","astra-migrate-meta-layouts":"set","ast-page-background-enabled":"default","ast-page-background-meta":{"desktop":{"background-color":"var(--ast-global-color-5)","background-image":"","background-repeat":"repeat","background-position":"center center","background-size":"auto","background-attachment":"scroll","background-type":"","background-media":"","overlay-type":"","overlay-color":"","overlay-opacity":"","overlay-gradient":""},"tablet":{"background-color":"","background-image":"","background-repeat":"repeat","background-position":"center center","background-size":"auto","background-attachment":"scroll","background-type":"","background-media":"","overlay-type":"","overlay-color":"","overlay-opacity":"","overlay-gradient":""},"mobile":{"background-color":"","background-image":"","background-repeat":"repeat","background-position":"center center","background-size":"auto","background-attachment":"scroll","background-type":"","background-media":"","overlay-type":"","overlay-color":"","overlay-opacity":"","overlay-gradient":""}},"ast-content-background-meta":{"desktop":{"background-color":"var(--ast-global-color-4)","background-image":"","background-repeat":"repeat","background-position":"center center","background-size":"auto","background-attachment":"scroll","background-type":"","background-media":"","overlay-type":"","overlay-color":"","overlay-opacity":"","overlay-gradient":""},"tablet":{"background-color":"var(--ast-global-color-4)","background-image":"","background-repeat":"repeat","background-position":"center center","background-size":"auto","background-attachment":"scroll","background-type":"","background-media":"","overlay-type":"","overlay-color":"","overlay-opacity":"","overlay-gradient":""},"mobile":{"background-color":"var(--ast-global-color-4)","background-image":"","background-repeat":"repeat","background-position":"center center","background-size":"auto","background-attachment":"scroll","background-type":"","background-media":"","overlay-type":"","overlay-color":"","overlay-opacity":"","overlay-gradient":""}},"footnotes":""},"class_list":["post-16129","page","type-page","status-publish","hentry"],"_links":{"self":[{"href":"https:\/\/nova.agraart.pl\/en\/wp-json\/wp\/v2\/pages\/16129","targetHints":{"allow":["GET"]}}],"collection":[{"href":"https:\/\/nova.agraart.pl\/en\/wp-json\/wp\/v2\/pages"}],"about":[{"href":"https:\/\/nova.agraart.pl\/en\/wp-json\/wp\/v2\/types\/page"}],"author":[{"embeddable":true,"href":"https:\/\/nova.agraart.pl\/en\/wp-json\/wp\/v2\/users\/2"}],"replies":[{"embeddable":true,"href":"https:\/\/nova.agraart.pl\/en\/wp-json\/wp\/v2\/comments?post=16129"}],"version-history":[{"count":0,"href":"https:\/\/nova.agraart.pl\/en\/wp-json\/wp\/v2\/pages\/16129\/revisions"}],"wp:attachment":[{"href":"https:\/\/nova.agraart.pl\/en\/wp-json\/wp\/v2\/media?parent=16129"}],"curies":[{"name":"wp","href":"https:\/\/api.w.org\/{rel}","templated":true}]}}