{"id":12931,"date":"2021-07-27T16:58:51","date_gmt":"2021-07-27T14:58:51","guid":{"rendered":"https:\/\/nova.agraart.pl\/?page_id=12931"},"modified":"2025-05-16T12:28:32","modified_gmt":"2025-05-16T10:28:32","slug":"jacek-yerka","status":"publish","type":"page","link":"https:\/\/nova.agraart.pl\/en\/jacek-yerka\/","title":{"rendered":"Jacek Yerka"},"content":{"rendered":"<div class=\"wpb-content-wrapper\"><div class=\"vc_row wpb_row vc_row-fluid\"><div class=\"wpb_column vc_column_container vc_col-sm-12\"><div class=\"vc_column-inner\"><div class=\"wpb_wrapper\"><div class=\"vc_row wpb_row vc_inner vc_row-fluid\"><div class=\"wpb_column vc_column_container vc_col-sm-3\"><div class=\"vc_column-inner\"><div class=\"wpb_wrapper\">\n\t<div  class=\"wpb_single_image wpb_content_element vc_align_left wpb_content_element\">\n\t\t\n\t\t<figure class=\"wpb_wrapper vc_figure\">\n\t\t\t<div class=\"vc_single_image-wrapper   vc_box_border_grey\"><img loading=\"lazy\" decoding=\"async\" width=\"150\" height=\"150\" src=\"https:\/\/nova.agraart.pl\/wp-content\/uploads\/2025\/04\/autor-4-150x150.jpg\" class=\"vc_single_image-img attachment-thumbnail\" alt=\"\" title=\"author-4\" srcset=\"https:\/\/nova.agraart.pl\/wp-content\/uploads\/2025\/04\/autor-4-150x150.jpg 150w, https:\/\/nova.agraart.pl\/wp-content\/uploads\/2025\/04\/autor-4-100x100.jpg 100w\" sizes=\"auto, (max-width: 150px) 100vw, 150px\" \/><\/div>\n\t\t<\/figure>\n\t<\/div>\n<\/div><\/div><\/div><div class=\"wpb_column vc_column_container vc_col-sm-3\"><div class=\"vc_column-inner\"><div class=\"wpb_wrapper\">\n\t<div  class=\"wpb_single_image wpb_content_element vc_align_left wpb_content_element\">\n\t\t\n\t\t<figure class=\"wpb_wrapper vc_figure\">\n\t\t\t<div class=\"vc_single_image-wrapper   vc_box_border_grey\"><img loading=\"lazy\" decoding=\"async\" width=\"150\" height=\"150\" src=\"https:\/\/nova.agraart.pl\/wp-content\/uploads\/2025\/04\/autor-5-150x150.jpg\" class=\"vc_single_image-img attachment-thumbnail\" alt=\"\" title=\"author-5\" srcset=\"https:\/\/nova.agraart.pl\/wp-content\/uploads\/2025\/04\/autor-5-150x150.jpg 150w, https:\/\/nova.agraart.pl\/wp-content\/uploads\/2025\/04\/autor-5-100x100.jpg 100w\" sizes=\"auto, (max-width: 150px) 100vw, 150px\" \/><\/div>\n\t\t<\/figure>\n\t<\/div>\n<\/div><\/div><\/div><div class=\"wpb_column vc_column_container vc_col-sm-3\"><div class=\"vc_column-inner\"><div class=\"wpb_wrapper\">\n\t<div  class=\"wpb_single_image wpb_content_element vc_align_left wpb_content_element\">\n\t\t\n\t\t<figure class=\"wpb_wrapper vc_figure\">\n\t\t\t<div class=\"vc_single_image-wrapper   vc_box_border_grey\"><img loading=\"lazy\" decoding=\"async\" width=\"150\" height=\"150\" src=\"https:\/\/nova.agraart.pl\/wp-content\/uploads\/2021\/07\/yerk_xdd-e1627398000989-150x150.jpg\" class=\"vc_single_image-img attachment-thumbnail\" alt=\"\" title=\"yerk_xdd\" srcset=\"https:\/\/nova.agraart.pl\/wp-content\/uploads\/2021\/07\/yerk_xdd-e1627398000989-150x150.jpg 150w, https:\/\/nova.agraart.pl\/wp-content\/uploads\/2021\/07\/yerk_xdd-e1627398000989-100x100.jpg 100w\" sizes=\"auto, (max-width: 150px) 100vw, 150px\" \/><\/div>\n\t\t<\/figure>\n\t<\/div>\n<\/div><\/div><\/div><div class=\"wpb_column vc_column_container vc_col-sm-3\"><div class=\"vc_column-inner\"><div class=\"wpb_wrapper\">\n\t<div  class=\"wpb_single_image wpb_content_element vc_align_left wpb_content_element\">\n\t\t\n\t\t<figure class=\"wpb_wrapper vc_figure\">\n\t\t\t<div class=\"vc_single_image-wrapper   vc_box_border_grey\"><img loading=\"lazy\" decoding=\"async\" width=\"150\" height=\"150\" src=\"https:\/\/nova.agraart.pl\/wp-content\/uploads\/2025\/04\/autor-6-150x150.jpg\" class=\"vc_single_image-img attachment-thumbnail\" alt=\"\" title=\"author-6\" srcset=\"https:\/\/nova.agraart.pl\/wp-content\/uploads\/2025\/04\/autor-6-150x150.jpg 150w, https:\/\/nova.agraart.pl\/wp-content\/uploads\/2025\/04\/autor-6-100x100.jpg 100w\" sizes=\"auto, (max-width: 150px) 100vw, 150px\" \/><\/div>\n\t\t<\/figure>\n\t<\/div>\n<\/div><\/div><\/div><\/div><\/div><\/div><\/div><\/div><div class=\"vc_row wpb_row vc_row-fluid\"><div class=\"wpb_column vc_column_container vc_col-sm-12\"><div class=\"vc_column-inner\"><div class=\"wpb_wrapper\"><div class=\"vc_empty_space\"   style=\"height: 32px\"><span class=\"vc_empty_space_inner\"><\/span><\/div><\/div><\/div><\/div><\/div><div class=\"vc_row wpb_row vc_row-fluid\"><div class=\"wpb_column vc_column_container vc_col-sm-12\"><div class=\"vc_column-inner\"><div class=\"wpb_wrapper\">\n\t<div class=\"wpb_text_column wpb_content_element\" >\n\t\t<div class=\"wpb_wrapper\">\n\t\t\t<div class=\"piece-of-art-view_desc_nota\">\n<div class=\"piece-of-art-nota\">\n<p>He specialized in graphics. During his studies, he took part in many competitions dedicated to poster art, including those on the occasion of the 50th anniversary of the Polish Hunting Association (1st prize), the so-called Renaissance Day (1st prize), the Olympic Games in Toronto, the 50th anniversary of LOT, or advertising &quot;Spo\u0142em&quot;.<\/p>\n<p>Shortly after receiving his diploma, he won the 3rd prize at the Polish Poster Biennale in Katowice (1979). At that time, he also appeared on the international stage. In 1978, he won the competition &quot;Palestine - homeland denied&quot; organized by the Iraqi Cultural Center in London, and a year later for a poster promoting the development of public transport in Milan.<\/p>\n<p>His works were exhibited at the International Sports Biennale in Barcelona (1980, 3rd prize), the International Poster Biennale in Warsaw (1981, 3rd prize) and the Poster Biennale in Lahti (1983, 3rd prize). In the initial period of his career, the artist rarely created paintings, including for the Jan Spychalski Painting Competition in Pozna\u0144 (3rd prize twice). After 1980, he abandoned poster art and devoted himself entirely to painting. Based on a precise imaging technique modeled on the old masters (Jan van Eyck, Hieronymus Bosch), but above all on his own imagination that knows no bounds, he creates surreal compositions, particularly admired by fans of fantasy in all its varieties. He inspired, among others, the fantasy author Harlan Ellison to write 30 short stories, which, together with the artist&#039;s paintings, made up the publication entitled &quot;Mind Fields&quot; awarded the 1995 World Fantasy Award. The album&#039;s success resulted in an exhibition at the Morpheus Gallery in Beverly Hills in 1998. The same publishing house - &quot;Morpheus International&quot; - released the album &quot;The Fantastic Art of Jacek Yerka&quot;. The artist also collaborated on the production of an American film entitled &quot;Strawberry Fields&quot;, where the paintings were to be accompanied by the music of the Beatles. The artist&#039;s works - a valued representative of the fantasy genre - are found in many Polish and foreign private collections. Jacek Yerka&#039;s exhibitions took place abroad (including at the Hela Nebelung Galerie in D\u00fcsseldorf in 1983) and in Poland \u2013 at the OdNowa Gallery in Pozna\u0144 (1975), the Gra\u017cyna Hase Gallery in Warsaw (1980, 1982), the Alicja and Bo\u017cena Wahl Art Gallery (1990), the Filmar Hotel in Toru\u0144 (2016), DA Agra-Art (2022).<\/p>\n<p><strong>Jacek Yerka,\u00a0<em>Artistic life<\/em><\/strong><br \/>\nMy artistic life began in the second year of studies at the Faculty of Fine Arts at the Nicolaus Copernicus University. Quite unexpectedly (for myself, my colleagues and the group of teachers) I won the competition for a poster for the 50th anniversary of the Polish Hunting Association. I received the first prize of 450 PLN, for which I bought a large album of Bosch and an even larger one with D\u00fcrer&#039;s graphics in the KMPiK bookstore.<\/p>\n<p>In my third year of studies I took part in a poster competition for the so-called Renaissance Day, which I again unexpectedly won. Here the prize was more serious, and General Jerzy Zi\u0119tek in Katowice personally congratulated me on my success. I was slowly starting to turn into a bounty hunter. I took part in all possible poster competitions; on the occasion of May Day, July 22, advertising &quot;Spo\u0142em&quot; (they paid the best and printed my very realistic and difficult to print designs fairly decently), for the Olympic Games in Toronto, for the 50th anniversary of LOT, for the knights&#039; tournament at the Golub Castle (here the organizer promised me a win and kept his word - I think I was the only participant in this memorable competition) and many others, which I no longer remember exactly.<\/p>\n<p>In order not to fall into a rut, I also took part in Jan Spychalski painting competitions organized in Pozna\u0144; I received 3rd prize there twice in the late 70s. In 1978, I won a competition organized by the Iraqi Cultural Center in London under the slogan &quot;Palestine - homeland denied&quot;. I received \u00a31,500 (\u00a31 was worth 3.5 $), a pleasant trip around Iraq and a handshake from Tariq Aziz (he was supposed to be Saddam Hussein, but he was purging the Baath party).<\/p>\n<p>I also won 3rd prize at the Polish Poster Biennale in Katowice in 1979. In 1980 I received 3rd prize at the International Sports Biennale in Barcelona. Also in 1980 I won a competition in Milan for a poster promoting the development of public transport - a cosmically high one at that time, I received the award in person, driving a small Fiat with a cracked head gasket, slowly and slowly through the Alps. I also won 3rd prize at the International Poster Biennale in Warsaw in 1981 and at the Poster Biennale in Lahti in 1983.<\/p>\n<p>That was the end of my adventure with posters, painting absorbed me completely. In 1995, my album &quot;Mind Fields&quot;, published in the USA by James Cowan, in collaboration with Harlan Ellison, received the World Fantasy Award. This resulted in an exhibition in Los Angeles in 1998 at the Beverly Hills Gallery. In 2011(?), NVIDIA organized a worldwide competition for computer graphics inspired by my paintings. I liked the winning work so much that I made &quot;The Third Day of Creation&quot; inspired by it. The history of my individual exhibitions is short and results from the specificity of my work. Paintings are time-consuming and most find buyers before the idea of the next exhibition materializes.<\/p>\n<p>But it has worked a few times:<\/p>\n<ul>\n<li>Jan Malik in 1975 at the Od Nowa Gallery in Pozna\u0144 \u2013 I carried 6 large paintings, my entire output at that time, in the corridor of the train to Pozna\u0144, all the time making sure that the passengers squeezing past did not crush them; but at the vernissage I had a great conversation with Prof. Tadeusz Brzozowski, who confirmed my conviction that I should paint in my own way and not look at anyone;<\/li>\n<li>Gra\u017cyna Hase in 1980 and 1982, in her atmospheric gallery on Marsza\u0142kowska Street in Warsaw;<\/li>\n<li>Hella Nebelung in 1983 at the Hella Nebelung Gallery in D\u00fcsseldorf;<\/li>\n<li>Alicja Wahl in 1990 at her own gallery in \u017boliborz;<\/li>\n<li>James Cowan in 1998 at the Beverly Hills Gallery in Los Angeles;<\/li>\n<li>Wiesiowi \u017byle in the foyer of the \u201cFilmar\u201d hotel in Toru\u0144 (gicl\u00e8 only) in 2016;<\/li>\n<li>Konrad Szukalski in 2012 at the Agraart Auction House gallery.<\/li>\n<\/ul>\n<p>I can&#039;t forget about the brass\u00a0<em>Catherine\u00a0<\/em>in the Toru\u0144 Hall of Fame in front of the Artus Court, where I addressed the gathered crowd on a summer evening in 2008. I am constantly painting and trying to tackle new ideas or dust off old ones that I was unable to realize due to technical or mental deficiencies.<\/p>\n<\/div>\n<\/div>\n\n\t\t<\/div>\n\t<\/div>\n<\/div><\/div><\/div><\/div><div class=\"vc_row wpb_row vc_row-fluid\"><div class=\"wpb_column vc_column_container vc_col-sm-12\"><div class=\"vc_column-inner\"><div class=\"wpb_wrapper\"><div class=\"vc_empty_space\"   style=\"height: 32px\"><span class=\"vc_empty_space_inner\"><\/span><\/div><\/div><\/div><\/div><\/div><div class=\"vc_row wpb_row vc_row-fluid\"><div class=\"wpb_column vc_column_container vc_col-sm-12\"><div class=\"vc_column-inner\"><div class=\"wpb_wrapper\"><div class=\"vc_empty_space\"   style=\"height: 32px\"><span class=\"vc_empty_space_inner\"><\/span><\/div><\/div><\/div><\/div><\/div><div class=\"vc_row wpb_row vc_row-fluid\"><div class=\"wpb_column vc_column_container vc_col-sm-12\"><div class=\"vc_column-inner\"><div class=\"wpb_wrapper\">\n\t<div class=\"wpb_video_widget wpb_content_element vc_clearfix   vc_video-aspect-ratio-169 vc_video-el-width-60 vc_video-align-left\" >\n\t\t<div class=\"wpb_wrapper\">\n\t\t\t\n\t\t\t<div class=\"wpb_video_wrapper\"><div class=\"ast-oembed-container\" style=\"height: 100%;\"><iframe loading=\"lazy\" title=\"Conversations at Art. The Worlds of Jacek Yerka. Podcast #05\" width=\"500\" height=\"281\" src=\"https:\/\/www.youtube.com\/embed\/EE57_M6RTdk?feature=oembed\" frameborder=\"0\" allow=\"accelerometer; autoplay; clipboard-write; encrypted-media; gyroscope; picture-in-picture; web-share\" allowfullscreen><\/iframe><\/div><\/div>\n\t\t<\/div>\n\t<\/div>\n<\/div><\/div><\/div><\/div><div class=\"vc_row wpb_row vc_row-fluid\"><div class=\"wpb_column vc_column_container vc_col-sm-12\"><div class=\"vc_column-inner\"><div class=\"wpb_wrapper\"><div class=\"vc_empty_space\"   style=\"height: 32px\"><span class=\"vc_empty_space_inner\"><\/span><\/div><\/div><\/div><\/div><\/div>\n<\/div>","protected":false},"excerpt":{"rendered":"Specjalizowa\u0142 si\u0119 w grafice. W trakcie studi\u00f3w bra\u0142 udzia\u0142 w wielu konkursach po\u015bwi\u0119conych sztuce plakatowej, m.in. z okazji 50-lecia Polskiego [...]","protected":false},"author":2,"featured_media":0,"parent":0,"menu_order":0,"comment_status":"closed","ping_status":"closed","template":"","meta":{"site-sidebar-layout":"right-sidebar","site-content-layout":"plain-container","ast-site-content-layout":"normal-width-container","site-content-style":"boxed","site-sidebar-style":"default","ast-global-header-display":"","ast-banner-title-visibility":"","ast-main-header-display":"","ast-hfb-above-header-display":"","ast-hfb-below-header-display":"","ast-hfb-mobile-header-display":"","site-post-title":"","ast-breadcrumbs-content":"","ast-featured-img":"disabled","footer-sml-layout":"","theme-transparent-header-meta":"default","adv-header-id-meta":"","stick-header-meta":"","header-above-stick-meta":"","header-main-stick-meta":"","header-below-stick-meta":"","astra-migrate-meta-layouts":"set","ast-page-background-enabled":"default","ast-page-background-meta":{"desktop":{"background-color":"var(--ast-global-color-5)","background-image":"","background-repeat":"repeat","background-position":"center center","background-size":"auto","background-attachment":"scroll","background-type":"","background-media":"","overlay-type":"","overlay-color":"","overlay-opacity":"","overlay-gradient":""},"tablet":{"background-color":"","background-image":"","background-repeat":"repeat","background-position":"center center","background-size":"auto","background-attachment":"scroll","background-type":"","background-media":"","overlay-type":"","overlay-color":"","overlay-opacity":"","overlay-gradient":""},"mobile":{"background-color":"","background-image":"","background-repeat":"repeat","background-position":"center center","background-size":"auto","background-attachment":"scroll","background-type":"","background-media":"","overlay-type":"","overlay-color":"","overlay-opacity":"","overlay-gradient":""}},"ast-content-background-meta":{"desktop":{"background-color":"var(--ast-global-color-4)","background-image":"","background-repeat":"repeat","background-position":"center center","background-size":"auto","background-attachment":"scroll","background-type":"","background-media":"","overlay-type":"","overlay-color":"","overlay-opacity":"","overlay-gradient":""},"tablet":{"background-color":"var(--ast-global-color-4)","background-image":"","background-repeat":"repeat","background-position":"center center","background-size":"auto","background-attachment":"scroll","background-type":"","background-media":"","overlay-type":"","overlay-color":"","overlay-opacity":"","overlay-gradient":""},"mobile":{"background-color":"var(--ast-global-color-4)","background-image":"","background-repeat":"repeat","background-position":"center center","background-size":"auto","background-attachment":"scroll","background-type":"","background-media":"","overlay-type":"","overlay-color":"","overlay-opacity":"","overlay-gradient":""}},"footnotes":""},"class_list":["post-12931","page","type-page","status-publish","hentry"],"_links":{"self":[{"href":"https:\/\/nova.agraart.pl\/en\/wp-json\/wp\/v2\/pages\/12931","targetHints":{"allow":["GET"]}}],"collection":[{"href":"https:\/\/nova.agraart.pl\/en\/wp-json\/wp\/v2\/pages"}],"about":[{"href":"https:\/\/nova.agraart.pl\/en\/wp-json\/wp\/v2\/types\/page"}],"author":[{"embeddable":true,"href":"https:\/\/nova.agraart.pl\/en\/wp-json\/wp\/v2\/users\/2"}],"replies":[{"embeddable":true,"href":"https:\/\/nova.agraart.pl\/en\/wp-json\/wp\/v2\/comments?post=12931"}],"version-history":[{"count":0,"href":"https:\/\/nova.agraart.pl\/en\/wp-json\/wp\/v2\/pages\/12931\/revisions"}],"wp:attachment":[{"href":"https:\/\/nova.agraart.pl\/en\/wp-json\/wp\/v2\/media?parent=12931"}],"curies":[{"name":"wp","href":"https:\/\/api.w.org\/{rel}","templated":true}]}}