{"id":12874,"date":"2021-05-24T15:19:17","date_gmt":"2021-05-24T13:19:17","guid":{"rendered":"https:\/\/nova.agraart.pl\/?page_id=12306"},"modified":"2025-04-10T15:41:21","modified_gmt":"2025-04-10T13:41:21","slug":"o-nas","status":"publish","type":"page","link":"https:\/\/nova.agraart.pl\/en\/o-nas\/","title":{"rendered":"Contact"},"content":{"rendered":"<div class=\"wpb-content-wrapper\"><div class=\"vc_row wpb_row vc_row-fluid\"><div class=\"wpb_column vc_column_container vc_col-sm-12\"><div class=\"vc_column-inner\"><div class=\"wpb_wrapper\">\n\t<div class=\"wpb_text_column wpb_content_element\" >\n\t\t<div class=\"wpb_wrapper\">\n\t\t\t<p>Our activities include:<\/p>\n<ul>\n<li>sales of graphics (giclee) by Jacek Yerka and Maksymilian Novak-Zempli\u0144ski.<br \/>\nThe graphics are made by the Qprint graphic studio under the supervision of artists, printed in a limited edition, signed by the authors, and issued with certificates secured with a hologram,<\/li>\n<li>sale of paintings and sculptures by young generation artists,<\/li>\n<li>organisation of an auction of the Art of Imagination \u2013 works by artists creating in the trends of surrealism and magical realism;<\/li>\n<\/ul>\n<p>&nbsp;<\/p>\n<p><strong>Contact:<\/strong><\/p>\n<p>tel. +48 (22) 745 10 20<\/p>\n<p>We are waiting for you every day, during the week from 11 to 18 and on Saturdays from 11 to 15 in the gallery of the Agra Art Auction House, at ul. Wilcza 70 in Warsaw.<\/p>\n\n\t\t<\/div>\n\t<\/div>\n<\/div><\/div><\/div><\/div><div class=\"vc_row wpb_row vc_row-fluid\"><div class=\"wpb_column vc_column_container vc_col-sm-12\"><div class=\"vc_column-inner\"><div class=\"wpb_wrapper\"><div class=\"vc_empty_space\"   style=\"height: 32px\"><span class=\"vc_empty_space_inner\"><\/span><\/div><\/div><\/div><\/div><\/div><div class=\"vc_row wpb_row vc_row-fluid\"><div class=\"wpb_column vc_column_container vc_col-sm-12\"><div class=\"vc_column-inner\"><div class=\"wpb_wrapper\"><div class=\"wpb_gmaps_widget wpb_content_element\"><div class=\"wpb_wrapper\"><div class=\"wpb_map_wraper\"><iframe src=\"https:\/\/www.google.com\/maps\/embed?pb=!1m18!1m12!1m3!1d2444.100975085549!2d21.005544276505294!3d52.223383258147926!2m3!1f0!2f0!3f0!3m2!1i1024!2i768!4f13.1!3m3!1m2!1s0x471eccec305fa027%3A0x51b92b296481a22b!2sAgra-Art%20Dom%20Aukcyjny!5e0!3m2!1spl!2spl!4v1744292457780!5m2!1spl!2spl\" width=\"600\" height=\"450\" style=\"border:0;\" allowfullscreen=\"\" loading=\"lazy\" referrerpolicy=\"no-referrer-when-downgrade\"><\/iframe><\/div><\/div><\/div><\/div><\/div><\/div><\/div>\n<\/div>","protected":false},"excerpt":{"rendered":"Nasza dzia\u0142alno\u015b\u0107 polega na: sprzeda\u017cy grafik (giclee) Jacka Yerki, Maksymiliana Novaka-Zempli\u0144skiego. Grafiki s\u0105 wykonywane przez studio graficzne Qprint pod nadzorem [...]","protected":false},"author":2,"featured_media":0,"parent":0,"menu_order":0,"comment_status":"closed","ping_status":"closed","template":"","meta":{"site-sidebar-layout":"no-sidebar","site-content-layout":"plain-container","ast-site-content-layout":"default","site-content-style":"default","site-sidebar-style":"default","ast-global-header-display":"","ast-banner-title-visibility":"","ast-main-header-display":"","ast-hfb-above-header-display":"","ast-hfb-below-header-display":"","ast-hfb-mobile-header-display":"","site-post-title":"disabled","ast-breadcrumbs-content":"","ast-featured-img":"disabled","footer-sml-layout":"","theme-transparent-header-meta":"default","adv-header-id-meta":"","stick-header-meta":"","header-above-stick-meta":"","header-main-stick-meta":"","header-below-stick-meta":"","astra-migrate-meta-layouts":"set","ast-page-background-enabled":"default","ast-page-background-meta":{"desktop":{"background-color":"var(--ast-global-color-5)","background-image":"","background-repeat":"repeat","background-position":"center center","background-size":"auto","background-attachment":"scroll","background-type":"","background-media":"","overlay-type":"","overlay-color":"","overlay-opacity":"","overlay-gradient":""},"tablet":{"background-color":"","background-image":"","background-repeat":"repeat","background-position":"center center","background-size":"auto","background-attachment":"scroll","background-type":"","background-media":"","overlay-type":"","overlay-color":"","overlay-opacity":"","overlay-gradient":""},"mobile":{"background-color":"","background-image":"","background-repeat":"repeat","background-position":"center center","background-size":"auto","background-attachment":"scroll","background-type":"","background-media":"","overlay-type":"","overlay-color":"","overlay-opacity":"","overlay-gradient":""}},"ast-content-background-meta":{"desktop":{"background-color":"var(--ast-global-color-4)","background-image":"","background-repeat":"repeat","background-position":"center center","background-size":"auto","background-attachment":"scroll","background-type":"","background-media":"","overlay-type":"","overlay-color":"","overlay-opacity":"","overlay-gradient":""},"tablet":{"background-color":"var(--ast-global-color-4)","background-image":"","background-repeat":"repeat","background-position":"center center","background-size":"auto","background-attachment":"scroll","background-type":"","background-media":"","overlay-type":"","overlay-color":"","overlay-opacity":"","overlay-gradient":""},"mobile":{"background-color":"var(--ast-global-color-4)","background-image":"","background-repeat":"repeat","background-position":"center center","background-size":"auto","background-attachment":"scroll","background-type":"","background-media":"","overlay-type":"","overlay-color":"","overlay-opacity":"","overlay-gradient":""}},"footnotes":""},"class_list":["post-12874","page","type-page","status-publish","hentry"],"_links":{"self":[{"href":"https:\/\/nova.agraart.pl\/en\/wp-json\/wp\/v2\/pages\/12874","targetHints":{"allow":["GET"]}}],"collection":[{"href":"https:\/\/nova.agraart.pl\/en\/wp-json\/wp\/v2\/pages"}],"about":[{"href":"https:\/\/nova.agraart.pl\/en\/wp-json\/wp\/v2\/types\/page"}],"author":[{"embeddable":true,"href":"https:\/\/nova.agraart.pl\/en\/wp-json\/wp\/v2\/users\/2"}],"replies":[{"embeddable":true,"href":"https:\/\/nova.agraart.pl\/en\/wp-json\/wp\/v2\/comments?post=12874"}],"version-history":[{"count":0,"href":"https:\/\/nova.agraart.pl\/en\/wp-json\/wp\/v2\/pages\/12874\/revisions"}],"wp:attachment":[{"href":"https:\/\/nova.agraart.pl\/en\/wp-json\/wp\/v2\/media?parent=12874"}],"curies":[{"name":"wp","href":"https:\/\/api.w.org\/{rel}","templated":true}]}}