{"id":12732,"date":"2021-07-02T16:20:15","date_gmt":"2021-07-02T14:20:15","guid":{"rendered":"https:\/\/nova.agraart.pl\/?page_id=12732"},"modified":"2025-05-16T14:25:03","modified_gmt":"2025-05-16T12:25:03","slug":"jak-kupowac-i-zamawiac","status":"publish","type":"page","link":"https:\/\/nova.agraart.pl\/en\/jak-kupowac-i-zamawiac\/","title":{"rendered":"How to Buy \u2013 Tips for Customers"},"content":{"rendered":"<h4>A few tips on how to shop in our store<\/h4>\n<p>&nbsp;<\/p>\n<ul>\n<li style=\"padding-bottom: 30px;\">\n<h5><strong>Every gicl\u00e9e is different.<\/strong><\/h5>\n<p>We have many registered Jacek Yerka gicl\u00e9e patterns \u2013 that is why each pattern has its own category. Within the category we buy specific numbered copies of the work.<br \/>\n<em>For example: pattern category &quot;<a href=\"https:\/\/nova.agraart.pl\/en\/product-category\/yerka\/giclee-nieoprawione\/prywatna-fala\/#shop\" target=\"_blank\" rel=\"noopener\">Private wave<\/a>\u201d contains 4 copies from an edition of 50 pieces: 1\/50, 12\/50, 3\/50 etc. To buy, go to the Jacek Yerka category -&gt; choose the \u201cPrivate wave\u201d category -&gt; choose a specific copy of the series with a unique number (e.g. 12\/50)<\/em><br \/>\nWe buy <strong>a specific copy<\/strong> with designation as in the title.<\/li>\n<li style=\"padding-bottom: 30px;\">\n<h5><strong>Print runs and sizes.<\/strong><\/h5>\n<p>Gicl\u00e9e editions may vary in size and circulation. In our shop you will find standard sizes (smaller side 54 cm) or Supersize (smaller side 66 cm) \u2013 e.g. <a href=\"https:\/\/nova.agraart.pl\/en\/product-category\/yerka\/giclee-nieoprawione\/ulica-atramentowa\/\">Ink Street<\/a>. The same design can have different editions differing in size. Usually, however, a new edition differing in size is created after another edition of a given design has been exhausted. The most popular designs such as<a href=\"https:\/\/nova.agraart.pl\/en\/product-category\/yerka\/giclee-nieoprawione\/bibliotama\/\" target=\"_blank\" rel=\"noopener\"> Librarytama<\/a>, only exist in Supersize editions.<br \/>\nSupersize editions are marked with the symbol XL in the store.<br \/>\n<a href=\"https:\/\/nova.agraart.pl\/en\/informacje-o-giclee\/\">More about editions, dimensions and rules for creating gicl\u00e9e here<\/a>.<\/li>\n<li style=\"padding-bottom: 30px;\">\n<h5><strong>Gicl\u00e9e unframed vs framed.<\/strong><\/h5>\n<p>In the vast majority of cases, we suggest choosing unframed works. Firstly, it is much easier and safer to send them, secondly, choosing a frame is often a long process that requires consideration and adaptation to the interior. In our Gallery, we can of course also advise on framing, and you can also see examples of framed gicl\u00e9es on site.<\/li>\n<li style=\"padding-bottom: 30px;\">\n<h5><strong>Shipment of works\u00a0<\/strong><\/h5>\n<p>After selecting specific works in the basket, we will also see an automatic calculation of the shipping cost depending on the geographical zone. Currently, we have calculated automatic rates for the zones: Poland, Europe, USA, Canada. For other countries, please <a href=\"https:\/\/nova.agraart.pl\/en\/o-nas\/\" target=\"_blank\" rel=\"noopener\">contact<\/a> for valuation purposes.<br \/>\nBefore you buy, you can <a href=\"https:\/\/nova.agraart.pl\/en\/platnosci-i-wysylki\/\">of course to see<\/a> how much it costs to send a purchased work \u2013 depending on the packaging method and destination. You can of course also pay on the spot when picking it up in person.<br \/>\nPlease note \u2013 for safety reasons, we can send a maximum of 2 unframed works in one shipment (cardboard tube).<br \/>\n<strong>Unframed giclee is shipped free of charge within Poland!<\/strong><\/li>\n<li style=\"padding-bottom: 30px;\">\n<h5><strong>Payments.<\/strong><\/h5>\n<p>We accept <a style=\"font-size: 16px;\" href=\"https:\/\/nova.agraart.pl\/en\/platnosci-i-wysylki\/\">online payments<\/a><span style=\"font-size: 16px;\"> (operator First Data) by payment cards, Blik and electronic transfers from many Polish banks. We also accept Paypal. On-site at the Gallery, you can pay by card through the terminal.<br \/>\n<\/span>We do not accept cash!<\/li>\n<li>\n<h5><strong>Custom Designs (Yerka)<\/strong><\/h5>\n<p>We have developed about 130 gicl\u00e9e patterns in our database, but not all of them are available for sale. In the &quot;Jacek Yerka\/ Patterns&quot; category we will place photos of works that can be printed on request. The waiting time varies (from a week to a month) - it depends on the availability of Jacek Yerka, who is rarely in Warsaw, and must personally view and sign each of the works.<\/li>\n<\/ul>","protected":false},"excerpt":{"rendered":"<p>Kilka porad jak kupowa\u0107 w naszym sklepie &nbsp; Ka\u017cda gicl\u00e9e jest inna. Mamy du\u017co zarejestrowanych wzor\u00f3w gicl\u00e9e\u00a0 Jacka Yerki &#8211; [&hellip;]<\/p>\n","protected":false},"author":2,"featured_media":0,"parent":0,"menu_order":0,"comment_status":"closed","ping_status":"closed","template":"","meta":{"site-sidebar-layout":"right-sidebar","site-content-layout":"","ast-site-content-layout":"normal-width-container","site-content-style":"boxed","site-sidebar-style":"boxed","ast-global-header-display":"","ast-banner-title-visibility":"","ast-main-header-display":"","ast-hfb-above-header-display":"","ast-hfb-below-header-display":"","ast-hfb-mobile-header-display":"","site-post-title":"","ast-breadcrumbs-content":"","ast-featured-img":"","footer-sml-layout":"","theme-transparent-header-meta":"default","adv-header-id-meta":"","stick-header-meta":"","header-above-stick-meta":"","header-main-stick-meta":"","header-below-stick-meta":"","astra-migrate-meta-layouts":"set","ast-page-background-enabled":"default","ast-page-background-meta":{"desktop":{"background-color":"var(--ast-global-color-5)","background-image":"","background-repeat":"repeat","background-position":"center center","background-size":"auto","background-attachment":"scroll","background-type":"","background-media":"","overlay-type":"","overlay-color":"","overlay-opacity":"","overlay-gradient":""},"tablet":{"background-color":"","background-image":"","background-repeat":"repeat","background-position":"center center","background-size":"auto","background-attachment":"scroll","background-type":"","background-media":"","overlay-type":"","overlay-color":"","overlay-opacity":"","overlay-gradient":""},"mobile":{"background-color":"","background-image":"","background-repeat":"repeat","background-position":"center center","background-size":"auto","background-attachment":"scroll","background-type":"","background-media":"","overlay-type":"","overlay-color":"","overlay-opacity":"","overlay-gradient":""}},"ast-content-background-meta":{"desktop":{"background-color":"var(--ast-global-color-4)","background-image":"","background-repeat":"repeat","background-position":"center center","background-size":"auto","background-attachment":"scroll","background-type":"","background-media":"","overlay-type":"","overlay-color":"","overlay-opacity":"","overlay-gradient":""},"tablet":{"background-color":"var(--ast-global-color-4)","background-image":"","background-repeat":"repeat","background-position":"center center","background-size":"auto","background-attachment":"scroll","background-type":"","background-media":"","overlay-type":"","overlay-color":"","overlay-opacity":"","overlay-gradient":""},"mobile":{"background-color":"var(--ast-global-color-4)","background-image":"","background-repeat":"repeat","background-position":"center center","background-size":"auto","background-attachment":"scroll","background-type":"","background-media":"","overlay-type":"","overlay-color":"","overlay-opacity":"","overlay-gradient":""}},"footnotes":""},"class_list":["post-12732","page","type-page","status-publish","hentry"],"_links":{"self":[{"href":"https:\/\/nova.agraart.pl\/en\/wp-json\/wp\/v2\/pages\/12732","targetHints":{"allow":["GET"]}}],"collection":[{"href":"https:\/\/nova.agraart.pl\/en\/wp-json\/wp\/v2\/pages"}],"about":[{"href":"https:\/\/nova.agraart.pl\/en\/wp-json\/wp\/v2\/types\/page"}],"author":[{"embeddable":true,"href":"https:\/\/nova.agraart.pl\/en\/wp-json\/wp\/v2\/users\/2"}],"replies":[{"embeddable":true,"href":"https:\/\/nova.agraart.pl\/en\/wp-json\/wp\/v2\/comments?post=12732"}],"version-history":[{"count":0,"href":"https:\/\/nova.agraart.pl\/en\/wp-json\/wp\/v2\/pages\/12732\/revisions"}],"wp:attachment":[{"href":"https:\/\/nova.agraart.pl\/en\/wp-json\/wp\/v2\/media?parent=12732"}],"curies":[{"name":"wp","href":"https:\/\/api.w.org\/{rel}","templated":true}]}}