{"id":12592,"date":"2021-06-28T17:05:11","date_gmt":"2021-06-28T15:05:11","guid":{"rendered":"https:\/\/nova.agraart.pl\/?page_id=12592"},"modified":"2026-04-11T13:28:25","modified_gmt":"2026-04-11T11:28:25","slug":"platnosci-i-wysylki","status":"publish","type":"page","link":"https:\/\/nova.agraart.pl\/en\/platnosci-i-wysylki\/","title":{"rendered":"Payments and shipping"},"content":{"rendered":"<h4>Payment and Shipping Information<\/h4>\n<p>&nbsp;<\/p>\n<p>For purchases at the Agra Art Gallery:<\/p>\n<ul>\n<li style=\"padding-bottom: 30px;\">Via the Internet \u2013 by payment cards or electronic online transfer in selected banks. The online payment system is operated by First-Data. We enable payments with basic payment cards and through a number of banks present on the Payeezy platform \u2013 the list below:<br \/>\n<img loading=\"lazy\" decoding=\"async\" class=\"wp-image-12816 alignleft\" style=\"padding-bottom: 15px;\" src=\"https:\/\/nova.agraart.pl\/wp-content\/uploads\/2021\/07\/Zrzut-ekranu-2021-07-21-o-09.27.34-e1626852585647.jpg\" alt=\"p\u0142atnosci\" width=\"507\" height=\"289\" \/><\/li>\n<\/ul>\n<p>&nbsp;<\/p>\n<p>&nbsp;<\/p>\n<p>&nbsp;<\/p>\n<p>&nbsp;<\/p>\n<p>&nbsp;<\/p>\n<p>&nbsp;<\/p>\n<ul>\n<li>Via the Internet \u2013 via the system <strong><a href=\"http:\/\/www.paypal.com\" target=\"_blank\" rel=\"noopener\">Paypal<\/a><\/strong> (in this case please use e-mail address <strong>agra@agraart.pl<\/strong>),<\/li>\n<li>By payment card at the Gallery at ul. Wilcza 70 (Visa\/MC),<\/li>\n<li>By transfer to the account:<br \/>\nAgra-Art S.A.<br \/>\nWilcza 70 Street, 00-670 Warsaw<br \/>\nBank Pekao S.A.<br \/>\nPLN 69 1240 6218 1111 0010 7726 1501<\/li>\n<\/ul>\n<h4><\/h4>\n<h4>Rules for shipping and receiving items:<\/h4>\n<ul>\n<li>Personal collection is possible during the Gallery\u2019s opening hours (weekdays 11am-6pm, Saturdays 11am-3pm);<\/li>\n<li>We may ship purchased items at the buyer\u2019s expense and risk;<\/li>\n<li>Unframed works are sent within 2 working days by courier (Fedex, DHL). We pack them in stiff cardboard tubes;<\/li>\n<li>Framed works are shipped within 3 working days via a courier company (Fedex, DHL); they are secured with bubble wrap and packed in stiff cardboard boxes.<br \/>\n<strong>Please note: Shipping costs for framed works may be higher.\u00a0<\/strong><\/li>\n<li>In the case of particularly fragile works, placed behind glass or in delicate frames, we suggest personal collection.<\/li>\n<\/ul>\n<p>The rates apply to Poland, Europe and the USA - for other countries please contact us <a href=\"mailto:nova@agraart.pl\">e-mail<\/a> with the address provided.<\/p>\n<table style=\"border: 1px solid silver;\" border=\"1\" width=\"90%\" cellspacing=\"5\" cellpadding=\"5\" align=\"center\">\n<tbody>\n<tr>\n<td style=\"border: 1px solid silver; text-align: center;\">Type of object<\/td>\n<td style=\"border: 1px solid silver; text-align: center;\">Packaging<\/td>\n<td style=\"border: 1px solid silver; text-align: center;\">Target region<\/td>\n<td style=\"border: 1px solid silver; text-align: center;\">Shipping cost<\/td>\n<\/tr>\n<tr>\n<td style=\"border: 1px solid silver; padding: 3px;\">Giclee unframed<\/td>\n<td style=\"border: 1px solid silver; padding: 3px;\">Cardboard tube<\/td>\n<td style=\"border: 1px solid silver; padding: 3px;\">Poland<\/td>\n<td style=\"border: 1px solid silver; padding: 3px;\">Shipping included (Fedex)<\/td>\n<\/tr>\n<tr>\n<td style=\"border: 1px solid silver; padding: 3px;\">Giclee unframed<\/td>\n<td style=\"border: 1px solid silver; padding: 3px;\">Cardboard tube<\/td>\n<td style=\"border: 1px solid silver; padding: 3px;\">Europe<\/td>\n<td style=\"border: 1px solid silver; padding: 3px;\">350 PLN<\/td>\n<\/tr>\n<tr>\n<td style=\"border: 1px solid silver; padding: 3px;\">Giclee unframed<\/td>\n<td style=\"border: 1px solid silver; padding: 3px;\">Cardboard tube<\/td>\n<td style=\"border: 1px solid silver; padding: 3px;\">USA | Canada<\/td>\n<td style=\"border: 1px solid silver; padding: 3px;\">370 PLN<\/td>\n<\/tr>\n<tr>\n<td style=\"border: 1px solid silver; padding: 3px;\">Framed Giclee \/ Pictures<\/td>\n<td style=\"border: 1px solid silver; padding: 3px;\">Cardboard box plus bubble wrap<\/td>\n<td style=\"border: 1px solid silver; padding: 3px;\">Europe \/ USA \/ Canada<\/td>\n<td style=\"border: 1px solid silver; padding: 3px;\">850 PLN<\/td>\n<\/tr>\n<tr>\n<td style=\"border: 1px solid silver; padding: 3px;\">Publications<\/td>\n<td style=\"border: 1px solid silver; padding: 3px;\">Secure envelope<\/td>\n<td style=\"border: 1px solid silver; padding: 3px;\">Poland (Fedex)<\/td>\n<td style=\"border: 1px solid silver; padding: 3px;\">20 PLN<\/td>\n<\/tr>\n<tr>\n<td style=\"border: 1px solid silver; padding: 3px;\">Publications<\/td>\n<td style=\"border: 1px solid silver; padding: 3px;\">Secure envelope<\/td>\n<td style=\"border: 1px solid silver; padding: 3px;\">Europe | USA | Canada<\/td>\n<td style=\"border: 1px solid silver; padding: 3px;\">70 PLN | 100 PLN<\/td>\n<\/tr>\n<\/tbody>\n<\/table>\n<div style=\"height: 50px;\"><\/div>","protected":false},"excerpt":{"rendered":"<p>Informacje o p\u0142atno\u015bciach i wysy\u0142kach &nbsp; Za zakupy w Galerii Agra Art : Przez Internet &#8211; kartami p\u0142atniczymi lub elektronicznym [&hellip;]<\/p>\n","protected":false},"author":2,"featured_media":0,"parent":0,"menu_order":0,"comment_status":"closed","ping_status":"closed","template":"","meta":{"site-sidebar-layout":"default","site-content-layout":"","ast-site-content-layout":"default","site-content-style":"default","site-sidebar-style":"default","ast-global-header-display":"","ast-banner-title-visibility":"","ast-main-header-display":"","ast-hfb-above-header-display":"","ast-hfb-below-header-display":"","ast-hfb-mobile-header-display":"","site-post-title":"","ast-breadcrumbs-content":"","ast-featured-img":"","footer-sml-layout":"","theme-transparent-header-meta":"default","adv-header-id-meta":"","stick-header-meta":"","header-above-stick-meta":"","header-main-stick-meta":"","header-below-stick-meta":"","astra-migrate-meta-layouts":"set","ast-page-background-enabled":"default","ast-page-background-meta":{"desktop":{"background-color":"var(--ast-global-color-5)","background-image":"","background-repeat":"repeat","background-position":"center center","background-size":"auto","background-attachment":"scroll","background-type":"","background-media":"","overlay-type":"","overlay-color":"","overlay-opacity":"","overlay-gradient":""},"tablet":{"background-color":"","background-image":"","background-repeat":"repeat","background-position":"center center","background-size":"auto","background-attachment":"scroll","background-type":"","background-media":"","overlay-type":"","overlay-color":"","overlay-opacity":"","overlay-gradient":""},"mobile":{"background-color":"","background-image":"","background-repeat":"repeat","background-position":"center center","background-size":"auto","background-attachment":"scroll","background-type":"","background-media":"","overlay-type":"","overlay-color":"","overlay-opacity":"","overlay-gradient":""}},"ast-content-background-meta":{"desktop":{"background-color":"var(--ast-global-color-4)","background-image":"","background-repeat":"repeat","background-position":"center center","background-size":"auto","background-attachment":"scroll","background-type":"","background-media":"","overlay-type":"","overlay-color":"","overlay-opacity":"","overlay-gradient":""},"tablet":{"background-color":"var(--ast-global-color-4)","background-image":"","background-repeat":"repeat","background-position":"center center","background-size":"auto","background-attachment":"scroll","background-type":"","background-media":"","overlay-type":"","overlay-color":"","overlay-opacity":"","overlay-gradient":""},"mobile":{"background-color":"var(--ast-global-color-4)","background-image":"","background-repeat":"repeat","background-position":"center center","background-size":"auto","background-attachment":"scroll","background-type":"","background-media":"","overlay-type":"","overlay-color":"","overlay-opacity":"","overlay-gradient":""}},"footnotes":""},"class_list":["post-12592","page","type-page","status-publish","hentry"],"_links":{"self":[{"href":"https:\/\/nova.agraart.pl\/en\/wp-json\/wp\/v2\/pages\/12592","targetHints":{"allow":["GET"]}}],"collection":[{"href":"https:\/\/nova.agraart.pl\/en\/wp-json\/wp\/v2\/pages"}],"about":[{"href":"https:\/\/nova.agraart.pl\/en\/wp-json\/wp\/v2\/types\/page"}],"author":[{"embeddable":true,"href":"https:\/\/nova.agraart.pl\/en\/wp-json\/wp\/v2\/users\/2"}],"replies":[{"embeddable":true,"href":"https:\/\/nova.agraart.pl\/en\/wp-json\/wp\/v2\/comments?post=12592"}],"version-history":[{"count":1,"href":"https:\/\/nova.agraart.pl\/en\/wp-json\/wp\/v2\/pages\/12592\/revisions"}],"predecessor-version":[{"id":17870,"href":"https:\/\/nova.agraart.pl\/en\/wp-json\/wp\/v2\/pages\/12592\/revisions\/17870"}],"wp:attachment":[{"href":"https:\/\/nova.agraart.pl\/en\/wp-json\/wp\/v2\/media?parent=12592"}],"curies":[{"name":"wp","href":"https:\/\/api.w.org\/{rel}","templated":true}]}}