{"id":12316,"date":"2021-05-24T20:39:24","date_gmt":"2021-05-24T18:39:24","guid":{"rendered":"https:\/\/nova.agraart.pl\/?page_id=12316"},"modified":"2022-07-28T12:40:07","modified_gmt":"2022-07-28T10:40:07","slug":"polityka-zwrotow","status":"publish","type":"page","link":"https:\/\/nova.agraart.pl\/en\/polityka-zwrotow\/","title":{"rendered":"Returns Policy"},"content":{"rendered":"<div class=\"wpb-content-wrapper\"><div class=\"vc_row wpb_row vc_row-fluid vc_custom_1621881788673\"><div class=\"wpb_column vc_column_container vc_col-sm-12\"><div class=\"vc_column-inner\"><div class=\"wpb_wrapper\">\n\t<div class=\"wpb_text_column wpb_content_element\" >\n\t\t<div class=\"wpb_wrapper\">\n\t\t\t<h4>RETURN POLICY<\/h4>\n<p>&nbsp;<\/p>\n<p>A customer making a purchase as a consumer (a natural person who acquires goods for purposes unrelated to business activity) who has concluded a distance contract through Galeria Agra-Art SA (Seller), regardless of the form of delivery or receipt of the goods, may withdraw from this contract without giving reasons by submitting an appropriate written declaration within fourteen days from the date of delivery of the goods that are the subject of this contract.<\/p>\n<p>To meet this deadline, it is sufficient to send the customer an appropriate statement to the Seller before the deadline expires.<\/p>\n<p>The statement can be <a href=\"https:\/\/nova.agraart.pl\/wp-content\/uploads\/2021\/05\/oswiaczenie_o_odstapieniu.pdf\" target=\"_blank\" rel=\"noopener\">download here<\/a>.<\/p>\n<p>The returned item should be sent to the following address:<br \/>\nAgra-Art SA,<br \/>\nWilcza 70,<br \/>\n00-670 Warsaw.<\/p>\n<p>The due funds will be returned to the Customer&#039;s account within 14 days from the date of delivery of the package.<\/p>\n\n\t\t<\/div>\n\t<\/div>\n<\/div><\/div><\/div><\/div>\n<\/div>","protected":false},"excerpt":{"rendered":"POLITYKA ZWROT\u00d3W &nbsp; Klient dokonuj\u0105cy zakupu jako konsument (osoba fizyczna, kt\u00f3ra nabywa towar w celu niezwi\u0105zanym z dzia\u0142alno\u015bci\u0105 gospodarcz\u0105), kt\u00f3ry [...]","protected":false},"author":2,"featured_media":0,"parent":0,"menu_order":0,"comment_status":"closed","ping_status":"closed","template":"templates\/page-sidebar.php","meta":{"site-sidebar-layout":"no-sidebar","site-content-layout":"plain-container","ast-site-content-layout":"default","site-content-style":"default","site-sidebar-style":"default","ast-global-header-display":"","ast-banner-title-visibility":"","ast-main-header-display":"","ast-hfb-above-header-display":"","ast-hfb-below-header-display":"","ast-hfb-mobile-header-display":"","site-post-title":"disabled","ast-breadcrumbs-content":"","ast-featured-img":"disabled","footer-sml-layout":"","theme-transparent-header-meta":"","adv-header-id-meta":"","stick-header-meta":"","header-above-stick-meta":"","header-main-stick-meta":"","header-below-stick-meta":"","astra-migrate-meta-layouts":"default","ast-page-background-enabled":"default","ast-page-background-meta":{"desktop":{"background-color":"var(--ast-global-color-5)","background-image":"","background-repeat":"repeat","background-position":"center center","background-size":"auto","background-attachment":"scroll","background-type":"","background-media":"","overlay-type":"","overlay-color":"","overlay-opacity":"","overlay-gradient":""},"tablet":{"background-color":"","background-image":"","background-repeat":"repeat","background-position":"center center","background-size":"auto","background-attachment":"scroll","background-type":"","background-media":"","overlay-type":"","overlay-color":"","overlay-opacity":"","overlay-gradient":""},"mobile":{"background-color":"","background-image":"","background-repeat":"repeat","background-position":"center center","background-size":"auto","background-attachment":"scroll","background-type":"","background-media":"","overlay-type":"","overlay-color":"","overlay-opacity":"","overlay-gradient":""}},"ast-content-background-meta":{"desktop":{"background-color":"var(--ast-global-color-4)","background-image":"","background-repeat":"repeat","background-position":"center center","background-size":"auto","background-attachment":"scroll","background-type":"","background-media":"","overlay-type":"","overlay-color":"","overlay-opacity":"","overlay-gradient":""},"tablet":{"background-color":"var(--ast-global-color-4)","background-image":"","background-repeat":"repeat","background-position":"center center","background-size":"auto","background-attachment":"scroll","background-type":"","background-media":"","overlay-type":"","overlay-color":"","overlay-opacity":"","overlay-gradient":""},"mobile":{"background-color":"var(--ast-global-color-4)","background-image":"","background-repeat":"repeat","background-position":"center center","background-size":"auto","background-attachment":"scroll","background-type":"","background-media":"","overlay-type":"","overlay-color":"","overlay-opacity":"","overlay-gradient":""}},"footnotes":""},"class_list":["post-12316","page","type-page","status-publish","hentry"],"_links":{"self":[{"href":"https:\/\/nova.agraart.pl\/en\/wp-json\/wp\/v2\/pages\/12316","targetHints":{"allow":["GET"]}}],"collection":[{"href":"https:\/\/nova.agraart.pl\/en\/wp-json\/wp\/v2\/pages"}],"about":[{"href":"https:\/\/nova.agraart.pl\/en\/wp-json\/wp\/v2\/types\/page"}],"author":[{"embeddable":true,"href":"https:\/\/nova.agraart.pl\/en\/wp-json\/wp\/v2\/users\/2"}],"replies":[{"embeddable":true,"href":"https:\/\/nova.agraart.pl\/en\/wp-json\/wp\/v2\/comments?post=12316"}],"version-history":[{"count":0,"href":"https:\/\/nova.agraart.pl\/en\/wp-json\/wp\/v2\/pages\/12316\/revisions"}],"wp:attachment":[{"href":"https:\/\/nova.agraart.pl\/en\/wp-json\/wp\/v2\/media?parent=12316"}],"curies":[{"name":"wp","href":"https:\/\/api.w.org\/{rel}","templated":true}]}}